{"id":980,"date":"2015-05-19T06:32:18","date_gmt":"2015-05-19T06:32:18","guid":{"rendered":"http:\/\/www.moncisa.com\/?page_id=980"},"modified":"2018-07-12T08:46:35","modified_gmt":"2018-07-12T08:46:35","slug":"politica-de-privacidad-curriculum-vitae-montajes","status":"publish","type":"page","link":"https:\/\/www.moncisa.com\/en\/politica-de-privacidad-curriculum-vitae-montajes\/","title":{"rendered":"Informaci\u00f3n para el tratamiento de datos personales con finalidad de candidato a empleado"},"content":{"rendered":"<p>MONTAJES Y OBRA CIVIL SA es el Responsable del tratamiento de los datos personales del interesado y le informa que estos datos ser\u00e1n tratados de conformidad con lo dispuesto en el Reglamento (UE) 2016\/679 de 27 de abril de 2016 (GDPR), por lo que se le facilita la siguiente informaci\u00f3n del tratamiento:<\/p>\n<p>Fin del tratamiento: hacer part\u00edcipe al interesado en los procesos de selecci\u00f3n de personal, llevando a cabo un an\u00e1lisis del perfil del solicitante con el objetivo de seleccionar al mejor candidato para el puesto vacante del Responsable.<\/p>\n<p>Registro de curr\u00edculums: le informamos que \u00e9ste es el \u00fanico procedimiento oficial para aceptar su curr\u00edculum, por lo que no se aceptar\u00e1n los curr\u00edculum remitidos por otro procedimiento diferente.<\/p>\n<p>Criterios de conservaci\u00f3n de los datos: se conservar\u00e1n durante un plazo m\u00e1ximo de un a\u00f1o, transcurrido el cual se proceder\u00e1 a la supresi\u00f3n de los datos garantiz\u00e1ndole un total respeto a la confidencialidad tanto en el tratamiento como en su posterior destrucci\u00f3n. En este sentido, transcurrido el citado plazo, y si desea continuar participando en los procesos de selecci\u00f3n del Responsable, le rogamos nos remita nuevamente su curr\u00edculum.<\/p>\n<p>Actualizaci\u00f3n de los datos: En caso de producirse alguna modificaci\u00f3n en sus datos, le rogamos nos lo comunique por escrito lo antes posible, con objeto de mantener sus datos debidamente actualizados.<\/p>\n<p>Comunicaci\u00f3n de los datos: se podr\u00e1n tratar y\/o comunicar a las empresas integrantes de nuestro grupo (cuyas direcciones figuran en esta misma p\u00e1gina web), durante el tiempo de conservaci\u00f3n de su curr\u00edculum y para los mismos fines antes informados.<\/p>\n<p>Derechos que asisten al Interesado:<\/p>\n<p>&#8211; Derecho a retirar el consentimiento en cualquier momento.<br \/>\n&#8211; Derecho de acceso, rectificaci\u00f3n, portabilidad y supresi\u00f3n de sus datos y a la limitaci\u00f3n u oposici\u00f3n a su tratamiento.<br \/>\n&#8211; Derecho a presentar una reclamaci\u00f3n ante la Autoridad de control (agpd.es) si considera que el tratamiento no se ajusta a la normativa vigente.<\/p>\n<p>Datos de contacto para ejercer sus derechos: MONTAJES Y OBRA CIVIL SA. Pol. Ind. Falmuria Nave 39, 33438 Carre\u00f1o (ASTURIAS). Email: moncisa@moncisa.com.<\/p>\n","protected":false},"excerpt":{"rendered":"<p>MONTAJES Y OBRA CIVIL SA es el Responsable del tratamiento de los datos personales del interesado y le informa que estos datos ser\u00e1n tratados de conformidad con lo dispuesto en el Reglamento (UE) 2016\/679 de 27 de abril de 2016&hellip; <\/p>\n","protected":false},"author":1,"featured_media":0,"parent":0,"menu_order":0,"comment_status":"closed","ping_status":"closed","template":"","meta":{"footnotes":""},"categories":[],"tags":[],"class_list":["post-980","page","type-page","status-publish","hentry"],"translation":{"provider":"WPGlobus","version":"3.0.2","language":"en","enabled_languages":["es","en"],"languages":{"es":{"title":true,"content":true,"excerpt":false},"en":{"title":false,"content":false,"excerpt":false}}},"_links":{"self":[{"href":"https:\/\/www.moncisa.com\/en\/wp-json\/wp\/v2\/pages\/980","targetHints":{"allow":["GET"]}}],"collection":[{"href":"https:\/\/www.moncisa.com\/en\/wp-json\/wp\/v2\/pages"}],"about":[{"href":"https:\/\/www.moncisa.com\/en\/wp-json\/wp\/v2\/types\/page"}],"author":[{"embeddable":true,"href":"https:\/\/www.moncisa.com\/en\/wp-json\/wp\/v2\/users\/1"}],"replies":[{"embeddable":true,"href":"https:\/\/www.moncisa.com\/en\/wp-json\/wp\/v2\/comments?post=980"}],"version-history":[{"count":6,"href":"https:\/\/www.moncisa.com\/en\/wp-json\/wp\/v2\/pages\/980\/revisions"}],"predecessor-version":[{"id":1525,"href":"https:\/\/www.moncisa.com\/en\/wp-json\/wp\/v2\/pages\/980\/revisions\/1525"}],"wp:attachment":[{"href":"https:\/\/www.moncisa.com\/en\/wp-json\/wp\/v2\/media?parent=980"}],"wp:term":[{"taxonomy":"category","embeddable":true,"href":"https:\/\/www.moncisa.com\/en\/wp-json\/wp\/v2\/categories?post=980"},{"taxonomy":"post_tag","embeddable":true,"href":"https:\/\/www.moncisa.com\/en\/wp-json\/wp\/v2\/tags?post=980"}],"curies":[{"name":"wp","href":"https:\/\/api.w.org\/{rel}","templated":true}]}}