{"id":661,"date":"2015-01-29T12:26:15","date_gmt":"2015-01-29T12:26:15","guid":{"rendered":"http:\/\/www.moncisa.com\/nueva\/?page_id=661"},"modified":"2015-02-06T09:29:27","modified_gmt":"2015-02-06T09:29:27","slug":"montaje-de-sistema-de-interfonia-megafnia-y-datos-de-regasificadora-enagas-en-el-musel","status":"publish","type":"page","link":"https:\/\/www.moncisa.com\/en\/trabajos\/experiencia\/montaje-de-sistema-de-interfonia-megafnia-y-datos-de-regasificadora-enagas-en-el-musel\/","title":{"rendered":"Montaje de sistema de interfon\u00eda, megafon\u00eda y datos de regasificadora ENAG\u00c1S en el MUSEL"},"content":{"rendered":"<p>Tendido y cableado de Sistema de Comunicaciones, montaje de equipos y obra civil necesaria en GNL Puerto El Musel (Gij\u00f3n)<\/p>\n<p>Trabajos realizados:<\/p>\n<ul>\n<li>Instalaci\u00f3n de tubo corrugado subterraneo<\/li>\n<li>Tendido de fibra \u00f3ptica<\/li>\n<li>Tendido de manguera de pares<\/li>\n<li>Tendido de UTP y FTP<\/li>\n<li>Tendido de cable el\u00e9ctrico<\/li>\n<li>Instalaci\u00f3n de l\u00edneas de tierra<\/li>\n<li>Instalaci\u00f3n de altavoces y equipos ATEX<\/li>\n<li>Instalaci\u00f3n de puestos de telefon\u00eda de emergencia<\/li>\n<li>Instalaci\u00f3n de puestos de interfon\u00eda<\/li>\n<li>Instalaci\u00f3n de tomas de telefon\u00eda y datos<\/li>\n<li>Montaje e instalaci\u00f3n de racks<\/li>\n<li>Suministro de herrajes a medida<\/li>\n<li>Mecanizado de estructuras<\/li>\n<li>Megado de l\u00edneas de megafon\u00eda<\/li>\n<\/ul>\n[Best_Wordpress_Gallery id=&#8221;8&#8243; gal_title=&#8221;MONTAJE SISTEMA DE INTERFON\u00cdA, MEGAFON\u00cdA Y DATOS DE REGASIFICADORA&#8221;]\n","protected":false},"excerpt":{"rendered":"<p>Tendido y cableado de Sistema de Comunicaciones, montaje de equipos y obra civil necesaria en GNL Puerto El Musel (Gij\u00f3n) Trabajos realizados: Instalaci\u00f3n de tubo corrugado subterraneo Tendido de fibra \u00f3ptica Tendido de manguera de pares Tendido de UTP y&hellip; <\/p>\n","protected":false},"author":1,"featured_media":662,"parent":41,"menu_order":0,"comment_status":"closed","ping_status":"closed","template":"","meta":{"footnotes":""},"categories":[6],"tags":[],"class_list":["post-661","page","type-page","status-publish","has-post-thumbnail","hentry","category-experiencia-telecomunicaciones"],"translation":{"provider":"WPGlobus","version":"3.0.2","language":"en","enabled_languages":["es","en"],"languages":{"es":{"title":true,"content":true,"excerpt":false},"en":{"title":false,"content":false,"excerpt":false}}},"_links":{"self":[{"href":"https:\/\/www.moncisa.com\/en\/wp-json\/wp\/v2\/pages\/661","targetHints":{"allow":["GET"]}}],"collection":[{"href":"https:\/\/www.moncisa.com\/en\/wp-json\/wp\/v2\/pages"}],"about":[{"href":"https:\/\/www.moncisa.com\/en\/wp-json\/wp\/v2\/types\/page"}],"author":[{"embeddable":true,"href":"https:\/\/www.moncisa.com\/en\/wp-json\/wp\/v2\/users\/1"}],"replies":[{"embeddable":true,"href":"https:\/\/www.moncisa.com\/en\/wp-json\/wp\/v2\/comments?post=661"}],"version-history":[{"count":3,"href":"https:\/\/www.moncisa.com\/en\/wp-json\/wp\/v2\/pages\/661\/revisions"}],"predecessor-version":[{"id":854,"href":"https:\/\/www.moncisa.com\/en\/wp-json\/wp\/v2\/pages\/661\/revisions\/854"}],"up":[{"embeddable":true,"href":"https:\/\/www.moncisa.com\/en\/wp-json\/wp\/v2\/pages\/41"}],"wp:featuredmedia":[{"embeddable":true,"href":"https:\/\/www.moncisa.com\/en\/wp-json\/wp\/v2\/media\/662"}],"wp:attachment":[{"href":"https:\/\/www.moncisa.com\/en\/wp-json\/wp\/v2\/media?parent=661"}],"wp:term":[{"taxonomy":"category","embeddable":true,"href":"https:\/\/www.moncisa.com\/en\/wp-json\/wp\/v2\/categories?post=661"},{"taxonomy":"post_tag","embeddable":true,"href":"https:\/\/www.moncisa.com\/en\/wp-json\/wp\/v2\/tags?post=661"}],"curies":[{"name":"wp","href":"https:\/\/api.w.org\/{rel}","templated":true}]}}