{"id":655,"date":"2015-01-29T12:24:00","date_gmt":"2015-01-29T12:24:00","guid":{"rendered":"http:\/\/www.moncisa.com\/nueva\/?page_id=655"},"modified":"2015-02-06T09:30:19","modified_gmt":"2015-02-06T09:30:19","slug":"montaje-de-cableado-estructurado-para-pymes-varios-trabajos","status":"publish","type":"page","link":"https:\/\/www.moncisa.com\/en\/trabajos\/experiencia\/montaje-de-cableado-estructurado-para-pymes-varios-trabajos\/","title":{"rendered":"Montaje y mantenimiento de cableado estructurado para PYMES (varios trabajos)"},"content":{"rendered":"<p>Disponemos de un Departamento Inform\u00e1tico especializado en la instalaci\u00f3n, gesti\u00f3n y mantenimiento de todo tipo de redes de cableado e infraestructuras para comunicaciones.<\/p>\n<p>Tenemos experiencia en el dise\u00f1o y puesta en marcha de redes VPN en sedes de diferentes provincias.<\/p>\n[Best_Wordpress_Gallery id=&#8221;6&#8243; gal_title=&#8221;MONTAJE DE CABLEADO ESTRUCTURADO PARA PYMES&#8221;]\n","protected":false},"excerpt":{"rendered":"<p>Disponemos de un Departamento Inform\u00e1tico especializado en la instalaci\u00f3n, gesti\u00f3n y mantenimiento de todo tipo de redes de cableado e infraestructuras para comunicaciones. Tenemos experiencia en el dise\u00f1o y puesta en marcha de redes VPN en sedes de diferentes provincias.&hellip; <\/p>\n","protected":false},"author":1,"featured_media":656,"parent":41,"menu_order":0,"comment_status":"closed","ping_status":"closed","template":"","meta":{"footnotes":""},"categories":[6],"tags":[],"class_list":["post-655","page","type-page","status-publish","has-post-thumbnail","hentry","category-experiencia-telecomunicaciones"],"translation":{"provider":"WPGlobus","version":"3.0.2","language":"en","enabled_languages":["es","en"],"languages":{"es":{"title":true,"content":true,"excerpt":false},"en":{"title":false,"content":false,"excerpt":false}}},"_links":{"self":[{"href":"https:\/\/www.moncisa.com\/en\/wp-json\/wp\/v2\/pages\/655","targetHints":{"allow":["GET"]}}],"collection":[{"href":"https:\/\/www.moncisa.com\/en\/wp-json\/wp\/v2\/pages"}],"about":[{"href":"https:\/\/www.moncisa.com\/en\/wp-json\/wp\/v2\/types\/page"}],"author":[{"embeddable":true,"href":"https:\/\/www.moncisa.com\/en\/wp-json\/wp\/v2\/users\/1"}],"replies":[{"embeddable":true,"href":"https:\/\/www.moncisa.com\/en\/wp-json\/wp\/v2\/comments?post=655"}],"version-history":[{"count":2,"href":"https:\/\/www.moncisa.com\/en\/wp-json\/wp\/v2\/pages\/655\/revisions"}],"predecessor-version":[{"id":871,"href":"https:\/\/www.moncisa.com\/en\/wp-json\/wp\/v2\/pages\/655\/revisions\/871"}],"up":[{"embeddable":true,"href":"https:\/\/www.moncisa.com\/en\/wp-json\/wp\/v2\/pages\/41"}],"wp:featuredmedia":[{"embeddable":true,"href":"https:\/\/www.moncisa.com\/en\/wp-json\/wp\/v2\/media\/656"}],"wp:attachment":[{"href":"https:\/\/www.moncisa.com\/en\/wp-json\/wp\/v2\/media?parent=655"}],"wp:term":[{"taxonomy":"category","embeddable":true,"href":"https:\/\/www.moncisa.com\/en\/wp-json\/wp\/v2\/categories?post=655"},{"taxonomy":"post_tag","embeddable":true,"href":"https:\/\/www.moncisa.com\/en\/wp-json\/wp\/v2\/tags?post=655"}],"curies":[{"name":"wp","href":"https:\/\/api.w.org\/{rel}","templated":true}]}}