{"id":649,"date":"2015-01-29T12:18:29","date_gmt":"2015-01-29T12:18:29","guid":{"rendered":"http:\/\/www.moncisa.com\/nueva\/?page_id=649"},"modified":"2015-02-06T09:30:52","modified_gmt":"2015-02-06T09:30:52","slug":"obra-civil-para-instalacion-cctv-y-alarma-de-regasificadora-enagas","status":"publish","type":"page","link":"https:\/\/www.moncisa.com\/en\/trabajos\/experiencia\/obra-civil-para-instalacion-cctv-y-alarma-de-regasificadora-enagas\/","title":{"rendered":"Obra civil para instalaci\u00f3n CCTV y alarma de regasificadora ENAG\u00c1S"},"content":{"rendered":"<p>Construcci\u00f3n de la obra civil necesaria para la instalaci\u00f3n de un sistema protecci\u00f3n perimetral mediante sistemas de detecci\u00f3n por micro-\u00f3ndas y CCTV.<br \/>\nEl uso de esta infraestructura debe permitir la combinaci\u00f3n de la alimentaci\u00f3n el\u00e9ctrica, y las comunicaciones mediante fibra \u00f3ptica y cables coaxiales.<\/p>\n<span class=\"su-frame su-frame-align-center su-frame-style-default\"><span class=\"su-frame-inner\"><a href=\"http:\/\/www.moncisa.com\/wp-content\/uploads\/2015\/01\/OBRA-CIVIL-PARA-INSTALACI\u00d3N-CCTV-Y-ALARMA-DE-REGASIFICADORA-ENAG\u00c1S.jpg\"><img loading=\"lazy\" decoding=\"async\" class=\"alignnone wp-image-650 size-large\" src=\"http:\/\/www.moncisa.com\/wp-content\/uploads\/2015\/01\/OBRA-CIVIL-PARA-INSTALACI\u00d3N-CCTV-Y-ALARMA-DE-REGASIFICADORA-ENAG\u00c1S-642x300.jpg\" alt=\"OBRA CIVIL PARA INSTALACI\u00d3N CCTV Y ALARMA DE REGASIFICADORA ENAG\u00c1S\" width=\"642\" height=\"300\" \/><\/a><\/span><\/span>\n","protected":false},"excerpt":{"rendered":"<p>Construcci\u00f3n de la obra civil necesaria para la instalaci\u00f3n de un sistema protecci\u00f3n perimetral mediante sistemas de detecci\u00f3n por micro-\u00f3ndas y CCTV. El uso de esta infraestructura debe permitir la combinaci\u00f3n de la alimentaci\u00f3n el\u00e9ctrica, y las comunicaciones mediante fibra&hellip; <\/p>\n","protected":false},"author":1,"featured_media":650,"parent":41,"menu_order":0,"comment_status":"closed","ping_status":"closed","template":"","meta":{"footnotes":""},"categories":[6],"tags":[],"class_list":["post-649","page","type-page","status-publish","has-post-thumbnail","hentry","category-experiencia-telecomunicaciones"],"translation":{"provider":"WPGlobus","version":"3.0.2","language":"en","enabled_languages":["es","en"],"languages":{"es":{"title":true,"content":true,"excerpt":false},"en":{"title":false,"content":false,"excerpt":false}}},"_links":{"self":[{"href":"https:\/\/www.moncisa.com\/en\/wp-json\/wp\/v2\/pages\/649","targetHints":{"allow":["GET"]}}],"collection":[{"href":"https:\/\/www.moncisa.com\/en\/wp-json\/wp\/v2\/pages"}],"about":[{"href":"https:\/\/www.moncisa.com\/en\/wp-json\/wp\/v2\/types\/page"}],"author":[{"embeddable":true,"href":"https:\/\/www.moncisa.com\/en\/wp-json\/wp\/v2\/users\/1"}],"replies":[{"embeddable":true,"href":"https:\/\/www.moncisa.com\/en\/wp-json\/wp\/v2\/comments?post=649"}],"version-history":[{"count":2,"href":"https:\/\/www.moncisa.com\/en\/wp-json\/wp\/v2\/pages\/649\/revisions"}],"predecessor-version":[{"id":875,"href":"https:\/\/www.moncisa.com\/en\/wp-json\/wp\/v2\/pages\/649\/revisions\/875"}],"up":[{"embeddable":true,"href":"https:\/\/www.moncisa.com\/en\/wp-json\/wp\/v2\/pages\/41"}],"wp:featuredmedia":[{"embeddable":true,"href":"https:\/\/www.moncisa.com\/en\/wp-json\/wp\/v2\/media\/650"}],"wp:attachment":[{"href":"https:\/\/www.moncisa.com\/en\/wp-json\/wp\/v2\/media?parent=649"}],"wp:term":[{"taxonomy":"category","embeddable":true,"href":"https:\/\/www.moncisa.com\/en\/wp-json\/wp\/v2\/categories?post=649"},{"taxonomy":"post_tag","embeddable":true,"href":"https:\/\/www.moncisa.com\/en\/wp-json\/wp\/v2\/tags?post=649"}],"curies":[{"name":"wp","href":"https:\/\/api.w.org\/{rel}","templated":true}]}}