{"id":646,"date":"2015-01-29T12:16:58","date_gmt":"2015-01-29T12:16:58","guid":{"rendered":"http:\/\/www.moncisa.com\/nueva\/?page_id=646"},"modified":"2015-02-06T10:38:47","modified_gmt":"2015-02-06T10:38:47","slug":"obra-civil-para-despliegue-de-red-hfc-de-telecable","status":"publish","type":"page","link":"https:\/\/www.moncisa.com\/en\/trabajos\/experiencia\/obra-civil-para-despliegue-de-red-hfc-de-telecable\/","title":{"rendered":"Obra Civil para despliegue de red HFC de Telecable"},"content":{"rendered":"<p>Experiencia:<\/p>\n<ul>\n<li>A\u00f1os 2006\u00a0 a 2008<span class=\"su-frame su-frame-align-right su-frame-style-default\"><span class=\"su-frame-inner\"><a href=\"http:\/\/www.moncisa.com\/wp-content\/uploads\/2015\/01\/060.jpg\"><img loading=\"lazy\" decoding=\"async\" class=\"alignnone wp-image-820 \" src=\"http:\/\/www.moncisa.com\/wp-content\/uploads\/2015\/01\/060.jpg\" alt=\"\" width=\"500\" height=\"375\" \/><\/a><\/span><\/span>\n<ul>\n<li>Acondicionamiento de parcelas de terreno para la instalaci\u00f3n de las cabeceras de distribuci\u00f3n \u00a0la red ASTURC\u00d3N (Principado de Asturias)<\/li>\n<li>Acondicionamiento de locales en bajos comerciales para la instalaci\u00f3n de las cabeceras de distribuci\u00f3n de la red ASTURC\u00d3N\u00a0 (Principado de Asturias)<\/li>\n<li>Acondicionamiento de canalizaciones existentes para el despliegue de la red troncal de fibra \u00f3ptica de ASTURC\u00d3N (Principado de Asturias)<\/li>\n<li>Ejecuci\u00f3n de zanjas en n\u00facleos urbanos para el despliegue de la red de distribuci\u00f3n de fibra \u00f3ptica de ASTURC\u00d3N (Principado de Asturias)<\/li>\n<li>Ejecuci\u00f3n de arquetas en n\u00facleos urbanos para el despliegue de la red de distribuci\u00f3n de fibra \u00f3ptica de ASTURC\u00d3N (Principado de Asturias)<\/li>\n<\/ul>\n<\/li>\n<li>Desde 2005\n<ul>\n<li>Acondicionamiento de canalizaciones existentes para el despliegue de la red HFC de Telecable<\/li>\n<li>Ejecuci\u00f3n de zanjas en n\u00facleos urbanos para el despliegue de la red HFC de Telecable<\/li>\n<li>Ejecuci\u00f3n de arquetas en n\u00facleos urbanos para el despliegue de la red de HFC de Telecable<\/li>\n<\/ul>\n<\/li>\n<\/ul>\n<p>Herramienta:<\/p>\n<ul>\n<li>Disponemos de veh\u00edculos propios para la realizaci\u00f3n de estas labores (camiones, palas excavadoras, etc.)<\/li>\n<li>Disponemos de herramienta propia espec\u00edfica para la realizaci\u00f3n de estas labores<\/li>\n<\/ul>\n<p>&nbsp;<\/p>\n","protected":false},"excerpt":{"rendered":"<p>Experiencia: A\u00f1os 2006\u00a0 a 2008 Acondicionamiento de parcelas de terreno para la instalaci\u00f3n de las cabeceras de distribuci\u00f3n \u00a0la red ASTURC\u00d3N (Principado de Asturias) Acondicionamiento de locales en bajos comerciales para la instalaci\u00f3n de las cabeceras de distribuci\u00f3n de la&hellip; <\/p>\n","protected":false},"author":1,"featured_media":820,"parent":41,"menu_order":0,"comment_status":"closed","ping_status":"closed","template":"","meta":{"footnotes":""},"categories":[6],"tags":[],"class_list":["post-646","page","type-page","status-publish","has-post-thumbnail","hentry","category-experiencia-telecomunicaciones"],"translation":{"provider":"WPGlobus","version":"3.0.2","language":"en","enabled_languages":["es","en"],"languages":{"es":{"title":true,"content":true,"excerpt":false},"en":{"title":false,"content":false,"excerpt":false}}},"_links":{"self":[{"href":"https:\/\/www.moncisa.com\/en\/wp-json\/wp\/v2\/pages\/646","targetHints":{"allow":["GET"]}}],"collection":[{"href":"https:\/\/www.moncisa.com\/en\/wp-json\/wp\/v2\/pages"}],"about":[{"href":"https:\/\/www.moncisa.com\/en\/wp-json\/wp\/v2\/types\/page"}],"author":[{"embeddable":true,"href":"https:\/\/www.moncisa.com\/en\/wp-json\/wp\/v2\/users\/1"}],"replies":[{"embeddable":true,"href":"https:\/\/www.moncisa.com\/en\/wp-json\/wp\/v2\/comments?post=646"}],"version-history":[{"count":5,"href":"https:\/\/www.moncisa.com\/en\/wp-json\/wp\/v2\/pages\/646\/revisions"}],"predecessor-version":[{"id":894,"href":"https:\/\/www.moncisa.com\/en\/wp-json\/wp\/v2\/pages\/646\/revisions\/894"}],"up":[{"embeddable":true,"href":"https:\/\/www.moncisa.com\/en\/wp-json\/wp\/v2\/pages\/41"}],"wp:featuredmedia":[{"embeddable":true,"href":"https:\/\/www.moncisa.com\/en\/wp-json\/wp\/v2\/media\/820"}],"wp:attachment":[{"href":"https:\/\/www.moncisa.com\/en\/wp-json\/wp\/v2\/media?parent=646"}],"wp:term":[{"taxonomy":"category","embeddable":true,"href":"https:\/\/www.moncisa.com\/en\/wp-json\/wp\/v2\/categories?post=646"},{"taxonomy":"post_tag","embeddable":true,"href":"https:\/\/www.moncisa.com\/en\/wp-json\/wp\/v2\/tags?post=646"}],"curies":[{"name":"wp","href":"https:\/\/api.w.org\/{rel}","templated":true}]}}