{"id":643,"date":"2015-01-29T12:16:11","date_gmt":"2015-01-29T12:16:11","guid":{"rendered":"http:\/\/www.moncisa.com\/nueva\/?page_id=643"},"modified":"2015-02-06T09:29:16","modified_gmt":"2015-02-06T09:29:16","slug":"mantenimiento-preventivo-de-red-hfc-de-telecable","status":"publish","type":"page","link":"https:\/\/www.moncisa.com\/en\/trabajos\/experiencia\/mantenimiento-preventivo-de-red-hfc-de-telecable\/","title":{"rendered":"Mantenimiento preventivo de red HFC de Telecable"},"content":{"rendered":"<p>&nbsp;<\/p>\n<p>Servicio de Mantenimiento Preventivo con Cobertura Zonal de Telecable.<\/p>\n<p>Experiencia:<span class=\"su-frame su-frame-align-right su-frame-style-default\"><span class=\"su-frame-inner\"><a href=\"http:\/\/www.moncisa.com\/wp-content\/uploads\/2015\/01\/MANTENIMIENTO-PREVENTIVO-DE-RED-HFC-DE-TELECABLE.jpg\"><img loading=\"lazy\" decoding=\"async\" class=\"alignnone wp-image-644\" src=\"http:\/\/www.moncisa.com\/wp-content\/uploads\/2015\/01\/MANTENIMIENTO-PREVENTIVO-DE-RED-HFC-DE-TELECABLE.jpg\" alt=\"MANTENIMIENTO PREVENTIVO DE RED HFC DE TELECABLE\" width=\"567\" height=\"319\" \/><\/a><\/span><\/span>\n<ul>\n<li>Desde 2010<\/li>\n<\/ul>\n<p>Herramienta espec\u00edfica:<\/p>\n<ul>\n<li>Todos los t\u00e9cnicos cuentan con veh\u00edculo propio, medidor de campo SDA-5000, reflect\u00f3metro, comprobador de potencia \u00f3ptica, fusionadora de fibra \u00f3ptica, generador el\u00e9ctrico y PC port\u00e1til.<\/li>\n<\/ul>\n<p>Alcance:<\/p>\n<ul>\n<li>Resoluci\u00f3n de problemas de potencia, ruido el\u00e9ctrico o interferencias en la red de amplificaci\u00f3n y distribuci\u00f3n<\/li>\n<li>Resoluci\u00f3n de problemas de potencia en la red troncal<\/li>\n<li>Ecualizaci\u00f3n de nodos y cabeceras<\/li>\n<li>Ecualizaci\u00f3n de amplificadores<\/li>\n<li>Sustituci\u00f3n de equipos (tarjetas de cabecera, nodos, amplificadores o pasivos)<\/li>\n<li>Fijaci\u00f3n y sujeci\u00f3n de elementos en la v\u00eda p\u00fablica<\/li>\n<\/ul>\n","protected":false},"excerpt":{"rendered":"<p>&nbsp; Servicio de Mantenimiento Preventivo con Cobertura Zonal de Telecable. Experiencia: Desde 2010 Herramienta espec\u00edfica: Todos los t\u00e9cnicos cuentan con veh\u00edculo propio, medidor de campo SDA-5000, reflect\u00f3metro, comprobador de potencia \u00f3ptica, fusionadora de fibra \u00f3ptica, generador el\u00e9ctrico y PC port\u00e1til.&hellip; <\/p>\n","protected":false},"author":1,"featured_media":644,"parent":41,"menu_order":0,"comment_status":"closed","ping_status":"closed","template":"","meta":{"footnotes":""},"categories":[6],"tags":[],"class_list":["post-643","page","type-page","status-publish","has-post-thumbnail","hentry","category-experiencia-telecomunicaciones"],"translation":{"provider":"WPGlobus","version":"3.0.2","language":"en","enabled_languages":["es","en"],"languages":{"es":{"title":true,"content":true,"excerpt":false},"en":{"title":false,"content":false,"excerpt":false}}},"_links":{"self":[{"href":"https:\/\/www.moncisa.com\/en\/wp-json\/wp\/v2\/pages\/643","targetHints":{"allow":["GET"]}}],"collection":[{"href":"https:\/\/www.moncisa.com\/en\/wp-json\/wp\/v2\/pages"}],"about":[{"href":"https:\/\/www.moncisa.com\/en\/wp-json\/wp\/v2\/types\/page"}],"author":[{"embeddable":true,"href":"https:\/\/www.moncisa.com\/en\/wp-json\/wp\/v2\/users\/1"}],"replies":[{"embeddable":true,"href":"https:\/\/www.moncisa.com\/en\/wp-json\/wp\/v2\/comments?post=643"}],"version-history":[{"count":7,"href":"https:\/\/www.moncisa.com\/en\/wp-json\/wp\/v2\/pages\/643\/revisions"}],"predecessor-version":[{"id":850,"href":"https:\/\/www.moncisa.com\/en\/wp-json\/wp\/v2\/pages\/643\/revisions\/850"}],"up":[{"embeddable":true,"href":"https:\/\/www.moncisa.com\/en\/wp-json\/wp\/v2\/pages\/41"}],"wp:featuredmedia":[{"embeddable":true,"href":"https:\/\/www.moncisa.com\/en\/wp-json\/wp\/v2\/media\/644"}],"wp:attachment":[{"href":"https:\/\/www.moncisa.com\/en\/wp-json\/wp\/v2\/media?parent=643"}],"wp:term":[{"taxonomy":"category","embeddable":true,"href":"https:\/\/www.moncisa.com\/en\/wp-json\/wp\/v2\/categories?post=643"},{"taxonomy":"post_tag","embeddable":true,"href":"https:\/\/www.moncisa.com\/en\/wp-json\/wp\/v2\/tags?post=643"}],"curies":[{"name":"wp","href":"https:\/\/api.w.org\/{rel}","templated":true}]}}