{"id":640,"date":"2015-01-29T12:15:08","date_gmt":"2015-01-29T12:15:08","guid":{"rendered":"http:\/\/www.moncisa.com\/nueva\/?page_id=640"},"modified":"2015-02-06T09:29:08","modified_gmt":"2015-02-06T09:29:08","slug":"mantenimiento-de-red-de-fibra-optica-de-edp","status":"publish","type":"page","link":"https:\/\/www.moncisa.com\/en\/trabajos\/experiencia\/mantenimiento-de-red-de-fibra-optica-de-edp\/","title":{"rendered":"Mantenimiento de red de fibra \u00f3ptica de EDP"},"content":{"rendered":"<p>Mantenimiento y extensi\u00f3n de la red de comunicaciones sobre fibra \u00f3ptica.<br \/>\nLa red discurre por canalizaciones subterr\u00e1neas y apoyos de alta tensi\u00f3n con cables ADSS y OPGW<br \/>\nSe realizan las cajas de empalme en estos entornos y los repartidores\u00a0 en Subestaciones y Centros de transformaci\u00f3n<\/p>\n[Best_Wordpress_Gallery id=&#8221;15&#8243; gal_title=&#8221;F.O. EDP&#8221;]\n","protected":false},"excerpt":{"rendered":"<p>Mantenimiento y extensi\u00f3n de la red de comunicaciones sobre fibra \u00f3ptica. La red discurre por canalizaciones subterr\u00e1neas y apoyos de alta tensi\u00f3n con cables ADSS y OPGW Se realizan las cajas de empalme en estos entornos y los repartidores\u00a0 en&hellip; <\/p>\n","protected":false},"author":1,"featured_media":641,"parent":41,"menu_order":0,"comment_status":"closed","ping_status":"closed","template":"","meta":{"footnotes":""},"categories":[6],"tags":[],"class_list":["post-640","page","type-page","status-publish","has-post-thumbnail","hentry","category-experiencia-telecomunicaciones"],"translation":{"provider":"WPGlobus","version":"3.0.2","language":"en","enabled_languages":["es","en"],"languages":{"es":{"title":true,"content":true,"excerpt":false},"en":{"title":false,"content":false,"excerpt":false}}},"_links":{"self":[{"href":"https:\/\/www.moncisa.com\/en\/wp-json\/wp\/v2\/pages\/640","targetHints":{"allow":["GET"]}}],"collection":[{"href":"https:\/\/www.moncisa.com\/en\/wp-json\/wp\/v2\/pages"}],"about":[{"href":"https:\/\/www.moncisa.com\/en\/wp-json\/wp\/v2\/types\/page"}],"author":[{"embeddable":true,"href":"https:\/\/www.moncisa.com\/en\/wp-json\/wp\/v2\/users\/1"}],"replies":[{"embeddable":true,"href":"https:\/\/www.moncisa.com\/en\/wp-json\/wp\/v2\/comments?post=640"}],"version-history":[{"count":4,"href":"https:\/\/www.moncisa.com\/en\/wp-json\/wp\/v2\/pages\/640\/revisions"}],"predecessor-version":[{"id":878,"href":"https:\/\/www.moncisa.com\/en\/wp-json\/wp\/v2\/pages\/640\/revisions\/878"}],"up":[{"embeddable":true,"href":"https:\/\/www.moncisa.com\/en\/wp-json\/wp\/v2\/pages\/41"}],"wp:featuredmedia":[{"embeddable":true,"href":"https:\/\/www.moncisa.com\/en\/wp-json\/wp\/v2\/media\/641"}],"wp:attachment":[{"href":"https:\/\/www.moncisa.com\/en\/wp-json\/wp\/v2\/media?parent=640"}],"wp:term":[{"taxonomy":"category","embeddable":true,"href":"https:\/\/www.moncisa.com\/en\/wp-json\/wp\/v2\/categories?post=640"},{"taxonomy":"post_tag","embeddable":true,"href":"https:\/\/www.moncisa.com\/en\/wp-json\/wp\/v2\/tags?post=640"}],"curies":[{"name":"wp","href":"https:\/\/api.w.org\/{rel}","templated":true}]}}