{"id":634,"date":"2015-01-29T12:12:59","date_gmt":"2015-01-29T12:12:59","guid":{"rendered":"http:\/\/www.moncisa.com\/nueva\/?page_id=634"},"modified":"2015-02-06T09:11:21","modified_gmt":"2015-02-06T09:11:21","slug":"instalacion-y-puesta-en-marcha-de-nodos-hfc-de-telecable","status":"publish","type":"page","link":"https:\/\/www.moncisa.com\/en\/trabajos\/experiencia\/instalacion-y-puesta-en-marcha-de-nodos-hfc-de-telecable\/","title":{"rendered":"Instalaci\u00f3n y puesta en marcha de nodos HFC de Telecable"},"content":{"rendered":"<p>Servicio de instalaci\u00f3n y puesta en marcha de nodos HFC de Telecable.<\/p>\n<p>Experiencia:<span class=\"su-frame su-frame-align-right su-frame-style-default\"><span class=\"su-frame-inner\"><a href=\"http:\/\/www.moncisa.com\/wp-content\/uploads\/2015\/01\/INSTALACI\u00d3N-Y-PUESTA-EN-MARCHA-DE-NODOS-HFC-DE-TELECABLE.jpg\"><img loading=\"lazy\" decoding=\"async\" class=\"alignnone  wp-image-635\" src=\"http:\/\/www.moncisa.com\/wp-content\/uploads\/2015\/01\/INSTALACI\u00d3N-Y-PUESTA-EN-MARCHA-DE-NODOS-HFC-DE-TELECABLE.jpg\" alt=\"INSTALACI\u00d3N Y PUESTA EN MARCHA DE NODOS HFC DE TELECABLE\" width=\"432\" height=\"323\" \/><\/a><\/span><\/span>\n<ul>\n<li>Desde 2005 en el despliegue de nuevas \u00e1reas que lo requieran<\/li>\n<li>2013: proyecto de sustituci\u00f3n masiva de nodos<\/li>\n<li>2013: proyecto de sustituci\u00f3n de SAIs de nodos<\/li>\n<\/ul>\n<p>Herramienta espec\u00edfica:<\/p>\n<ul>\n<li>Todos los t\u00e9cnicos cuentan con veh\u00edculo propio, medidor de campo SDA-5000, medidor de potencia \u00f3ptica, generador el\u00e9ctrico y otra peque\u00f1a herramienta.<\/li>\n<li>Se dispone de la maquinaria y los medios auxiliares necesarios para los trabajos (cami\u00f3n cesta, portabobinas, tiradoras y frenadoras de cable, andamios, p\u00e9rtigas y l\u00edneas de vida, etc.)<\/li>\n<\/ul>\n<p>Alcance:<\/p>\n<ul>\n<li>Obra civil necesaria para armarios y canalizaciones<\/li>\n<li>Mecanizado de cajas y herrajes<\/li>\n<li>Conectorizaci\u00f3n y medici\u00f3n de fibras \u00f3pticas<\/li>\n<li>Instalaci\u00f3n de fuentes de alimentaci\u00f3n y SAIs<\/li>\n<li>Reorganizaci\u00f3n de racks y cuadros el\u00e9ctricos<\/li>\n<li>Ecualizaci\u00f3n del nodo (saltos \u00f3pticos, saltos internos, niveles de salida)<\/li>\n<li>Conectorizaci\u00f3n de cables coaxiales e instalaci\u00f3n de pasivos<\/li>\n<\/ul>\n<p>&nbsp;<\/p>\n","protected":false},"excerpt":{"rendered":"<p>Servicio de instalaci\u00f3n y puesta en marcha de nodos HFC de Telecable. Experiencia: Desde 2005 en el despliegue de nuevas \u00e1reas que lo requieran 2013: proyecto de sustituci\u00f3n masiva de nodos 2013: proyecto de sustituci\u00f3n de SAIs de nodos Herramienta&hellip; <\/p>\n","protected":false},"author":1,"featured_media":635,"parent":41,"menu_order":0,"comment_status":"closed","ping_status":"closed","template":"","meta":{"footnotes":""},"categories":[6],"tags":[],"class_list":["post-634","page","type-page","status-publish","has-post-thumbnail","hentry","category-experiencia-telecomunicaciones"],"translation":{"provider":"WPGlobus","version":"3.0.2","language":"en","enabled_languages":["es","en"],"languages":{"es":{"title":true,"content":true,"excerpt":false},"en":{"title":false,"content":false,"excerpt":false}}},"_links":{"self":[{"href":"https:\/\/www.moncisa.com\/en\/wp-json\/wp\/v2\/pages\/634","targetHints":{"allow":["GET"]}}],"collection":[{"href":"https:\/\/www.moncisa.com\/en\/wp-json\/wp\/v2\/pages"}],"about":[{"href":"https:\/\/www.moncisa.com\/en\/wp-json\/wp\/v2\/types\/page"}],"author":[{"embeddable":true,"href":"https:\/\/www.moncisa.com\/en\/wp-json\/wp\/v2\/users\/1"}],"replies":[{"embeddable":true,"href":"https:\/\/www.moncisa.com\/en\/wp-json\/wp\/v2\/comments?post=634"}],"version-history":[{"count":2,"href":"https:\/\/www.moncisa.com\/en\/wp-json\/wp\/v2\/pages\/634\/revisions"}],"predecessor-version":[{"id":872,"href":"https:\/\/www.moncisa.com\/en\/wp-json\/wp\/v2\/pages\/634\/revisions\/872"}],"up":[{"embeddable":true,"href":"https:\/\/www.moncisa.com\/en\/wp-json\/wp\/v2\/pages\/41"}],"wp:featuredmedia":[{"embeddable":true,"href":"https:\/\/www.moncisa.com\/en\/wp-json\/wp\/v2\/media\/635"}],"wp:attachment":[{"href":"https:\/\/www.moncisa.com\/en\/wp-json\/wp\/v2\/media?parent=634"}],"wp:term":[{"taxonomy":"category","embeddable":true,"href":"https:\/\/www.moncisa.com\/en\/wp-json\/wp\/v2\/categories?post=634"},{"taxonomy":"post_tag","embeddable":true,"href":"https:\/\/www.moncisa.com\/en\/wp-json\/wp\/v2\/tags?post=634"}],"curies":[{"name":"wp","href":"https:\/\/api.w.org\/{rel}","templated":true}]}}