{"id":631,"date":"2015-01-29T12:12:05","date_gmt":"2015-01-29T12:12:05","guid":{"rendered":"http:\/\/www.moncisa.com\/nueva\/?page_id=631"},"modified":"2015-02-06T09:11:04","modified_gmt":"2015-02-06T09:11:04","slug":"despliegue-de-red-hfc-de-telecable","status":"publish","type":"page","link":"https:\/\/www.moncisa.com\/en\/trabajos\/experiencia\/despliegue-de-red-hfc-de-telecable\/","title":{"rendered":"Despliegue de red HFC de Telecable"},"content":{"rendered":"<p>Servicio de Despliegue de red HFC (h\u00edbrico fibra \u00f3ptica y coaxial) para Telecable.<\/p>\n<p>Experiencia:<span class=\"su-frame su-frame-align-right su-frame-style-default\"><span class=\"su-frame-inner\"><a href=\"http:\/\/www.moncisa.com\/wp-content\/uploads\/2015\/01\/DESPLIEGUE-DE-RED-HFC-DE-TELECABLE.jpg\"><img loading=\"lazy\" decoding=\"async\" class=\"alignnone  wp-image-632\" src=\"http:\/\/www.moncisa.com\/wp-content\/uploads\/2015\/01\/DESPLIEGUE-DE-RED-HFC-DE-TELECABLE.jpg\" alt=\"DESPLIEGUE DE RED HFC DE TELECABLE\" width=\"470\" height=\"352\" \/><\/a><\/span><\/span>\n<ul>\n<li>Desde 2005<\/li>\n<\/ul>\n<p>Herramienta espec\u00edfica:<\/p>\n<ul>\n<li>Todos los t\u00e9cnicos cuentan con veh\u00edculo propio, medidor de campo SDA-5000, generador el\u00e9ctrico, arn\u00e9s y otra peque\u00f1a herramienta.<\/li>\n<li>Se dispone de la maquinaria y los medios auxiliares necesarios para los trabajos (cami\u00f3n cesta, portabobinas, tiradoras y frenadoras de cable, andamios, p\u00e9rtigas y l\u00edneas de vida, etc.)<\/li>\n<\/ul>\n<p>Alcance:<\/p>\n<ul>\n<li>Instalaci\u00f3n o sustituci\u00f3n de postes de madera u hormig\u00f3n<\/li>\n<li>Tendido de cable coaxial subterr\u00e1neo, por fachada o a\u00e9reo autosoportado<\/li>\n<li>Instalaci\u00f3n de salidas laterales, herrajes, soportes y canaletas<\/li>\n<li>Instalaci\u00f3n y ecualizaci\u00f3n de amplificadores de red<\/li>\n<li>Instalaci\u00f3n de elementos pasivos de red (acopladores, repartidores, taps, reducciones, empalmes)<\/li>\n<li>Instalaci\u00f3n de derivaciones ICT en comunidades de vecinos<\/li>\n<li>Conectorizaci\u00f3n y termosellado de elementos<\/li>\n<\/ul>\n<p>&nbsp;<\/p>\n","protected":false},"excerpt":{"rendered":"<p>Servicio de Despliegue de red HFC (h\u00edbrico fibra \u00f3ptica y coaxial) para Telecable. Experiencia: Desde 2005 Herramienta espec\u00edfica: Todos los t\u00e9cnicos cuentan con veh\u00edculo propio, medidor de campo SDA-5000, generador el\u00e9ctrico, arn\u00e9s y otra peque\u00f1a herramienta. Se dispone de la&hellip; <\/p>\n","protected":false},"author":1,"featured_media":632,"parent":41,"menu_order":0,"comment_status":"closed","ping_status":"closed","template":"","meta":{"footnotes":""},"categories":[6],"tags":[],"class_list":["post-631","page","type-page","status-publish","has-post-thumbnail","hentry","category-experiencia-telecomunicaciones"],"translation":{"provider":"WPGlobus","version":"3.0.2","language":"en","enabled_languages":["es","en"],"languages":{"es":{"title":true,"content":true,"excerpt":false},"en":{"title":false,"content":false,"excerpt":false}}},"_links":{"self":[{"href":"https:\/\/www.moncisa.com\/en\/wp-json\/wp\/v2\/pages\/631","targetHints":{"allow":["GET"]}}],"collection":[{"href":"https:\/\/www.moncisa.com\/en\/wp-json\/wp\/v2\/pages"}],"about":[{"href":"https:\/\/www.moncisa.com\/en\/wp-json\/wp\/v2\/types\/page"}],"author":[{"embeddable":true,"href":"https:\/\/www.moncisa.com\/en\/wp-json\/wp\/v2\/users\/1"}],"replies":[{"embeddable":true,"href":"https:\/\/www.moncisa.com\/en\/wp-json\/wp\/v2\/comments?post=631"}],"version-history":[{"count":3,"href":"https:\/\/www.moncisa.com\/en\/wp-json\/wp\/v2\/pages\/631\/revisions"}],"predecessor-version":[{"id":874,"href":"https:\/\/www.moncisa.com\/en\/wp-json\/wp\/v2\/pages\/631\/revisions\/874"}],"up":[{"embeddable":true,"href":"https:\/\/www.moncisa.com\/en\/wp-json\/wp\/v2\/pages\/41"}],"wp:featuredmedia":[{"embeddable":true,"href":"https:\/\/www.moncisa.com\/en\/wp-json\/wp\/v2\/media\/632"}],"wp:attachment":[{"href":"https:\/\/www.moncisa.com\/en\/wp-json\/wp\/v2\/media?parent=631"}],"wp:term":[{"taxonomy":"category","embeddable":true,"href":"https:\/\/www.moncisa.com\/en\/wp-json\/wp\/v2\/categories?post=631"},{"taxonomy":"post_tag","embeddable":true,"href":"https:\/\/www.moncisa.com\/en\/wp-json\/wp\/v2\/tags?post=631"}],"curies":[{"name":"wp","href":"https:\/\/api.w.org\/{rel}","templated":true}]}}