{"id":628,"date":"2015-01-29T12:11:18","date_gmt":"2015-01-29T12:11:18","guid":{"rendered":"http:\/\/www.moncisa.com\/nueva\/?page_id=628"},"modified":"2015-02-06T09:10:57","modified_gmt":"2015-02-06T09:10:57","slug":"alta-de-abonado-red-hfc-de-telecable","status":"publish","type":"page","link":"https:\/\/www.moncisa.com\/en\/trabajos\/experiencia\/alta-de-abonado-red-hfc-de-telecable\/","title":{"rendered":"Alta de Abonado red HFC de Telecable"},"content":{"rendered":"<p>Servicio de instalaci\u00f3n de abonado sobre red HFC propia de Telecable.<\/p>\n<p>Experiencia:<span class=\"su-frame su-frame-align-right su-frame-style-default\"><span class=\"su-frame-inner\"><a href=\"http:\/\/www.moncisa.com\/wp-content\/uploads\/2015\/01\/ALTA-DE-ABONADO-RED-HFC-DE-TELECABLE.jpg\"><img loading=\"lazy\" decoding=\"async\" class=\"alignnone  wp-image-629\" src=\"http:\/\/www.moncisa.com\/wp-content\/uploads\/2015\/01\/ALTA-DE-ABONADO-RED-HFC-DE-TELECABLE.jpg\" alt=\"ALTA DE ABONADO RED HFC DE TELECABLE\" width=\"548\" height=\"309\" \/><\/a><\/span><\/span>\n<ul>\n<li>Desde 2005<\/li>\n<\/ul>\n<p>Herramienta espec\u00edfica:<\/p>\n<ul>\n<li>Todos los t\u00e9cnicos cuentan con veh\u00edculo propio, PC port\u00e1til, taladro percutor, comprobador UTP, pol\u00edmetro, as\u00ed como otra peque\u00f1a herramienta.<\/li>\n<\/ul>\n<p>Clientes:<\/p>\n<ul>\n<li>Se cubre el servicio de cualquier cliente, desde residenciales hasta PYMEs y Grandes Cuentas<\/li>\n<\/ul>\n<p>Servicios instalados:<\/p>\n<ul>\n<li>Televisi\u00f3n por cable<\/li>\n<li>Decodificador TEDI de Telecable<\/li>\n<li>Moduladores, amplificadores de interior<\/li>\n<li>Telefon\u00eda fija<\/li>\n<li>Internet (por cable, inal\u00e1mbrico o 3G)<\/li>\n<li>Configuraci\u00f3n de routers y dispositivos de red (repetidores WIFI, PLCs, etc)<\/li>\n<\/ul>\n<p>&nbsp;<\/p>\n","protected":false},"excerpt":{"rendered":"<p>Servicio de instalaci\u00f3n de abonado sobre red HFC propia de Telecable. Experiencia: Desde 2005 Herramienta espec\u00edfica: Todos los t\u00e9cnicos cuentan con veh\u00edculo propio, PC port\u00e1til, taladro percutor, comprobador UTP, pol\u00edmetro, as\u00ed como otra peque\u00f1a herramienta. Clientes: Se cubre el servicio&hellip; <\/p>\n","protected":false},"author":1,"featured_media":629,"parent":41,"menu_order":0,"comment_status":"closed","ping_status":"closed","template":"","meta":{"footnotes":""},"categories":[6],"tags":[],"class_list":["post-628","page","type-page","status-publish","has-post-thumbnail","hentry","category-experiencia-telecomunicaciones"],"translation":{"provider":"WPGlobus","version":"3.0.2","language":"en","enabled_languages":["es","en"],"languages":{"es":{"title":true,"content":true,"excerpt":false},"en":{"title":false,"content":false,"excerpt":false}}},"_links":{"self":[{"href":"https:\/\/www.moncisa.com\/en\/wp-json\/wp\/v2\/pages\/628","targetHints":{"allow":["GET"]}}],"collection":[{"href":"https:\/\/www.moncisa.com\/en\/wp-json\/wp\/v2\/pages"}],"about":[{"href":"https:\/\/www.moncisa.com\/en\/wp-json\/wp\/v2\/types\/page"}],"author":[{"embeddable":true,"href":"https:\/\/www.moncisa.com\/en\/wp-json\/wp\/v2\/users\/1"}],"replies":[{"embeddable":true,"href":"https:\/\/www.moncisa.com\/en\/wp-json\/wp\/v2\/comments?post=628"}],"version-history":[{"count":2,"href":"https:\/\/www.moncisa.com\/en\/wp-json\/wp\/v2\/pages\/628\/revisions"}],"predecessor-version":[{"id":853,"href":"https:\/\/www.moncisa.com\/en\/wp-json\/wp\/v2\/pages\/628\/revisions\/853"}],"up":[{"embeddable":true,"href":"https:\/\/www.moncisa.com\/en\/wp-json\/wp\/v2\/pages\/41"}],"wp:featuredmedia":[{"embeddable":true,"href":"https:\/\/www.moncisa.com\/en\/wp-json\/wp\/v2\/media\/629"}],"wp:attachment":[{"href":"https:\/\/www.moncisa.com\/en\/wp-json\/wp\/v2\/media?parent=628"}],"wp:term":[{"taxonomy":"category","embeddable":true,"href":"https:\/\/www.moncisa.com\/en\/wp-json\/wp\/v2\/categories?post=628"},{"taxonomy":"post_tag","embeddable":true,"href":"https:\/\/www.moncisa.com\/en\/wp-json\/wp\/v2\/tags?post=628"}],"curies":[{"name":"wp","href":"https:\/\/api.w.org\/{rel}","templated":true}]}}