{"id":412,"date":"2014-11-17T15:14:04","date_gmt":"2014-11-17T15:14:04","guid":{"rendered":"http:\/\/www.moncisa.com\/wordpress\/?page_id=412"},"modified":"2024-02-29T08:45:54","modified_gmt":"2024-02-29T08:45:54","slug":"sistema-integrado-de-gestion","status":"publish","type":"page","link":"https:\/\/www.moncisa.com\/en\/la-empresa\/sistema-integrado-de-gestion\/","title":{"rendered":"Integrated Management System"},"content":{"rendered":"<h6>STRUCTURE<\/h6>\n<p><span id=\"result_box\" class=\"\" lang=\"en\"><span title=\"En su compromiso con la Calidad, la Seguridad y Salud de sus trabajadores y las actuaciones socialmente responsables con el Medio Ambiente, MONCISA ha establecido, documentado e implantado un Sistema Integrado de Gesti\u00f3n (SIG) que mantiene y mejora de forma continua conforme a las normas\">In its commitment to Quality, Health and Safety of its workers and socially responsible actions with the environment, MONCISA has established, documented and implemented an Integrated Management System (IMS) maintained and improved continuously in accordance with the rules <\/span><span title=\"UNE EN ISO 9001:2008 de gesti\u00f3n de la Calidad, UNE EN ISO 14001:2004 de gesti\u00f3n ambiental y la especificaci\u00f3n OHSAS 18001:2007 de Seguridad y Salud en el trabajo.\">UNE EN ISO 9001: 2008 Quality management, UNE EN ISO 14001: 2004 environmental management and OHSAS 18001: 2007 Health and Safety at work. <\/span><span title=\"Adem\u00e1s, ha adoptado como estructura preventiva un Sistema de Prevenci\u00f3n Propio, que ha superado la Auditor\u00eda Reglamentaria en 2013 y que cubre las especialidades de Seguridad en el trabajo, Higiene Industrial y Ergonom\u00eda y Psicosociolog\u00eda Aplicada, encontr\u00e1ndose la vigilancia de la salud subcontratada a un servicio\">It has also adopted as a preventive structure prevention system itself, which has exceeded the statutory audit in 2013 and covering the specialties of Work Safety, Industrial Hygiene and Ergonomics and Applied Psychology, being the health monitoring outsourced to a <\/span><span title=\"de prevenci\u00f3n ajeno. \">external prevention <span title=\"Adem\u00e1s, ha adoptado como estructura preventiva un Sistema de Prevenci\u00f3n Propio, que ha superado la Auditor\u00eda Reglamentaria en 2013 y que cubre las especialidades de Seguridad en el trabajo, Higiene Industrial y Ergonom\u00eda y Psicosociolog\u00eda Aplicada, encontr\u00e1ndose la vigilancia de la salud subcontratada a un servicio\">service<\/span><\/span><\/span>.<div class=\"su-row\"><div class=\"su-column su-column-size-1-2\"><div class=\"su-column-inner su-u-clearfix su-u-trim\"><span class=\"su-frame su-frame-align-center su-frame-style-default\"><span class=\"su-frame-inner\"><a href=\"http:\/\/www.moncisa.com\/wp-content\/uploads\/2015\/02\/MISION-VISION-VALORES.pdf\"><img loading=\"lazy\" decoding=\"async\" class=\"alignnone wp-image-746 size-full\" src=\"http:\/\/www.moncisa.com\/wp-content\/uploads\/2014\/11\/mision-vision-valores1.png\" alt=\"\" width=\"200\" height=\"200\" srcset=\"https:\/\/www.moncisa.com\/wp-content\/uploads\/2014\/11\/mision-vision-valores1.png 200w, https:\/\/www.moncisa.com\/wp-content\/uploads\/2014\/11\/mision-vision-valores1-150x150.png 150w\" sizes=\"auto, (max-width: 200px) 100vw, 200px\" \/><\/a><\/p>\n<p><center><a href=\"http:\/\/www.moncisa.com\/wp-content\/uploads\/2015\/02\/MISION-VISION-VALORES.pdf\">M<span id=\"result_box\" class=\"short_text\" lang=\"en\"><span class=\"\">ission, Vision, Values<\/span><\/span><\/a><\/center><\/span><\/span><\/div><\/div>\n<div class=\"su-column su-column-size-1-2\"><div class=\"su-column-inner su-u-clearfix su-u-trim\"><span class=\"su-frame su-frame-align-center su-frame-style-default\"><span class=\"su-frame-inner\"><a href=\"http:\/\/www.moncisa.com\/wp-content\/uploads\/2016\/07\/POL\u00cdTICA-INTEGRADA-DE-MONCISA.pdf\"><img loading=\"lazy\" decoding=\"async\" class=\"alignnone wp-image-761 size-full\" src=\"http:\/\/www.moncisa.com\/wp-content\/uploads\/2014\/11\/politica.png\" alt=\"\" width=\"200\" height=\"200\" srcset=\"https:\/\/www.moncisa.com\/wp-content\/uploads\/2014\/11\/politica.png 200w, https:\/\/www.moncisa.com\/wp-content\/uploads\/2014\/11\/politica-150x150.png 150w\" sizes=\"auto, (max-width: 200px) 100vw, 200px\" \/><\/a><\/p>\n<p><center><a href=\"http:\/\/www.moncisa.com\/wp-content\/uploads\/2016\/07\/POL\u00cdTICA-INTEGRADA-DE-MONCISA.pdf\">Integrated Policy<\/a><\/center><\/span><\/span><\/div><\/div><\/div>The IMS <span id=\"result_box\" class=\"\" lang=\"en\"><span class=\"\">is a structure that<\/span> encompasses all processes in MONCISA, resources, responsibilities and documentation used to generate and control the services delivered to customers in an environment that preserves the safety and health of workers by preventing, <span class=\"\">In addition, pollution<\/span> of the environment. To do this, you have a number of general and <span class=\"\">specific procedures where<\/span> the methodology to be followed in the various processes of the system <span class=\"\">and the specific<\/span> responsibilities of each worker described.<\/span><br \/>\n<span class=\"su-frame su-frame-align-center su-frame-style-default\"><span class=\"su-frame-inner\"><a href=\"http:\/\/www.moncisa.com\/wp-content\/uploads\/2015\/02\/Organigrama.pdf\"><img loading=\"lazy\" decoding=\"async\" class=\"alignnone wp-image-759 size-full\" src=\"http:\/\/www.moncisa.com\/wp-content\/uploads\/2014\/11\/organigrama.png\" alt=\"\" width=\"200\" height=\"125\" \/><\/a><\/p>\n<p><center><a href=\"http:\/\/www.moncisa.com\/wp-content\/uploads\/2015\/02\/Organigrama.pdf\"><span id=\"result_box\" class=\"short_text\" lang=\"en\"><span class=\"\">Organization chart<\/span><\/span><\/a><\/center><\/span><\/span>\n<div id=\"gt-res-p\">\n<div id=\"gt-res-data\">\n<div id=\"gt-res-wrap\">\n<div id=\"gt-res-content\">\n<div dir=\"ltr\">\n<p><span id=\"result_box\" class=\"\" lang=\"en\"><span class=\"\">In addition<\/span>, MONCISA <span class=\"\">staff<\/span>, based on long years of experience and taking into account all <span class=\"\">legal<\/span> <span class=\"\">and customer <\/span>application rules, prepares Specific Implementation Procedures for each work (<span class=\"\">High Voltage<\/span> by the distance method and potential, low voltage, use machinery<span class=\"\">,<\/span> <span class=\"\">&#8230;<\/span>) which contemplate all phases to be performed and described <span class=\"\">in an orderly manner<\/span><span class=\"\">, risks<\/span> and preventive measures to adopt for implementation with full <span class=\"\">security.<\/span><\/span>.<\/p>\n<\/div>\n<\/div>\n<\/div>\n<\/div>\n<\/div>\n<div class=\"su-row\"><div class=\"su-column su-column-size-1-4\"><div class=\"su-column-inner su-u-clearfix su-u-trim\"><span class=\"su-frame su-frame-align-center su-frame-style-default\"><span class=\"su-frame-inner\"><a href=\"http:\/\/www.moncisa.com\/wp-content\/uploads\/2016\/02\/Certificado-Sist.-Gesti\u00f3n-Calidad-Vto.-14-09-18.pdf\"><img loading=\"lazy\" decoding=\"async\" class=\"alignnone wp-image-1172 size-thumbnail\" src=\"http:\/\/www.moncisa.com\/wp-content\/uploads\/2014\/11\/c9001-150x150.png\" alt=\"c9001\" width=\"150\" height=\"150\" \/><\/a><\/span><\/span><\/div><\/div> <div class=\"su-column su-column-size-1-4\"><div class=\"su-column-inner su-u-clearfix su-u-trim\"><span class=\"su-frame su-frame-align-center su-frame-style-default\"><span class=\"su-frame-inner\"><a href=\"http:\/\/www.moncisa.com\/wp-content\/uploads\/2016\/02\/Certificado-Sist.-Gesti\u00f3n-MA-Vto.-14-09-18.pdf\"><img loading=\"lazy\" decoding=\"async\" class=\"alignnone wp-image-1173 size-thumbnail\" src=\"http:\/\/www.moncisa.com\/wp-content\/uploads\/2014\/11\/c14001-150x150.png\" alt=\"c14001\" width=\"150\" height=\"150\" \/><\/a><\/span><\/span><\/div><\/div> <div class=\"su-column su-column-size-1-4\"><div class=\"su-column-inner su-u-clearfix su-u-trim\"><span class=\"su-frame su-frame-align-center su-frame-style-default\"><span class=\"su-frame-inner\"><a href=\"http:\/\/www.moncisa.com\/wp-content\/uploads\/2016\/02\/Certificado-Sist.-Gesti\u00f3n-SST-Vto.-19-02-19.pdf\"><img loading=\"lazy\" decoding=\"async\" class=\"alignnone wp-image-1174 size-thumbnail\" src=\"http:\/\/www.moncisa.com\/wp-content\/uploads\/2014\/11\/c18001-150x150.png\" alt=\"c18001\" width=\"150\" height=\"150\" \/><\/a><\/span><\/span><\/div><\/div> <div class=\"su-column su-column-size-1-4\"><div class=\"su-column-inner su-u-clearfix su-u-trim\"><span class=\"su-frame su-frame-align-center su-frame-style-default\"><span class=\"su-frame-inner\"><a href=\"http:\/\/www.moncisa.com\/wp-content\/uploads\/2016\/02\/1601-cert-PRL-esp.pdf\"><img loading=\"lazy\" decoding=\"async\" class=\"alignnone wp-image-1171 size-thumbnail\" src=\"http:\/\/www.moncisa.com\/wp-content\/uploads\/2014\/11\/cprl-150x150.png\" alt=\"cprl\" width=\"150\" height=\"150\" \/><\/a><\/span><\/span><\/div><\/div><\/div>\n","protected":false},"excerpt":{"rendered":"<p>STRUCTURE In its commitment to Quality, Health and Safety of its workers and socially responsible actions with the environment, MONCISA has established, documented and implemented an Integrated Management System (IMS) maintained and improved continuously in accordance with the rules UNE&hellip; <\/p>\n","protected":false},"author":1,"featured_media":0,"parent":406,"menu_order":0,"comment_status":"closed","ping_status":"closed","template":"","meta":{"footnotes":""},"categories":[],"tags":[],"class_list":["post-412","page","type-page","status-publish","hentry"],"translation":{"provider":"WPGlobus","version":"3.0.2","language":"en","enabled_languages":["es","en"],"languages":{"es":{"title":true,"content":true,"excerpt":false},"en":{"title":true,"content":true,"excerpt":false}}},"_links":{"self":[{"href":"https:\/\/www.moncisa.com\/en\/wp-json\/wp\/v2\/pages\/412","targetHints":{"allow":["GET"]}}],"collection":[{"href":"https:\/\/www.moncisa.com\/en\/wp-json\/wp\/v2\/pages"}],"about":[{"href":"https:\/\/www.moncisa.com\/en\/wp-json\/wp\/v2\/types\/page"}],"author":[{"embeddable":true,"href":"https:\/\/www.moncisa.com\/en\/wp-json\/wp\/v2\/users\/1"}],"replies":[{"embeddable":true,"href":"https:\/\/www.moncisa.com\/en\/wp-json\/wp\/v2\/comments?post=412"}],"version-history":[{"count":54,"href":"https:\/\/www.moncisa.com\/en\/wp-json\/wp\/v2\/pages\/412\/revisions"}],"predecessor-version":[{"id":2099,"href":"https:\/\/www.moncisa.com\/en\/wp-json\/wp\/v2\/pages\/412\/revisions\/2099"}],"up":[{"embeddable":true,"href":"https:\/\/www.moncisa.com\/en\/wp-json\/wp\/v2\/pages\/406"}],"wp:attachment":[{"href":"https:\/\/www.moncisa.com\/en\/wp-json\/wp\/v2\/media?parent=412"}],"wp:term":[{"taxonomy":"category","embeddable":true,"href":"https:\/\/www.moncisa.com\/en\/wp-json\/wp\/v2\/categories?post=412"},{"taxonomy":"post_tag","embeddable":true,"href":"https:\/\/www.moncisa.com\/en\/wp-json\/wp\/v2\/tags?post=412"}],"curies":[{"name":"wp","href":"https:\/\/api.w.org\/{rel}","templated":true}]}}