{"id":2092,"date":"2024-01-19T13:47:05","date_gmt":"2024-01-19T13:47:05","guid":{"rendered":"https:\/\/www.moncisa.com\/?page_id=2092"},"modified":"2024-04-12T10:50:20","modified_gmt":"2024-04-12T10:50:20","slug":"oferta-de-empleo-tecnico-a-de-obra-montajes-electricos-meco-madrid","status":"publish","type":"page","link":"https:\/\/www.moncisa.com\/en\/ofertas-empleo\/oferta-de-empleo-tecnico-a-de-obra-montajes-electricos-meco-madrid\/","title":{"rendered":"Oferta de empleo &#8211; T\u00e9cnico\/a de obra montajes el\u00e9ctricos (Meco, Madrid)"},"content":{"rendered":"\n<h3>FUNCIONES Y RESPONSABILIDADES<\/h3>\n<span class=\"su-frame su-frame-align-right su-frame-style-default\"><span class=\"su-frame-inner\"><a href=\"http:\/\/www.moncisa.com\/wp-content\/uploads\/2018\/01\/soldador.jpg\"><img loading=\"lazy\" decoding=\"async\" class=\"aligncenter wp-image-1677 \" src=\"http:\/\/www.moncisa.com\/wp-content\/uploads\/2019\/05\/OfertaEmpleo-300x300.jpg\" alt=\"\" width=\"127\" height=\"127\" srcset=\"https:\/\/www.moncisa.com\/wp-content\/uploads\/2019\/05\/OfertaEmpleo-300x300.jpg 300w, https:\/\/www.moncisa.com\/wp-content\/uploads\/2019\/05\/OfertaEmpleo-150x150.jpg 150w, https:\/\/www.moncisa.com\/wp-content\/uploads\/2019\/05\/OfertaEmpleo.jpg 381w\" sizes=\"auto, (max-width: 127px) 100vw, 127px\" \/><\/a><\/span><\/span>\n<ul>\n<li>Cumplir con todos los documentos del Sistema Integrado de Gesti\u00f3n que le apliquen como trabajador de la organizaci\u00f3n.<\/li>\n<li>Cumplir con las pautas de Control Operacional y buenas pr\u00e1cticas Medio Ambientales de Montajes y Obra Civil S.A.<\/li>\n<li>Priorizar la protecci\u00f3n de la salud, la seguridad e integridad de nuestro personal en relaci\u00f3n a los peligros identificados para nuestras actividades, mediante un control de los riesgos asociados a cada proceso y las medidas preventivas a adoptar.<\/li>\n<li>Interlocuci\u00f3n con cliente, apoyo en la direcci\u00f3n de obra, proveedores y empresas subcontratistas.<\/li>\n<li>Gesti\u00f3n del personal propio asignado a la obra.<\/li>\n<li>Planificaci\u00f3n y control de la ejecuci\u00f3n de las actividades.<\/li>\n<li>Estudio del proyecto y propuesta de mejoras y alternativas al cliente.<\/li>\n<li>Gesti\u00f3n de compras.<\/li>\n<li>Cumplimiento de los planes de seguridad, medioambiente y aseguramiento de la calidad.<\/li>\n<li>Elaboraci\u00f3n de ofertas t\u00e9cnicas y\/o dosieres t\u00e9cnicos<\/li>\n<li>Interpretar la informaci\u00f3n contenida en los planos existentes de proyectos.<\/li>\n<li>Visitar obras como medida de control.<\/li>\n<li>Instruir al personal a su cargo seg\u00fan necesidades de la empresa.<\/li>\n<li>Reportes de situaci\u00f3n a los responsables de departamento.<\/li>\n<li>Viajes temporales para realizar seguimiento de los proyectos.<\/li>\n<\/ul>\n<h3>CAPACITACI\u00d3N PARA EL PUESTO<\/h3>\n<h4>Formaci\u00f3n<\/h4>\n<ul>\n<li>Ingeniero, ingeniero t\u00e9cnico, grado o m\u00e1ster en ingenier\u00eda (industrial\/mec\u00e1nica\/el\u00e9ctrica)<\/li>\n<li>Carnet de conducir<\/li>\n<\/ul>\n<h4>Experiencia<\/h4>\n<ul>\n<li>Se valorara la experiencia, as\u00ed como las ganas de superaci\u00f3n y de aprendizaje.<\/li>\n<\/ul>\n<h4>Se valorar\u00e1<\/h4>\n<ul>\n<li>\n<p>Experiencia en el sector<\/p>\n<\/li>\n<li>\n<p>M\u00e1ster de Prevenci\u00f3n de Seguridad y Salud (3 especialidades)<\/p>\n<\/li>\n<li>\n<p>Nivel B1\/B2 ingl\u00e9s o superior.<\/p>\n<\/li>\n<\/ul>\n<h4>Habilidades<\/h4>\n<ul>\n<li>Capacidad de an\u00e1lisis y de s\u00edntesis<\/li>\n<li>Capacidad de comunicaci\u00f3n<\/li>\n<li>Capacidad de trabajo en equipo<\/li>\n<li>Capacidad para trabajar bajo presi\u00f3n<\/li>\n<li>Capacidad para adaptarse a los nuevos entornos de trabajo y\/o tecnolog\u00edas<\/li>\n<li>Flexibilidad para enfrentar los retos del trabajo y cumplir con las fechas y plazos de entrega<\/li>\n<li>Manejo de conflictos<\/li>\n<li>Relaciones interpersonales<\/li>\n<li>Iniciativa<\/li>\n<li>Claridad de exposici\u00f3n<\/li>\n<li>Nuevas Tecnolog\u00edas<\/li>\n<li>Habilidades de liderazgo con pensamiento estrat\u00e9gico<\/li>\n<li>Habilidades de gesti\u00f3n de proyectos<\/li>\n<\/ul>\n<h3>FORMULARIO DE CONTACTO<\/h3>\n\n<div class=\"wpcf7 no-js\" id=\"wpcf7-f994-o1\" lang=\"es-ES\" dir=\"ltr\" data-wpcf7-id=\"994\">\n<div class=\"screen-reader-response\"><p role=\"status\" aria-live=\"polite\" aria-atomic=\"true\"><\/p> <ul><\/ul><\/div>\n<form action=\"\/en\/wp-json\/wp\/v2\/pages\/2092#wpcf7-f994-o1\" method=\"post\" class=\"wpcf7-form init\" aria-label=\"Formulario de contacto\" enctype=\"multipart\/form-data\" novalidate=\"novalidate\" data-status=\"init\">\n<fieldset class=\"hidden-fields-container\"><input type=\"hidden\" name=\"_wpcf7\" value=\"994\" \/><input type=\"hidden\" name=\"_wpcf7_version\" value=\"6.1.5\" \/><input type=\"hidden\" name=\"_wpcf7_locale\" value=\"es_ES\" \/><input type=\"hidden\" name=\"_wpcf7_unit_tag\" value=\"wpcf7-f994-o1\" \/><input type=\"hidden\" name=\"_wpcf7_container_post\" value=\"0\" \/><input type=\"hidden\" name=\"_wpcf7_posted_data_hash\" value=\"\" \/><input type=\"hidden\" name=\"_wpcf7_recaptcha_response\" value=\"\" \/>\n<\/fieldset>\n<p>Tu nombre (requerido)\n<\/p>\n<p><span class=\"wpcf7-form-control-wrap\" data-name=\"your-name\"><input size=\"40\" maxlength=\"400\" class=\"wpcf7-form-control wpcf7-text wpcf7-validates-as-required\" aria-required=\"true\" aria-invalid=\"false\" value=\"\" type=\"text\" name=\"your-name\" \/><\/span>\n<\/p>\n<p>Tu e-mail (requerido)\n<\/p>\n<p><span class=\"wpcf7-form-control-wrap\" data-name=\"your-email-787\"><input size=\"40\" maxlength=\"400\" class=\"wpcf7-form-control wpcf7-email wpcf7-validates-as-required wpcf7-text wpcf7-validates-as-email\" aria-required=\"true\" aria-invalid=\"false\" value=\"\" type=\"email\" name=\"your-email-787\" \/><\/span>\n<\/p>\n<p>Asunto\n<\/p>\n<p><span class=\"wpcf7-form-control-wrap\" data-name=\"your-subject\"><input size=\"40\" maxlength=\"400\" class=\"wpcf7-form-control wpcf7-text\" aria-invalid=\"false\" value=\"\" type=\"text\" name=\"your-subject\" \/><\/span>\n<\/p>\n<p>Tu mensaje\n<\/p>\n<p><span class=\"wpcf7-form-control-wrap\" data-name=\"your-message\"><textarea cols=\"40\" rows=\"10\" maxlength=\"2000\" class=\"wpcf7-form-control wpcf7-textarea\" aria-invalid=\"false\" name=\"your-message\"><\/textarea><\/span>\n<\/p>\n<p>Curriculum Vitae\n<\/p>\n<p><span class=\"wpcf7-form-control-wrap\" data-name=\"file-99\"><input size=\"40\" class=\"wpcf7-form-control wpcf7-file\" accept=\".pdf\" aria-invalid=\"false\" type=\"file\" name=\"file-99\" \/><\/span>\n<\/p>\n<p><span class=\"wpcf7-form-control-wrap\" data-name=\"acceptance-195\"><span class=\"wpcf7-form-control wpcf7-acceptance\"><span class=\"wpcf7-list-item\"><input type=\"checkbox\" name=\"acceptance-195\" value=\"1\" aria-invalid=\"false\" \/><\/span><\/span><\/span> He leido y acepto la <span class=\"popmake-1532\">pol\u00edtica de privacidad<\/span>\n<\/p>\n\n<p><input class=\"wpcf7-form-control wpcf7-submit has-spinner\" type=\"submit\" value=\"Enviar\" \/>\n<\/p><div class=\"wpcf7-response-output\" aria-hidden=\"true\"><\/div>\n<\/form>\n<\/div>\n\n","protected":false},"excerpt":{"rendered":"<p>FUNCIONES Y RESPONSABILIDADES Cumplir con todos los documentos del Sistema Integrado de Gesti\u00f3n que le apliquen como trabajador de la organizaci\u00f3n. Cumplir con las pautas de Control Operacional y buenas pr\u00e1cticas Medio Ambientales de Montajes y Obra Civil S.A. Priorizar&hellip; <\/p>\n","protected":false},"author":1,"featured_media":0,"parent":992,"menu_order":2,"comment_status":"closed","ping_status":"closed","template":"","meta":{"footnotes":""},"class_list":["post-2092","page","type-page","status-publish","hentry"],"translation":{"provider":"WPGlobus","version":"3.0.2","language":"en","enabled_languages":["es","en"],"languages":{"es":{"title":true,"content":true,"excerpt":false},"en":{"title":false,"content":false,"excerpt":false}}},"_links":{"self":[{"href":"https:\/\/www.moncisa.com\/en\/wp-json\/wp\/v2\/pages\/2092","targetHints":{"allow":["GET"]}}],"collection":[{"href":"https:\/\/www.moncisa.com\/en\/wp-json\/wp\/v2\/pages"}],"about":[{"href":"https:\/\/www.moncisa.com\/en\/wp-json\/wp\/v2\/types\/page"}],"author":[{"embeddable":true,"href":"https:\/\/www.moncisa.com\/en\/wp-json\/wp\/v2\/users\/1"}],"replies":[{"embeddable":true,"href":"https:\/\/www.moncisa.com\/en\/wp-json\/wp\/v2\/comments?post=2092"}],"version-history":[{"count":1,"href":"https:\/\/www.moncisa.com\/en\/wp-json\/wp\/v2\/pages\/2092\/revisions"}],"predecessor-version":[{"id":2094,"href":"https:\/\/www.moncisa.com\/en\/wp-json\/wp\/v2\/pages\/2092\/revisions\/2094"}],"up":[{"embeddable":true,"href":"https:\/\/www.moncisa.com\/en\/wp-json\/wp\/v2\/pages\/992"}],"wp:attachment":[{"href":"https:\/\/www.moncisa.com\/en\/wp-json\/wp\/v2\/media?parent=2092"}],"curies":[{"name":"wp","href":"https:\/\/api.w.org\/{rel}","templated":true}]}}