{"id":1970,"date":"2023-03-16T12:31:54","date_gmt":"2023-03-16T12:31:54","guid":{"rendered":"http:\/\/www.moncisa.com\/?page_id=1970"},"modified":"2024-01-19T13:37:29","modified_gmt":"2024-01-19T13:37:29","slug":"oferta-de-empleo-oficial-de-telecomunicaciones-fo-electrico-asturias","status":"publish","type":"page","link":"https:\/\/www.moncisa.com\/en\/ofertas-empleo\/oferta-de-empleo-oficial-de-telecomunicaciones-fo-electrico-asturias\/","title":{"rendered":"Oferta de empleo \u2013 Oficial de Telecomunicaciones (FO\/El\u00e9ctrico)  Asturias"},"content":{"rendered":"\n<h3>FUNCIONES Y RESPONSABILIDADES<\/h3>\n<span class=\"su-frame su-frame-align-right su-frame-style-default\"><span class=\"su-frame-inner\"><a href=\"http:\/\/www.moncisa.com\/wp-content\/uploads\/2018\/05\/DSC00204.jpg\"><img loading=\"lazy\" decoding=\"async\" class=\"alignnone wp-image-1458 size-thumbnail\" src=\"http:\/\/www.moncisa.com\/wp-content\/uploads\/2018\/05\/DSC00204-150x150.jpg\" alt=\"\" width=\"150\" height=\"150\" \/><\/a><\/span><\/span>\n<ul>\n<li>Cumplir con todos los procedimientos del Sistema integrado que le apliquen como trabajador\/trabajadora de la organizaci\u00f3n, as\u00ed como con los procedimientos de trabajo espec\u00edficos y generales e instrucciones t\u00e9cnicas.<\/li>\n<li>Ejecuci\u00f3n de trabajos con tecnolog\u00eda FTTH de instalaci\u00f3n \/ desinstalaci\u00f3n \/ incidencia en cliente Empresariales \u00a0<\/li>\n<li>Tendido de acometidas de cables de FO para clientes Empresariales (fachada\/postes\/subterr\u00e1neo)<\/li>\n<li>Ejecuci\u00f3n de cajas de distribuci\u00f3n, repartidores de FO y medidas reflectom\u00e9tricas<\/li>\n<\/ul>\n<h3>CAPACITACI\u00d3N PARA EL PUESTO<\/h3>\n<h4>Formaci\u00f3n<\/h4>\n<ul>\n<li>Ciclo formativo de grado medio o superior relacionado con Telecomunicaciones, Electricidad o Electr\u00f3nica<\/li>\n<\/ul>\n<p>Se valorar\u00e1:<\/p>\n<ul>\n<li>Conocimientos en configuraci\u00f3n de routers y switches<\/li>\n<li>Certificado CISCO CCNA<\/li>\n<\/ul>\n<h3>Experiencia<\/h3>\n<ul>\n<li>Instalaciones el\u00e9ctricas de baja tensi\u00f3n<\/li>\n<li>Confecci\u00f3n de empalmes en repartidores \u00f3pticos y cajas de empalme<\/li>\n<li>Medidas reflectom\u00e9tricas<\/li>\n<\/ul>\n<h3>Habilidades<\/h3>\n<ul>\n<li>Trabajo en equipo, disciplina, orden<\/li>\n<\/ul>\n<h3>CENTRO DE TRABAJO<\/h3>\n<ul>\n<li>Asturias<\/li>\n<li>Necesario disponibilidad de movilidad geogr\u00e1fica<\/li>\n<\/ul>\n<a href=\"\/envio-de-cv\/\" class=\"su-button su-button-style-default\" style=\"color:#FFFFFF;background-color:#2873B9;border-color:#205c94;border-radius:6px\" target=\"_self\"><span style=\"color:#FFFFFF;padding:6px 18px;font-size:14px;line-height:21px;border-color:#699dce;border-radius:6px;text-shadow:none\"><i class=\"sui sui-envelope-o\" style=\"font-size:14px;color:#FFFFFF\"><\/i> Enviar CV<\/span><\/a>\n","protected":false},"excerpt":{"rendered":"<p>FUNCIONES Y RESPONSABILIDADES Cumplir con todos los procedimientos del Sistema integrado que le apliquen como trabajador\/trabajadora de la organizaci\u00f3n, as\u00ed como con los procedimientos de trabajo espec\u00edficos y generales e instrucciones t\u00e9cnicas. Ejecuci\u00f3n de trabajos con tecnolog\u00eda FTTH de instalaci\u00f3n&hellip; <\/p>\n","protected":false},"author":1,"featured_media":0,"parent":992,"menu_order":3,"comment_status":"closed","ping_status":"closed","template":"","meta":{"footnotes":""},"categories":[],"tags":[],"class_list":["post-1970","page","type-page","status-publish","hentry"],"translation":{"provider":"WPGlobus","version":"3.0.2","language":"en","enabled_languages":["es","en"],"languages":{"es":{"title":true,"content":true,"excerpt":false},"en":{"title":false,"content":false,"excerpt":false}}},"_links":{"self":[{"href":"https:\/\/www.moncisa.com\/en\/wp-json\/wp\/v2\/pages\/1970","targetHints":{"allow":["GET"]}}],"collection":[{"href":"https:\/\/www.moncisa.com\/en\/wp-json\/wp\/v2\/pages"}],"about":[{"href":"https:\/\/www.moncisa.com\/en\/wp-json\/wp\/v2\/types\/page"}],"author":[{"embeddable":true,"href":"https:\/\/www.moncisa.com\/en\/wp-json\/wp\/v2\/users\/1"}],"replies":[{"embeddable":true,"href":"https:\/\/www.moncisa.com\/en\/wp-json\/wp\/v2\/comments?post=1970"}],"version-history":[{"count":1,"href":"https:\/\/www.moncisa.com\/en\/wp-json\/wp\/v2\/pages\/1970\/revisions"}],"predecessor-version":[{"id":1972,"href":"https:\/\/www.moncisa.com\/en\/wp-json\/wp\/v2\/pages\/1970\/revisions\/1972"}],"up":[{"embeddable":true,"href":"https:\/\/www.moncisa.com\/en\/wp-json\/wp\/v2\/pages\/992"}],"wp:attachment":[{"href":"https:\/\/www.moncisa.com\/en\/wp-json\/wp\/v2\/media?parent=1970"}],"wp:term":[{"taxonomy":"category","embeddable":true,"href":"https:\/\/www.moncisa.com\/en\/wp-json\/wp\/v2\/categories?post=1970"},{"taxonomy":"post_tag","embeddable":true,"href":"https:\/\/www.moncisa.com\/en\/wp-json\/wp\/v2\/tags?post=1970"}],"curies":[{"name":"wp","href":"https:\/\/api.w.org\/{rel}","templated":true}]}}