{"id":1947,"date":"2022-05-30T15:00:57","date_gmt":"2022-05-30T15:00:57","guid":{"rendered":"http:\/\/www.moncisa.com\/?page_id=1947"},"modified":"2024-01-19T13:38:33","modified_gmt":"2024-01-19T13:38:33","slug":"oferta-de-empleo-calderero-a-soldador-a","status":"publish","type":"page","link":"https:\/\/www.moncisa.com\/en\/ofertas-empleo\/oferta-de-empleo-calderero-a-soldador-a\/","title":{"rendered":"Oferta de empleo &#8211; Calderero\/a &#8211; Soldador\/a"},"content":{"rendered":"\n<h3>FUNCIONES Y RESPONSABILIDADES<\/h3>\n<span class=\"su-frame su-frame-align-right su-frame-style-default\"><span class=\"su-frame-inner\"><a href=\"http:\/\/www.moncisa.com\/wp-content\/uploads\/2018\/01\/soldador.jpg\"><img loading=\"lazy\" decoding=\"async\" class=\"alignnone size-thumbnail wp-image-1414\" src=\"http:\/\/www.moncisa.com\/wp-content\/uploads\/2018\/01\/soldador-150x150.jpg\" alt=\"soldador\" width=\"150\" height=\"150\" \/><\/a><\/span><\/span>\n<ul>\n<li>Cumplir con todos los procedimientos del Sistema integrado que le apliquen como trabajador de la organizaci\u00f3n, as\u00ed como con los procedimientos de trabajo espec\u00edficos y generales e instrucciones t\u00e9cnicas.<\/li>\n<li>Cumplimentar los registros del Sistema de Gesti\u00f3n que le apliquen<\/li>\n<li>Cuidar y utilizar correctamente todas la herramientas, materiales, veh\u00edculos, m\u00e1quinas y equipos de trabajo de la organizaci\u00f3n<\/li>\n<li>Dar parte inmediato a su superior jer\u00e1rquico de todo accidente\/incidente sufrido por s\u00ed mismo o en el entorno de su puesto de trabajo y colaborar en su investigaci\u00f3n<\/li>\n<li>Cumplir con los documentos del SIG legales y de normativa interna, muy especialmente con: la pol\u00edtica de alcohol y drogas de MONCISA y con la prohibici\u00f3n de fumar en los lugares de trabajo<\/li>\n<li>Recepcionar y verificar, todas las entradas de materiales y consumibles del taller de calderer\u00eda.<\/li>\n<li>Controlar todas las salidas de materiales y consumibles del taller de calderer\u00eda<\/li>\n<li>Interpretaci\u00f3n de planos de despiece y armado de conjuntos<\/li>\n<li>Manejo de maquinaria de taller , sierra de cinta, punzonadora, cizalla, plegadora.<\/li>\n<li>Soldador proceso manual y semiautom\u00e1tica.<\/li>\n<li>Limpieza y mantenimiento de la maquinaria y las instalaciones.<\/li>\n<\/ul>\n<h3>CAPACITACI\u00d3N PARA EL PUESTO<\/h3>\n<h4>Formaci\u00f3n<\/h4>\n<ul>\n<li>Grado medio de \u201ccalderer\u00eda y soldadura\u201d<\/li>\n<\/ul>\n<h4>Experiencia<\/h4>\n<ul>\n<li>Se valorara la experiencia, as\u00ed como las ganas de superaci\u00f3n y de aprendizaje.<\/li>\n<\/ul>\n<h4>Se valorar\u00e1<\/h4>\n<ul>\n<li>Cursos de calderero\/a\u2013soldador\/a.<\/li>\n<li>Homologaci\u00f3n de soldadura con semiautom\u00e1tica, electrodo, TIG, tanto en acero como en aluminio.<\/li>\n<li>Formaci\u00f3n en prevenci\u00f3n de riesgos laborables: curso nivel B\u00c1SICO 60 H<\/li>\n<li>Formaci\u00f3n te\u00f3rico-pr\u00e1ctica en uso y manejo de: Cizalla, plegadora, punzonadora, taladro de columna, radial, puente gr\u00faa, oxicorte manual, carretillas elevadoras, maquinas de soldadura semiautom\u00e1ticas MIG y MAG, soldadura el\u00e9ctrica.<\/li>\n<li>Formaci\u00f3n exigible a los trabajadores del Sector Metal (TPC)<\/li>\n<li>Manejo de plataformas elevadoras 8 H<\/li>\n<li>Trabajos en altura 16 H<\/li>\n<\/ul>\n<h3>FORMULARIO DE CONTACTO<\/h3>\n\n<div class=\"wpcf7 no-js\" id=\"wpcf7-f994-o1\" lang=\"es-ES\" dir=\"ltr\" data-wpcf7-id=\"994\">\n<div class=\"screen-reader-response\"><p role=\"status\" aria-live=\"polite\" aria-atomic=\"true\"><\/p> <ul><\/ul><\/div>\n<form action=\"\/en\/wp-json\/wp\/v2\/pages\/1947#wpcf7-f994-o1\" method=\"post\" class=\"wpcf7-form init\" aria-label=\"Formulario de contacto\" enctype=\"multipart\/form-data\" novalidate=\"novalidate\" data-status=\"init\">\n<fieldset class=\"hidden-fields-container\"><input type=\"hidden\" name=\"_wpcf7\" value=\"994\" \/><input type=\"hidden\" name=\"_wpcf7_version\" value=\"6.1.5\" \/><input type=\"hidden\" name=\"_wpcf7_locale\" value=\"es_ES\" \/><input type=\"hidden\" name=\"_wpcf7_unit_tag\" value=\"wpcf7-f994-o1\" \/><input type=\"hidden\" name=\"_wpcf7_container_post\" value=\"0\" \/><input type=\"hidden\" name=\"_wpcf7_posted_data_hash\" value=\"\" \/><input type=\"hidden\" name=\"_wpcf7_recaptcha_response\" value=\"\" \/>\n<\/fieldset>\n<p>Tu nombre (requerido)\n<\/p>\n<p><span class=\"wpcf7-form-control-wrap\" data-name=\"your-name\"><input size=\"40\" maxlength=\"400\" class=\"wpcf7-form-control wpcf7-text wpcf7-validates-as-required\" aria-required=\"true\" aria-invalid=\"false\" value=\"\" type=\"text\" name=\"your-name\" \/><\/span>\n<\/p>\n<p>Tu e-mail (requerido)\n<\/p>\n<p><span class=\"wpcf7-form-control-wrap\" data-name=\"your-email-787\"><input size=\"40\" maxlength=\"400\" class=\"wpcf7-form-control wpcf7-email wpcf7-validates-as-required wpcf7-text wpcf7-validates-as-email\" aria-required=\"true\" aria-invalid=\"false\" value=\"\" type=\"email\" name=\"your-email-787\" \/><\/span>\n<\/p>\n<p>Asunto\n<\/p>\n<p><span class=\"wpcf7-form-control-wrap\" data-name=\"your-subject\"><input size=\"40\" maxlength=\"400\" class=\"wpcf7-form-control wpcf7-text\" aria-invalid=\"false\" value=\"\" type=\"text\" name=\"your-subject\" \/><\/span>\n<\/p>\n<p>Tu mensaje\n<\/p>\n<p><span class=\"wpcf7-form-control-wrap\" data-name=\"your-message\"><textarea cols=\"40\" rows=\"10\" maxlength=\"2000\" class=\"wpcf7-form-control wpcf7-textarea\" aria-invalid=\"false\" name=\"your-message\"><\/textarea><\/span>\n<\/p>\n<p>Curriculum Vitae\n<\/p>\n<p><span class=\"wpcf7-form-control-wrap\" data-name=\"file-99\"><input size=\"40\" class=\"wpcf7-form-control wpcf7-file\" accept=\".pdf\" aria-invalid=\"false\" type=\"file\" name=\"file-99\" \/><\/span>\n<\/p>\n<p><span class=\"wpcf7-form-control-wrap\" data-name=\"acceptance-195\"><span class=\"wpcf7-form-control wpcf7-acceptance\"><span class=\"wpcf7-list-item\"><input type=\"checkbox\" name=\"acceptance-195\" value=\"1\" aria-invalid=\"false\" \/><\/span><\/span><\/span> He leido y acepto la <span class=\"popmake-1532\">pol\u00edtica de privacidad<\/span>\n<\/p>\n\n<p><input class=\"wpcf7-form-control wpcf7-submit has-spinner\" type=\"submit\" value=\"Enviar\" \/>\n<\/p><div class=\"wpcf7-response-output\" aria-hidden=\"true\"><\/div>\n<\/form>\n<\/div>\n\n","protected":false},"excerpt":{"rendered":"<p>FUNCIONES Y RESPONSABILIDADES Cumplir con todos los procedimientos del Sistema integrado que le apliquen como trabajador de la organizaci\u00f3n, as\u00ed como con los procedimientos de trabajo espec\u00edficos y generales e instrucciones t\u00e9cnicas. Cumplimentar los registros del Sistema de Gesti\u00f3n que&hellip; <\/p>\n","protected":false},"author":1,"featured_media":0,"parent":992,"menu_order":9,"comment_status":"closed","ping_status":"closed","template":"","meta":{"footnotes":""},"class_list":["post-1947","page","type-page","status-publish","hentry"],"translation":{"provider":"WPGlobus","version":"3.0.2","language":"en","enabled_languages":["es","en"],"languages":{"es":{"title":true,"content":true,"excerpt":false},"en":{"title":false,"content":false,"excerpt":false}}},"_links":{"self":[{"href":"https:\/\/www.moncisa.com\/en\/wp-json\/wp\/v2\/pages\/1947","targetHints":{"allow":["GET"]}}],"collection":[{"href":"https:\/\/www.moncisa.com\/en\/wp-json\/wp\/v2\/pages"}],"about":[{"href":"https:\/\/www.moncisa.com\/en\/wp-json\/wp\/v2\/types\/page"}],"author":[{"embeddable":true,"href":"https:\/\/www.moncisa.com\/en\/wp-json\/wp\/v2\/users\/1"}],"replies":[{"embeddable":true,"href":"https:\/\/www.moncisa.com\/en\/wp-json\/wp\/v2\/comments?post=1947"}],"version-history":[{"count":1,"href":"https:\/\/www.moncisa.com\/en\/wp-json\/wp\/v2\/pages\/1947\/revisions"}],"predecessor-version":[{"id":1949,"href":"https:\/\/www.moncisa.com\/en\/wp-json\/wp\/v2\/pages\/1947\/revisions\/1949"}],"up":[{"embeddable":true,"href":"https:\/\/www.moncisa.com\/en\/wp-json\/wp\/v2\/pages\/992"}],"wp:attachment":[{"href":"https:\/\/www.moncisa.com\/en\/wp-json\/wp\/v2\/media?parent=1947"}],"curies":[{"name":"wp","href":"https:\/\/api.w.org\/{rel}","templated":true}]}}