{"id":1787,"date":"2020-06-26T13:41:09","date_gmt":"2020-06-26T13:41:09","guid":{"rendered":"http:\/\/www.moncisa.com\/?page_id=1787"},"modified":"2024-01-19T13:37:52","modified_gmt":"2024-01-19T13:37:52","slug":"oferta-de-empleo-oficiales-de-montajes-electricos-trabajos-en-tension","status":"publish","type":"page","link":"https:\/\/www.moncisa.com\/en\/ofertas-empleo\/oferta-de-empleo-oficiales-de-montajes-electricos-trabajos-en-tension\/","title":{"rendered":"Oferta de empleo &#8211; Oficiales de Montajes El\u00e9ctricos Trabajos en Tensi\u00f3n"},"content":{"rendered":"<h3>FUNCIONES Y RESPONSABILIDADES<\/h3>\n<span class=\"su-frame su-frame-align-right su-frame-style-default\"><span class=\"su-frame-inner\"><img loading=\"lazy\" decoding=\"async\" class=\"aligncenter wp-image-1038 size-medium\" src=\"http:\/\/www.moncisa.com\/wp-content\/uploads\/2015\/02\/2015-09-15-09h29m05-Large-306x205.jpg\" alt=\"\" width=\"300\" height=\"201\" srcset=\"https:\/\/www.moncisa.com\/wp-content\/uploads\/2015\/02\/2015-09-15-09h29m05-Large-306x205.jpg 306w, https:\/\/www.moncisa.com\/wp-content\/uploads\/2015\/02\/2015-09-15-09h29m05-Large.jpg 1620w\" sizes=\"auto, (max-width: 300px) 100vw, 300px\" \/><\/span><\/span>\n<ul>\n<li>Buscamos incorporar oficiales de Montajes El\u00e9ctricos para la zona Norte para la brigada de trabajos en Tensi\u00f3n.<\/li>\n<\/ul>\n<h3>CAPACITACI\u00d3N PARA EL PUESTO<\/h3>\n<ul>\n<li>Formaci\u00f3n te\u00f3rica espec\u00edfica para la realizaci\u00f3n de Trabajos en Tensi\u00f3n en Alta Tensi\u00f3n que comprenda al menos los fundamentos t\u00e9cnicos de los M\u00e9todos, los Procedimientos de Trabajo, los medios de prevenci\u00f3n y protecci\u00f3n a utilizar y las caracter\u00edsticas de los materiales y equipos de trabajo.<\/li>\n<li>Formaci\u00f3n y adiestramiento pr\u00e1ctico correspondiente a los M\u00e9todos de Trabajo y Procedimientos de Trabajo<\/li>\n<li>Movilidad territorial (en caso de ser necesario)<\/li>\n<\/ul>\n<h3>Experiencia<\/h3>\n<ul>\n<li>M\u00e9todo a Distancia<\/li>\n<\/ul>\n<h3>Habilidades<\/h3>\n<ul>\n<li>Trabajo en equipo, disciplina, orden<\/li>\n<\/ul>\n<h3>FORMULARIO DE CONTACTO<\/h3>\n\n<div class=\"wpcf7 no-js\" id=\"wpcf7-f994-o1\" lang=\"es-ES\" dir=\"ltr\" data-wpcf7-id=\"994\">\n<div class=\"screen-reader-response\"><p role=\"status\" aria-live=\"polite\" aria-atomic=\"true\"><\/p> <ul><\/ul><\/div>\n<form action=\"\/en\/wp-json\/wp\/v2\/pages\/1787#wpcf7-f994-o1\" method=\"post\" class=\"wpcf7-form init\" aria-label=\"Formulario de contacto\" enctype=\"multipart\/form-data\" novalidate=\"novalidate\" data-status=\"init\">\n<fieldset class=\"hidden-fields-container\"><input type=\"hidden\" name=\"_wpcf7\" value=\"994\" \/><input type=\"hidden\" name=\"_wpcf7_version\" value=\"6.1.5\" \/><input type=\"hidden\" name=\"_wpcf7_locale\" value=\"es_ES\" \/><input type=\"hidden\" name=\"_wpcf7_unit_tag\" value=\"wpcf7-f994-o1\" \/><input type=\"hidden\" name=\"_wpcf7_container_post\" value=\"0\" \/><input type=\"hidden\" name=\"_wpcf7_posted_data_hash\" value=\"\" \/><input type=\"hidden\" name=\"_wpcf7_recaptcha_response\" value=\"\" \/>\n<\/fieldset>\n<p>Tu nombre (requerido)\n<\/p>\n<p><span class=\"wpcf7-form-control-wrap\" data-name=\"your-name\"><input size=\"40\" maxlength=\"400\" class=\"wpcf7-form-control wpcf7-text wpcf7-validates-as-required\" aria-required=\"true\" aria-invalid=\"false\" value=\"\" type=\"text\" name=\"your-name\" \/><\/span>\n<\/p>\n<p>Tu e-mail (requerido)\n<\/p>\n<p><span class=\"wpcf7-form-control-wrap\" data-name=\"your-email-787\"><input size=\"40\" maxlength=\"400\" class=\"wpcf7-form-control wpcf7-email wpcf7-validates-as-required wpcf7-text wpcf7-validates-as-email\" aria-required=\"true\" aria-invalid=\"false\" value=\"\" type=\"email\" name=\"your-email-787\" \/><\/span>\n<\/p>\n<p>Asunto\n<\/p>\n<p><span class=\"wpcf7-form-control-wrap\" data-name=\"your-subject\"><input size=\"40\" maxlength=\"400\" class=\"wpcf7-form-control wpcf7-text\" aria-invalid=\"false\" value=\"\" type=\"text\" name=\"your-subject\" \/><\/span>\n<\/p>\n<p>Tu mensaje\n<\/p>\n<p><span class=\"wpcf7-form-control-wrap\" data-name=\"your-message\"><textarea cols=\"40\" rows=\"10\" maxlength=\"2000\" class=\"wpcf7-form-control wpcf7-textarea\" aria-invalid=\"false\" name=\"your-message\"><\/textarea><\/span>\n<\/p>\n<p>Curriculum Vitae\n<\/p>\n<p><span class=\"wpcf7-form-control-wrap\" data-name=\"file-99\"><input size=\"40\" class=\"wpcf7-form-control wpcf7-file\" accept=\".pdf\" aria-invalid=\"false\" type=\"file\" name=\"file-99\" \/><\/span>\n<\/p>\n<p><span class=\"wpcf7-form-control-wrap\" data-name=\"acceptance-195\"><span class=\"wpcf7-form-control wpcf7-acceptance\"><span class=\"wpcf7-list-item\"><input type=\"checkbox\" name=\"acceptance-195\" value=\"1\" aria-invalid=\"false\" \/><\/span><\/span><\/span> He leido y acepto la <span class=\"popmake-1532\">pol\u00edtica de privacidad<\/span>\n<\/p>\n\n<p><input class=\"wpcf7-form-control wpcf7-submit has-spinner\" type=\"submit\" value=\"Enviar\" \/>\n<\/p><div class=\"wpcf7-response-output\" aria-hidden=\"true\"><\/div>\n<\/form>\n<\/div>\n\n","protected":false},"excerpt":{"rendered":"<p>FUNCIONES Y RESPONSABILIDADES Buscamos incorporar oficiales de Montajes El\u00e9ctricos para la zona Norte para la brigada de trabajos en Tensi\u00f3n. CAPACITACI\u00d3N PARA EL PUESTO Formaci\u00f3n te\u00f3rica espec\u00edfica para la realizaci\u00f3n de Trabajos en Tensi\u00f3n en Alta Tensi\u00f3n que comprenda al&hellip; <\/p>\n","protected":false},"author":1,"featured_media":0,"parent":992,"menu_order":5,"comment_status":"closed","ping_status":"closed","template":"","meta":{"footnotes":""},"class_list":["post-1787","page","type-page","status-publish","hentry"],"translation":{"provider":"WPGlobus","version":"3.0.2","language":"en","enabled_languages":["es","en"],"languages":{"es":{"title":true,"content":true,"excerpt":false},"en":{"title":false,"content":false,"excerpt":false}}},"_links":{"self":[{"href":"https:\/\/www.moncisa.com\/en\/wp-json\/wp\/v2\/pages\/1787","targetHints":{"allow":["GET"]}}],"collection":[{"href":"https:\/\/www.moncisa.com\/en\/wp-json\/wp\/v2\/pages"}],"about":[{"href":"https:\/\/www.moncisa.com\/en\/wp-json\/wp\/v2\/types\/page"}],"author":[{"embeddable":true,"href":"https:\/\/www.moncisa.com\/en\/wp-json\/wp\/v2\/users\/1"}],"replies":[{"embeddable":true,"href":"https:\/\/www.moncisa.com\/en\/wp-json\/wp\/v2\/comments?post=1787"}],"version-history":[{"count":2,"href":"https:\/\/www.moncisa.com\/en\/wp-json\/wp\/v2\/pages\/1787\/revisions"}],"predecessor-version":[{"id":1791,"href":"https:\/\/www.moncisa.com\/en\/wp-json\/wp\/v2\/pages\/1787\/revisions\/1791"}],"up":[{"embeddable":true,"href":"https:\/\/www.moncisa.com\/en\/wp-json\/wp\/v2\/pages\/992"}],"wp:attachment":[{"href":"https:\/\/www.moncisa.com\/en\/wp-json\/wp\/v2\/media?parent=1787"}],"curies":[{"name":"wp","href":"https:\/\/api.w.org\/{rel}","templated":true}]}}