{"id":1682,"date":"2019-06-03T10:25:14","date_gmt":"2019-06-03T10:25:14","guid":{"rendered":"http:\/\/www.moncisa.com\/?page_id=1682"},"modified":"2026-03-25T15:28:34","modified_gmt":"2026-03-25T15:28:34","slug":"oferta-de-empleo-mozo-de-almacen-meco","status":"publish","type":"page","link":"https:\/\/www.moncisa.com\/en\/ofertas-empleo\/oferta-de-empleo-mozo-de-almacen-meco\/","title":{"rendered":"Oferta de empleo &#8211; Operador Log\u00edstico de Almac\u00e9n (Meco)"},"content":{"rendered":"<h3><\/h3>\n<h3><em><div class=\"su-heading su-heading-style-default su-heading-align-center\" id=\"\" style=\"font-size:13px;margin-bottom:20px\"><div class=\"su-heading-inner\">ESTA OFERTA NO EST\u00c1 ACTIVA<\/div><\/div><\/em><\/h3>\n<h3>FUNCIONES Y RESPONSABILIDADES<\/h3>\n<span class=\"su-frame su-frame-align-right su-frame-style-default\"><span class=\"su-frame-inner\"><img loading=\"lazy\" decoding=\"async\" class=\"aligncenter wp-image-600 size-medium\" src=\"http:\/\/www.moncisa.com\/wp-content\/uploads\/2015\/01\/OT834-3-306x205.jpg\" alt=\"\" width=\"300\" height=\"201\" srcset=\"https:\/\/www.moncisa.com\/wp-content\/uploads\/2015\/01\/OT834-3-306x205.jpg 306w, https:\/\/www.moncisa.com\/wp-content\/uploads\/2015\/01\/OT834-3.jpg 1152w\" sizes=\"auto, (max-width: 300px) 100vw, 300px\" \/><\/span><\/span>\n<ul>\n \t<li>Buscamos incorporar oficiales de Montajes El\u00e9ctricos para la zona de Olmedilla para realizar la asistencia al mantenimiento preventivo, correctivo y obras auxiliares de las instalaciones de electrificaci\u00f3n convencional.<\/li>\n \t<li>Cumplir con todos los procedimientos del Sistema integrado que le apliquen como trabajador\/trabajadora de la organizaci\u00f3n, as\u00ed como con los procedimientos de trabajo espec\u00edficos y generales e instrucciones t\u00e9cnicas.<\/li>\n<\/ul>\n<h3>CAPACITACI\u00d3N PARA EL PUESTO<\/h3>\n<ul>\n \t<li>No es necesario formaci\u00f3n espec\u00edfica previa<\/li>\n \t<li>Movilidad territorial (en caso de ser necesario)<\/li>\n<\/ul>\n<h4>Se valorar\u00e1<\/h4>\n<ul>\n \t<li>Formaci\u00f3n Recurso Preventivo nivel b\u00e1sico 60 H<\/li>\n \t<li>Experiencia en el sector<\/li>\n \t<li>Carnet de conducir<\/li>\n \t<li>Conocimientos generales sobre m\u00e1quinas y herramientas<\/li>\n \t<li>Conocimientos espec\u00edficos sobre motosierras y desbrozadoras<\/li>\n \t<li>Formaci\u00f3n en Riesgo El\u00e9ctrico<\/li>\n \t<li>Habilitaci\u00f3n como trabajador cualificado seg\u00fan RD 614\/2001<\/li>\n<\/ul>\n<h4>Experiencia<\/h4>\n<ul>\n \t<li>No es necesaria<\/li>\n<\/ul>\n<h4>Habilidades<\/h4>\n<ul>\n \t<li>Trabajo en equipo, disciplina, orden<\/li>\n<\/ul>\n<h3><\/h3>\n<h3>FUNCIONES Y RESPONSABILIDADES<\/h3>\n<span class=\"su-frame su-frame-align-right su-frame-style-default\"><span class=\"su-frame-inner\"><a href=\"http:\/\/www.moncisa.com\/wp-content\/uploads\/2019\/06\/FotoAlmacen.jpg\"><img loading=\"lazy\" decoding=\"async\" class=\"alignnone wp-image-1683 size-full\" src=\"http:\/\/www.moncisa.com\/wp-content\/uploads\/2019\/06\/FotoAlmacen.jpg\" alt=\"\" width=\"210\" height=\"187\" \/><\/a><\/span><\/span>\n<ul>\n \t<li>Recepcionar, verificar, todas las entradas de almac\u00e9n distribuirlas y almacenarlas<\/li>\n \t<li>Controlar todas las salidas de almac\u00e9n, hacer su seguimiento a destino<\/li>\n \t<li>Informar al responsable de almac\u00e9n de cualquier anomal\u00eda detectada en mercanc\u00edas o almacenaje<\/li>\n \t<li>Carga y Descarga de Camiones<\/li>\n \t<li>Orden y Limpieza de almac\u00e9n<\/li>\n \t<li>Revisi\u00f3n de instalaciones fijas del centro de trabajo<\/li>\n \t<li>Realizaci\u00f3n de Inventarios<\/li>\n<\/ul>\n<h3>CAPACITACI\u00d3N PARA EL PUESTO<\/h3>\n<ul>\n \t<li>Carn\u00e9 de carretillas (norma UNE) y manejo de las mismas<\/li>\n \t<li>Curso manejo Puente Gr\u00faa (Valorable)<\/li>\n \t<li>Permiso de conducir<\/li>\n \t<li>CAP (Valorable)<\/li>\n<\/ul>\n<a href=\"\/envio-de-cv\/\" class=\"su-button su-button-style-default\" style=\"color:#FFFFFF;background-color:#2873B9;border-color:#205c94;border-radius:6px\" target=\"_self\"><span style=\"color:#FFFFFF;padding:6px 18px;font-size:14px;line-height:21px;border-color:#699dce;border-radius:6px;text-shadow:none\"><i class=\"sui sui-envelope-o\" style=\"font-size:14px;color:#FFFFFF\"><\/i> Enviar CV<\/span><\/a>","protected":false},"excerpt":{"rendered":"<p>FUNCIONES Y RESPONSABILIDADES Buscamos incorporar oficiales de Montajes El\u00e9ctricos para la zona de Olmedilla para realizar la asistencia al mantenimiento preventivo, correctivo y obras auxiliares de las instalaciones de electrificaci\u00f3n convencional. Cumplir con todos los procedimientos del Sistema integrado que&hellip; <\/p>\n","protected":false},"author":1,"featured_media":0,"parent":992,"menu_order":4,"comment_status":"closed","ping_status":"closed","template":"","meta":{"footnotes":""},"categories":[9],"tags":[8],"class_list":["post-1682","page","type-page","status-publish","hentry","category-ofertas-empleo-actuales","tag-trabajo"],"translation":{"provider":"WPGlobus","version":"3.0.2","language":"en","enabled_languages":["es","en"],"languages":{"es":{"title":true,"content":true,"excerpt":false},"en":{"title":false,"content":false,"excerpt":false}}},"_links":{"self":[{"href":"https:\/\/www.moncisa.com\/en\/wp-json\/wp\/v2\/pages\/1682","targetHints":{"allow":["GET"]}}],"collection":[{"href":"https:\/\/www.moncisa.com\/en\/wp-json\/wp\/v2\/pages"}],"about":[{"href":"https:\/\/www.moncisa.com\/en\/wp-json\/wp\/v2\/types\/page"}],"author":[{"embeddable":true,"href":"https:\/\/www.moncisa.com\/en\/wp-json\/wp\/v2\/users\/1"}],"replies":[{"embeddable":true,"href":"https:\/\/www.moncisa.com\/en\/wp-json\/wp\/v2\/comments?post=1682"}],"version-history":[{"count":5,"href":"https:\/\/www.moncisa.com\/en\/wp-json\/wp\/v2\/pages\/1682\/revisions"}],"predecessor-version":[{"id":2214,"href":"https:\/\/www.moncisa.com\/en\/wp-json\/wp\/v2\/pages\/1682\/revisions\/2214"}],"up":[{"embeddable":true,"href":"https:\/\/www.moncisa.com\/en\/wp-json\/wp\/v2\/pages\/992"}],"wp:attachment":[{"href":"https:\/\/www.moncisa.com\/en\/wp-json\/wp\/v2\/media?parent=1682"}],"wp:term":[{"taxonomy":"category","embeddable":true,"href":"https:\/\/www.moncisa.com\/en\/wp-json\/wp\/v2\/categories?post=1682"},{"taxonomy":"post_tag","embeddable":true,"href":"https:\/\/www.moncisa.com\/en\/wp-json\/wp\/v2\/tags?post=1682"}],"curies":[{"name":"wp","href":"https:\/\/api.w.org\/{rel}","templated":true}]}}