{"id":1665,"date":"2019-05-21T15:33:19","date_gmt":"2019-05-21T15:33:19","guid":{"rendered":"http:\/\/www.moncisa.com\/?page_id=1665"},"modified":"2025-02-26T14:19:25","modified_gmt":"2025-02-26T14:19:25","slug":"oferta-de-empleo-tecnico_a-gestion-administrativa-laboral","status":"publish","type":"page","link":"https:\/\/www.moncisa.com\/en\/oferta-de-empleo-tecnico_a-gestion-administrativa-laboral\/","title":{"rendered":"Oferta de empleo &#8211; T\u00e9cnico\/a Gesti\u00f3n Administrativa Laboral (Asturias)"},"content":{"rendered":"<h3><em><div class=\"su-heading su-heading-style-default su-heading-align-center\" id=\"\" style=\"font-size:13px;margin-bottom:20px\"><div class=\"su-heading-inner\">ESTA OFERTA NO EST\u00c1 ACTIVA<\/div><\/div><\/em><\/h3>\n<p>Desde al a\u00f1o de su fundaci\u00f3n, 1989, Montajes y Obra Civil S.A. (MONCISA) se ha convertido en una empresa puntera en el campo de la energ\u00eda el\u00e9ctrica.<br \/>\nDesde su nacimiento MONCISA tiene como actividad principal la ejecuci\u00f3n de Proyectos, Construcci\u00f3n y Mantenimiento de Instalaciones el\u00e9ctricas de todo tipo. A partir de enero de 2005, la organizaci\u00f3n ampl\u00eda su campo de actuaci\u00f3n al terreno de las telecomunicaciones, siempre apostando por la Investigaci\u00f3n, el Desarrollo y la Innovaci\u00f3n Tecnol\u00f3gica en todos sus Campos de Actuaci\u00f3n para la Mejora del Servicio y la Satisfacci\u00f3n de sus Clientes.<br \/>\nEn estos momentos, precisamos incorporar al Departamento Laboral y RRHH un\/a administrativo\/a laboralista:<\/p>\n<h4>Funciones<\/h4>\n<span class=\"su-frame su-frame-align-right su-frame-style-default\"><span class=\"su-frame-inner\"><a href=\"http:\/\/www.moncisa.com\/wp-content\/uploads\/2019\/05\/AuxiliarAdministrativo.jpg\"><img loading=\"lazy\" decoding=\"async\" class=\"alignnone wp-image-1666 \" src=\"http:\/\/www.moncisa.com\/wp-content\/uploads\/2019\/05\/AuxiliarAdministrativo-300x227.jpg\" alt=\"\" width=\"211\" height=\"160\" srcset=\"https:\/\/www.moncisa.com\/wp-content\/uploads\/2019\/05\/AuxiliarAdministrativo-300x227.jpg 300w, https:\/\/www.moncisa.com\/wp-content\/uploads\/2019\/05\/AuxiliarAdministrativo.jpg 325w\" sizes=\"auto, (max-width: 211px) 100vw, 211px\" \/><\/a><\/span><\/span>\n<ul>\n<li>Apoyo en labores del departamento tanto en el \u00e1rea laboral como en el \u00e1rea de RRHH.<\/li>\n<li>Comunicaciones con asesor\u00eda laboral (altas, bajas, variaciones, procesos de incapacidad temporal, impuestos, seguros sociales, finiquitos, liquidaciones, embargos de n\u00f3mina, etc)<\/li>\n<li>Cierre mensual del proceso de n\u00f3mina.<\/li>\n<li>Conocimiento e interpretaci\u00f3n de convenios colectivos.<\/li>\n<li>Comunicaciones de apertura de centro de trabajo.<\/li>\n<li>Gestionar los procesos administrativos de gesti\u00f3n de personal, relaciones laborales y RRHH.<\/li>\n<li>Gesti\u00f3n ERP, Bases de Datos y Plataformas de clientes y contrataci\u00f3n.<\/li>\n<li>Comunicaciones con administraciones p\u00fablicas.<\/li>\n<li>Control administrativo de horas\/vacaciones\/permisos\/licencias.<\/li>\n<li>Archivo documentaci\u00f3n laboral empleados.<\/li>\n<li>Elaboraci\u00f3n de documentaci\u00f3n laboral de tr\u00e1mite administrativo.<\/li>\n<li>Registro de jornada.<\/li>\n<li>Verificaci\u00f3n de documentaci\u00f3n laboral de los trabajadores.<\/li>\n<li>Revisi\u00f3n de gastos y dietas.<\/li>\n<li>Gesti\u00f3n hoteles y desplazamientos.<\/li>\n<li>Atenci\u00f3n telef\u00f3nica a trabajadores.<\/li>\n<li>Gesti\u00f3n administrativa propia del puesto.<\/li>\n<\/ul>\n<h4>Requisitos<\/h4>\n<ul>\n<li>Formaci\u00f3n como T\u00e9cnico Gesti\u00f3n administrativa o T\u00e9cnico Superior en Administraci\u00f3n y Finanzas.<\/li>\n<li>Conocimientos y experiencia previa en funciones descritas.<\/li>\n<li>Conocimientos s\u00f3lidos en legislaci\u00f3n laboral espa\u00f1ola.<\/li>\n<li>Capacidad para realizar c\u00e1lculos y tr\u00e1mites relacionados con n\u00f3minas y seguridad social.<\/li>\n<li>Habilidades de comunicaci\u00f3n y capacidad para trabajar en equipo<\/li>\n<li>Orientaci\u00f3n al detalle y habilidades organizativas<\/li>\n<li>Ofim\u00e1tica: nivel avanzado de Excel, Word y Outlook<\/li>\n<li>Disponibilidad de incorporaci\u00f3n inmediata<\/li>\n<\/ul>\n<h4>Se ofrece<\/h4>\n<ul>\n<li>Contrato indefinido.<\/li>\n<li>Jornada de L a V de 8 a 13:30h y de 15:30 a 18h.<\/li>\n<li>Salario seg\u00fan Convenio.<\/li>\n<\/ul>\n<p>Si est\u00e1s interesado en formar parte de una Empresa de referencia en el \u00e1mbito nacional, con crecimiento y oportunidades, y crees que tu perfil se adapta a nuestras necesidades, estaremos encantados de recibir tu CV a trav\u00e9s de nuestra p\u00e1gina web <a href=\"https:\/\/www.moncisa.com\/\">https:\/\/www.moncisa.com\/<\/a>\u00a0o en el correo laboral@moncisa.com.<\/p>\n<h3>FORMULARIO DE CONTACTO<\/h3>\n\n<div class=\"wpcf7 no-js\" id=\"wpcf7-f994-o1\" lang=\"es-ES\" dir=\"ltr\" data-wpcf7-id=\"994\">\n<div class=\"screen-reader-response\"><p role=\"status\" aria-live=\"polite\" aria-atomic=\"true\"><\/p> <ul><\/ul><\/div>\n<form action=\"\/en\/wp-json\/wp\/v2\/pages\/1665#wpcf7-f994-o1\" method=\"post\" class=\"wpcf7-form init\" aria-label=\"Formulario de contacto\" enctype=\"multipart\/form-data\" novalidate=\"novalidate\" data-status=\"init\">\n<fieldset class=\"hidden-fields-container\"><input type=\"hidden\" name=\"_wpcf7\" value=\"994\" \/><input type=\"hidden\" name=\"_wpcf7_version\" value=\"6.1.5\" \/><input type=\"hidden\" name=\"_wpcf7_locale\" value=\"es_ES\" \/><input type=\"hidden\" name=\"_wpcf7_unit_tag\" value=\"wpcf7-f994-o1\" \/><input type=\"hidden\" name=\"_wpcf7_container_post\" value=\"0\" \/><input type=\"hidden\" name=\"_wpcf7_posted_data_hash\" value=\"\" \/><input type=\"hidden\" name=\"_wpcf7_recaptcha_response\" value=\"\" \/>\n<\/fieldset>\n<p>Tu nombre (requerido)\n<\/p>\n<p><span class=\"wpcf7-form-control-wrap\" data-name=\"your-name\"><input size=\"40\" maxlength=\"400\" class=\"wpcf7-form-control wpcf7-text wpcf7-validates-as-required\" aria-required=\"true\" aria-invalid=\"false\" value=\"\" type=\"text\" name=\"your-name\" \/><\/span>\n<\/p>\n<p>Tu e-mail (requerido)\n<\/p>\n<p><span class=\"wpcf7-form-control-wrap\" data-name=\"your-email-787\"><input size=\"40\" maxlength=\"400\" class=\"wpcf7-form-control wpcf7-email wpcf7-validates-as-required wpcf7-text wpcf7-validates-as-email\" aria-required=\"true\" aria-invalid=\"false\" value=\"\" type=\"email\" name=\"your-email-787\" \/><\/span>\n<\/p>\n<p>Asunto\n<\/p>\n<p><span class=\"wpcf7-form-control-wrap\" data-name=\"your-subject\"><input size=\"40\" maxlength=\"400\" class=\"wpcf7-form-control wpcf7-text\" aria-invalid=\"false\" value=\"\" type=\"text\" name=\"your-subject\" \/><\/span>\n<\/p>\n<p>Tu mensaje\n<\/p>\n<p><span class=\"wpcf7-form-control-wrap\" data-name=\"your-message\"><textarea cols=\"40\" rows=\"10\" maxlength=\"2000\" class=\"wpcf7-form-control wpcf7-textarea\" aria-invalid=\"false\" name=\"your-message\"><\/textarea><\/span>\n<\/p>\n<p>Curriculum Vitae\n<\/p>\n<p><span class=\"wpcf7-form-control-wrap\" data-name=\"file-99\"><input size=\"40\" class=\"wpcf7-form-control wpcf7-file\" accept=\".pdf\" aria-invalid=\"false\" type=\"file\" name=\"file-99\" \/><\/span>\n<\/p>\n<p><span class=\"wpcf7-form-control-wrap\" data-name=\"acceptance-195\"><span class=\"wpcf7-form-control wpcf7-acceptance\"><span class=\"wpcf7-list-item\"><input type=\"checkbox\" name=\"acceptance-195\" value=\"1\" aria-invalid=\"false\" \/><\/span><\/span><\/span> He leido y acepto la <span class=\"popmake-1532\">pol\u00edtica de privacidad<\/span>\n<\/p>\n\n<p><input class=\"wpcf7-form-control wpcf7-submit has-spinner\" type=\"submit\" value=\"Enviar\" \/>\n<\/p><div class=\"wpcf7-response-output\" aria-hidden=\"true\"><\/div>\n<\/form>\n<\/div>\n\n","protected":false},"excerpt":{"rendered":"<p>Desde al a\u00f1o de su fundaci\u00f3n, 1989, Montajes y Obra Civil S.A. (MONCISA) se ha convertido en una empresa puntera en el campo de la energ\u00eda el\u00e9ctrica. Desde su nacimiento MONCISA tiene como actividad principal la ejecuci\u00f3n de Proyectos, Construcci\u00f3n&hellip; <\/p>\n","protected":false},"author":1,"featured_media":0,"parent":0,"menu_order":1,"comment_status":"closed","ping_status":"closed","template":"","meta":{"footnotes":""},"class_list":["post-1665","page","type-page","status-publish","hentry"],"translation":{"provider":"WPGlobus","version":"3.0.2","language":"en","enabled_languages":["es","en"],"languages":{"es":{"title":true,"content":true,"excerpt":false},"en":{"title":false,"content":false,"excerpt":false}}},"_links":{"self":[{"href":"https:\/\/www.moncisa.com\/en\/wp-json\/wp\/v2\/pages\/1665","targetHints":{"allow":["GET"]}}],"collection":[{"href":"https:\/\/www.moncisa.com\/en\/wp-json\/wp\/v2\/pages"}],"about":[{"href":"https:\/\/www.moncisa.com\/en\/wp-json\/wp\/v2\/types\/page"}],"author":[{"embeddable":true,"href":"https:\/\/www.moncisa.com\/en\/wp-json\/wp\/v2\/users\/1"}],"replies":[{"embeddable":true,"href":"https:\/\/www.moncisa.com\/en\/wp-json\/wp\/v2\/comments?post=1665"}],"version-history":[{"count":16,"href":"https:\/\/www.moncisa.com\/en\/wp-json\/wp\/v2\/pages\/1665\/revisions"}],"predecessor-version":[{"id":2163,"href":"https:\/\/www.moncisa.com\/en\/wp-json\/wp\/v2\/pages\/1665\/revisions\/2163"}],"wp:attachment":[{"href":"https:\/\/www.moncisa.com\/en\/wp-json\/wp\/v2\/media?parent=1665"}],"curies":[{"name":"wp","href":"https:\/\/api.w.org\/{rel}","templated":true}]}}