{"id":1322,"date":"2017-12-01T09:45:56","date_gmt":"2017-12-01T09:45:56","guid":{"rendered":"http:\/\/www.moncisa.com\/?page_id=1322"},"modified":"2017-12-12T08:16:38","modified_gmt":"2017-12-12T08:16:38","slug":"sustitucion-de-los-apoyos-274-293-de-linea-a-220kv-telledo-villablino","status":"publish","type":"page","link":"https:\/\/www.moncisa.com\/en\/trabajos\/experiencia\/sustitucion-de-los-apoyos-274-293-de-linea-a-220kv-telledo-villablino\/","title":{"rendered":"Sustituci\u00f3n de los apoyos 274 &#8211; 293 de l\u00ednea a 220kV Telledo \u2013 Villablino"},"content":{"rendered":"<p><video poster=\"Telledo - Villablino\" controls=\"controls\" width=\"100%\" height=\"600\"><source src=\"http:\/\/www.moncisa.com\/MONCISATelledoVC.mp4\" type=\"video\/mp4\" \/><\/video><br \/>\nRED EL\u00c9CTRICA DE ESPA\u00d1A, S.A.U, dentro del plan de PRM\u00b4s para el a\u00f1o 2017, tiene prevista la sustituci\u00f3n de los apoyos de la l\u00ednea a 220kV Telledo \u2013 Villablino, comprendido entre los apoyos 274 \u2013 293.<\/p>\n<h6>Caracter\u00edsticas generales de la l\u00ednea<\/h6>\n<ul>\n<li>Inicio: Subestaci\u00f3n de Telledo (Asturias).<\/li>\n<li>Final: Subestaci\u00f3n Villablino (Castilla y Le\u00f3n).<\/li>\n<li>Tensi\u00f3n L\u00ednea: 220 kV.<\/li>\n<li>Altitud: Zona C.<\/li>\n<li>N\u00ba circuitos: 1.<\/li>\n<li>Disposici\u00f3n: Tresbolillo.<\/li>\n<li>N\u00ba de conductores por fase:1.<\/li>\n<li>Tipos conductores: GULL, de 25,38 mm \u00d8.<\/li>\n<li>N\u00ba de cables de tierra: 1.<\/li>\n<li>Tipos de cables de tierra: OPGW<\/li>\n<li>Cimentaciones: Macizos Independientes para cada pata del apoyo, de hormig\u00f3n en masa.<\/li>\n<li>Aislamiento: Vidrio.<\/li>\n<\/ul>\n<h6>Resumen de los trabajos realizados<\/h6>\n<ul>\n<li>Transporte de apoyos y materiales<\/li>\n<li>Reparaci\u00f3n y elaboraci\u00f3n de accesos. Explanaci\u00f3n y rellenado.<\/li>\n<li>Excavaci\u00f3n y hormigonado de cimentaciones.<\/li>\n<li>Reparaci\u00f3n de las peanas \/ cimentaci\u00f3n actual.<\/li>\n<li>Instalaci\u00f3n de puestas a tierra.<\/li>\n<li>Reparaci\u00f3n\/Conexionado de puestas a tierras.<\/li>\n<li>Armado e izado de los nuevos apoyos.<\/li>\n<li>Tendido de conductores y Fibra \u00d3ptica.<\/li>\n<li>Enganche, regulado y engrapado de conductores y CT.<\/li>\n<li>Instalaci\u00f3n de accesorios en conductores y cable de tierra, (separadores, amortiguadores, contrapesos, balizas, varillas de reparaci\u00f3n, empalmes de compresi\u00f3n en vano, etc.\u2026).<\/li>\n<li>Desmontaje de los apoyos actuales.<\/li>\n<li>Demolici\u00f3n de cimentaciones en los apoyos actuales.<\/li>\n<li>Restituci\u00f3n de caminos de acceso.<\/li>\n<li>Realizaci\u00f3n de plano AS-BUILT de planta y perfil del tramo de l\u00ednea afectado.<\/li>\n<\/ul>\n","protected":false},"excerpt":{"rendered":"<p>RED EL\u00c9CTRICA DE ESPA\u00d1A, S.A.U, dentro del plan de PRM\u00b4s para el a\u00f1o 2017, tiene prevista la sustituci\u00f3n de los apoyos de la l\u00ednea a 220kV Telledo \u2013 Villablino, comprendido entre los apoyos 274 \u2013 293. Caracter\u00edsticas generales de la&hellip; <\/p>\n","protected":false},"author":1,"featured_media":1319,"parent":41,"menu_order":0,"comment_status":"closed","ping_status":"closed","template":"","meta":{"footnotes":""},"categories":[5],"tags":[],"class_list":["post-1322","page","type-page","status-publish","has-post-thumbnail","hentry","category-experiencia-montajes"],"translation":{"provider":"WPGlobus","version":"3.0.2","language":"en","enabled_languages":["es","en"],"languages":{"es":{"title":true,"content":true,"excerpt":false},"en":{"title":false,"content":false,"excerpt":false}}},"_links":{"self":[{"href":"https:\/\/www.moncisa.com\/en\/wp-json\/wp\/v2\/pages\/1322","targetHints":{"allow":["GET"]}}],"collection":[{"href":"https:\/\/www.moncisa.com\/en\/wp-json\/wp\/v2\/pages"}],"about":[{"href":"https:\/\/www.moncisa.com\/en\/wp-json\/wp\/v2\/types\/page"}],"author":[{"embeddable":true,"href":"https:\/\/www.moncisa.com\/en\/wp-json\/wp\/v2\/users\/1"}],"replies":[{"embeddable":true,"href":"https:\/\/www.moncisa.com\/en\/wp-json\/wp\/v2\/comments?post=1322"}],"version-history":[{"count":5,"href":"https:\/\/www.moncisa.com\/en\/wp-json\/wp\/v2\/pages\/1322\/revisions"}],"predecessor-version":[{"id":1331,"href":"https:\/\/www.moncisa.com\/en\/wp-json\/wp\/v2\/pages\/1322\/revisions\/1331"}],"up":[{"embeddable":true,"href":"https:\/\/www.moncisa.com\/en\/wp-json\/wp\/v2\/pages\/41"}],"wp:featuredmedia":[{"embeddable":true,"href":"https:\/\/www.moncisa.com\/en\/wp-json\/wp\/v2\/media\/1319"}],"wp:attachment":[{"href":"https:\/\/www.moncisa.com\/en\/wp-json\/wp\/v2\/media?parent=1322"}],"wp:term":[{"taxonomy":"category","embeddable":true,"href":"https:\/\/www.moncisa.com\/en\/wp-json\/wp\/v2\/categories?post=1322"},{"taxonomy":"post_tag","embeddable":true,"href":"https:\/\/www.moncisa.com\/en\/wp-json\/wp\/v2\/tags?post=1322"}],"curies":[{"name":"wp","href":"https:\/\/api.w.org\/{rel}","templated":true}]}}