{"id":1102,"date":"2016-01-12T11:00:28","date_gmt":"2016-01-12T11:00:28","guid":{"rendered":"http:\/\/www.moncisa.com\/?page_id=1102"},"modified":"2016-10-07T07:20:40","modified_gmt":"2016-10-07T07:20:40","slug":"repotenciacion-en-lat-132kv-alovera-galapagos-guadalajaracabanillas-del-campo-galapagos-guadalajara-fte-alcarria-torrija","status":"publish","type":"page","link":"https:\/\/www.moncisa.com\/en\/trabajos\/experiencia\/repotenciacion-en-lat-132kv-alovera-galapagos-guadalajaracabanillas-del-campo-galapagos-guadalajara-fte-alcarria-torrija\/","title":{"rendered":"LAT 132 kv repowering in Alovera-Galapagos-Guadalajara \/ Cabanillas del Campo &#8211; Galapagos &#8211; Alcarria Guadalajara-Src-Torrija"},"content":{"rendered":"<p>IBERDROLA DISTRIBUCI\u00d3N EL\u00c9CTRICA, S.A.U. <span id=\"result_box\" class=\"\" lang=\"en\" tabindex=\"-1\"><span class=\"\">is<\/span> <span class=\"\">the holder of the<\/span> <span class=\"\">Power Line<\/span> <span class=\"\">high voltage<\/span> 132kV &#8220;Alovera<span class=\"\">&#8211;<\/span>Galapagos-Guadaljara \/ Cabanillas-Galapagos-Guadalajara-Src Alcarria-Torrija&#8221; for which the regulation of some span became necessary in order to maintain compliance with specifications imposed <span class=\"\">by the Regulation on<\/span> Technical Conditions and Safety Guarantees the High voltage Power Lines RD 223\/08.<br \/>\nThe work consisted in placing supplements, placement of props, performing false moorings and other solutions for the regulation of the openings of the line.<\/span><\/p>\n<h6>Caracter\u00edsticas de la L\u00ednea El\u00e9ctrica<\/h6>\n<h6>Power Line Features<\/h6>\n<p><strong>Meco-Alovera<\/strong><\/p>\n<ul>\n<li><span id=\"result_box\" class=\"\" lang=\"en\" tabindex=\"-1\"><span class=\"\">Voltage<\/span><\/span>: 132kV<\/li>\n<li><span id=\"result_box\" class=\"\" lang=\"en\" tabindex=\"-1\"><span class=\"\">Support<\/span> <span class=\"\">arrangement<\/span><\/span>: Double Flag<\/li>\n<li>Shares circuits with: Meco-Cabanillas and Alovera-Galapagos-Guadalajara<\/li>\n<li>Conductor: HEN<\/li>\n<li><span id=\"result_box\" class=\"short_text\" lang=\"en\" tabindex=\"-1\"><span class=\"\">Insulation<\/span><\/span>: Composite<\/li>\n<\/ul>\n<p>&nbsp;<\/p>\n<p><strong>Meco-Cabanillas<\/strong><\/p>\n<ul>\n<li><span id=\"result_box\" class=\"\" lang=\"en\" tabindex=\"-1\"><span class=\"\">Voltage<\/span><\/span>: 132kV<\/li>\n<li><span id=\"result_box\" class=\"\" lang=\"en\" tabindex=\"-1\"><span class=\"\">Support<\/span> <span class=\"\">arrangement<\/span><\/span>: Double Flag<\/li>\n<li>Shares circuits with: Meco-Alovera and Alovera-Galapagos-Guadalajara<\/li>\n<li>Conductor: LA-280 HAWK<\/li>\n<li><span id=\"result_box\" class=\"short_text\" lang=\"en\" tabindex=\"-1\"><span class=\"\">Insulation<\/span><\/span>: Composite<\/li>\n<\/ul>\n<p>&nbsp;<\/p>\n<p><strong>Alovera-Galapagos-Guadalajara<\/strong><\/p>\n<ul>\n<li><span id=\"result_box\" class=\"\" lang=\"en\" tabindex=\"-1\"><span class=\"\">Voltage<\/span><\/span>: 132kV<\/li>\n<li><span id=\"result_box\" class=\"\" lang=\"en\" tabindex=\"-1\"><span class=\"\">Support<\/span> <span class=\"\">arrangement<\/span><\/span>: Double Flag<\/li>\n<li>Shares circuits with: Meco-Alovera, Meco-Cabanillas and Cabanillas-Galapagos-Guadalajara<\/li>\n<li>Conductor: LA-280 HAWK<\/li>\n<li><span id=\"result_box\" class=\"short_text\" lang=\"en\" tabindex=\"-1\"><span class=\"\">Insulation<\/span><\/span>: Composite<\/li>\n<\/ul>\n<p><strong>Cabanillas-Galapagos-Guadalajara-Fte Alcarria-Torrija<\/strong><\/p>\n<ul>\n<li><span id=\"result_box\" class=\"\" lang=\"en\" tabindex=\"-1\"><span class=\"\">Voltage<\/span><\/span>: 132kV<\/li>\n<li><span id=\"result_box\" class=\"\" lang=\"en\" tabindex=\"-1\"><span class=\"\">Support<\/span> <span class=\"\">arrangement<\/span><\/span>: Double Flag<\/li>\n<li>Shares circuits with: Alovera-Galapagos-Guadalajara<\/li>\n<li>Conductor: LA-280 HAWK<span id=\"result_box\" class=\"short_text\" lang=\"en\" tabindex=\"-1\"><span class=\"\">Insulation<\/span><\/span><\/li>\n<\/ul>\n<h6><span id=\"result_box\" class=\"\" lang=\"en\" tabindex=\"-1\"><span class=\"\">Summary<\/span> <span class=\"\">of work done<\/span><\/span><\/h6>\n<ul>\n<li><span id=\"result_box\" class=\"\" lang=\"en\" tabindex=\"-1\"><span class=\"\">Transport of materials<\/span><\/span><\/li>\n<li><span id=\"result_box\" class=\"\" lang=\"en\" tabindex=\"-1\"><span class=\"\">Screed<\/span> support<\/span><\/li>\n<li><span id=\"result_box\" class=\"\" lang=\"en\" tabindex=\"-1\">Retrofitting of Foundations<\/span><\/li>\n<li><span id=\"result_box\" class=\"\" lang=\"en\" tabindex=\"-1\">Bending strings<\/span><\/li>\n<li><span id=\"result_box\" class=\"\" lang=\"en\" tabindex=\"-1\">Adequacy of access<\/span><\/li>\n<li><span id=\"result_box\" class=\"\" lang=\"en\" tabindex=\"-1\">Placing new supports<\/span><\/li>\n<li><span id=\"result_box\" class=\"\" lang=\"en\" tabindex=\"-1\">New supports foundation<\/span><\/li>\n<li><span id=\"result_box\" class=\"\" lang=\"en\" tabindex=\"-1\">Earthworks<\/span><\/li>\n<\/ul>\n[Best_Wordpress_Gallery id=&#8221;21&#8243; gal_title=&#8221;OT 622N&#8221;]\n","protected":false},"excerpt":{"rendered":"<p>IBERDROLA DISTRIBUCI\u00d3N EL\u00c9CTRICA, S.A.U. is the holder of the Power Line high voltage 132kV &#8220;Alovera&#8211;Galapagos-Guadaljara \/ Cabanillas-Galapagos-Guadalajara-Src Alcarria-Torrija&#8221; for which the regulation of some span became necessary in order to maintain compliance with specifications imposed by the Regulation on Technical&hellip; <\/p>\n","protected":false},"author":1,"featured_media":1149,"parent":41,"menu_order":0,"comment_status":"closed","ping_status":"closed","template":"","meta":{"footnotes":""},"categories":[5],"tags":[],"class_list":["post-1102","page","type-page","status-publish","has-post-thumbnail","hentry","category-experiencia-montajes"],"translation":{"provider":"WPGlobus","version":"3.0.2","language":"en","enabled_languages":["es","en"],"languages":{"es":{"title":true,"content":true,"excerpt":false},"en":{"title":true,"content":true,"excerpt":false}}},"_links":{"self":[{"href":"https:\/\/www.moncisa.com\/en\/wp-json\/wp\/v2\/pages\/1102","targetHints":{"allow":["GET"]}}],"collection":[{"href":"https:\/\/www.moncisa.com\/en\/wp-json\/wp\/v2\/pages"}],"about":[{"href":"https:\/\/www.moncisa.com\/en\/wp-json\/wp\/v2\/types\/page"}],"author":[{"embeddable":true,"href":"https:\/\/www.moncisa.com\/en\/wp-json\/wp\/v2\/users\/1"}],"replies":[{"embeddable":true,"href":"https:\/\/www.moncisa.com\/en\/wp-json\/wp\/v2\/comments?post=1102"}],"version-history":[{"count":5,"href":"https:\/\/www.moncisa.com\/en\/wp-json\/wp\/v2\/pages\/1102\/revisions"}],"predecessor-version":[{"id":1223,"href":"https:\/\/www.moncisa.com\/en\/wp-json\/wp\/v2\/pages\/1102\/revisions\/1223"}],"up":[{"embeddable":true,"href":"https:\/\/www.moncisa.com\/en\/wp-json\/wp\/v2\/pages\/41"}],"wp:featuredmedia":[{"embeddable":true,"href":"https:\/\/www.moncisa.com\/en\/wp-json\/wp\/v2\/media\/1149"}],"wp:attachment":[{"href":"https:\/\/www.moncisa.com\/en\/wp-json\/wp\/v2\/media?parent=1102"}],"wp:term":[{"taxonomy":"category","embeddable":true,"href":"https:\/\/www.moncisa.com\/en\/wp-json\/wp\/v2\/categories?post=1102"},{"taxonomy":"post_tag","embeddable":true,"href":"https:\/\/www.moncisa.com\/en\/wp-json\/wp\/v2\/tags?post=1102"}],"curies":[{"name":"wp","href":"https:\/\/api.w.org\/{rel}","templated":true}]}}