{"id":11,"date":"2014-11-10T07:11:34","date_gmt":"2014-11-10T07:11:34","guid":{"rendered":"http:\/\/192.168.10.50\/wordpress\/?page_id=11"},"modified":"2018-12-17T11:40:45","modified_gmt":"2018-12-17T11:40:45","slug":"actividad","status":"publish","type":"page","link":"https:\/\/www.moncisa.com\/en\/actividad\/","title":{"rendered":"Activity"},"content":{"rendered":"<p>Currently, MONCISA\u2019s main fields of work are:<\/p>\n<p>&nbsp;<\/p>\n<p><strong><em><span id=\"result_box\" class=\"\" lang=\"en\"><span title=\"Instalaciones de Energ\u00eda El\u00e9ctrica\n\n\u00a0\u00a0\u00a0\u00a0\">Electric Power installations<br \/>\n<\/span><\/span><\/em><\/strong><\/p>\n<ul>\n<li>Construction and maintenance of up to 400 kV overhead power lines<span class=\"su-frame su-frame-align-right su-frame-style-default\"><span class=\"su-frame-inner\"><a href=\"http:\/\/www.moncisa.com\/wp-content\/uploads\/2014\/11\/electricidad.jpg\"><img loading=\"lazy\" decoding=\"async\" class=\"alignnone size-medium wp-image-27\" src=\"http:\/\/www.moncisa.com\/wp-content\/uploads\/2014\/11\/electricidad-306x205.jpg\" alt=\"electricidad\" width=\"300\" height=\"200\" \/><\/a><\/span><\/span><\/li>\n<li>Construction and maintenance of up to 220 kV underground power lines<\/li>\n<li>Construction and maintenance of Electrical Substations<\/li>\n<li>Public lighting<\/li>\n<li>Live-line works at Low Voltage<\/li>\n<li>Live-line works at High Voltage up to 66 kV using the \u201cHot stick\u201d method<\/li>\n<li>Live-line works at High Voltage up to 400 kV using the \u201cPotential\u201d method<\/li>\n<\/ul>\n<p>&nbsp;<\/p>\n<p><strong><em>Optical fibre and coaxial cable installations<\/em><\/strong><\/p>\n<ul>\n<li>Overhead and underground optical fibre cable installation<\/li>\n<li>Overhead and underground coaxial cable installation<\/li>\n<li>Installation and comissioning of exterior nodes<\/li>\n<li>Installation of coaxial cables in apartment blocks<\/li>\n<li>Organization of optic frames (GGS type) for nodes<\/li>\n<li>Optical fibre splicing in nodes and junction boxes installation<\/li>\n<li>Optical fibre reflectometries<\/li>\n<li>Optical fibre power measures<\/li>\n<\/ul>\n<p><strong><em><span id=\"result_box\" class=\"\" lang=\"en\"><span title=\"Instalaciones de Telecomunicaciones\n\n\u00a0\u00a0\u00a0\u00a0\">Telecommunications installations<\/span><\/span><\/em><\/strong><\/p>\n<ul>\n<li><span id=\"result_box\" class=\"\" lang=\"en\"><span title=\"Construcci\u00f3n y Mantenimiento de Red HFCvlcsnap-2014-11-13-17h35m06s215\n\u00a0\u00a0\u00a0\u00a0\">Construction and Maintenance of HFC\u00a0Network <\/span><\/span><span class=\"su-frame su-frame-align-right su-frame-style-default\"><span class=\"su-frame-inner\"><a href=\"http:\/\/www.moncisa.com\/wp-content\/uploads\/2014\/11\/vlcsnap-2014-11-13-17h35m06s215.png\"><img loading=\"lazy\" decoding=\"async\" class=\"alignnone size-medium wp-image-284\" src=\"http:\/\/www.moncisa.com\/wp-content\/uploads\/2014\/11\/vlcsnap-2014-11-13-17h35m06s215-306x205.png\" alt=\"vlcsnap-2014-11-13-17h35m06s215\" width=\"300\" height=\"200\" \/><\/a><\/span><\/span><\/li>\n<li>Interior installations of HFC networks for housing<\/li>\n<li>Construction of distribution centers with FTTH technology<\/li>\n<li>Interior installations of FTTH networks for housing<\/li>\n<li>Installation and maintenance of FTTH technology networks<\/li>\n<\/ul>\n<p><em><span id=\"result_box\" class=\"\" lang=\"en\"><span title=\"L\u00edneas A\u00e9reas y Subterr\u00e1neas de Alta Tensi\u00f3n (hasta 400 kV)\n\u00a0\u00a0\u00a0\u00a0\">Engineering<\/span><\/span><\/em><\/p>\n<ul>\n<li>Overhead and underground High Voltage electric power lines (up to 400 kV)<\/li>\n<li>Overhead and underground Low Voltage electric power lines<\/li>\n<li>Design and planning of urban electrical networks<\/li>\n<li>Electrical Substations<\/li>\n<li>Public lighting<\/li>\n<li>Interior installations: Optical Fibre, Telephony, Hot Water Circuits and Heating installations, Electrical installation.<\/li>\n<li>Stress analysis for metal lattice structures<\/li>\n<li>Thermography<\/li>\n<li>Topographic surveys<\/li>\n<li>Environmental impact studies, biological and archeological studies<\/li>\n<li>Health and Safety studies<\/li>\n<\/ul>\n<p>&nbsp;<\/p>\n","protected":false},"excerpt":{"rendered":"<p>Currently, MONCISA\u2019s main fields of work are: &nbsp; Electric Power installations Construction and maintenance of up to 400 kV overhead power lines Construction and maintenance of up to 220 kV underground power lines Construction and maintenance of Electrical Substations Public&hellip; <\/p>\n","protected":false},"author":1,"featured_media":0,"parent":0,"menu_order":0,"comment_status":"closed","ping_status":"closed","template":"","meta":{"footnotes":""},"categories":[],"tags":[],"class_list":["post-11","page","type-page","status-publish","hentry"],"translation":{"provider":"WPGlobus","version":"3.0.2","language":"en","enabled_languages":["es","en"],"languages":{"es":{"title":true,"content":true,"excerpt":false},"en":{"title":true,"content":true,"excerpt":false}}},"_links":{"self":[{"href":"https:\/\/www.moncisa.com\/en\/wp-json\/wp\/v2\/pages\/11","targetHints":{"allow":["GET"]}}],"collection":[{"href":"https:\/\/www.moncisa.com\/en\/wp-json\/wp\/v2\/pages"}],"about":[{"href":"https:\/\/www.moncisa.com\/en\/wp-json\/wp\/v2\/types\/page"}],"author":[{"embeddable":true,"href":"https:\/\/www.moncisa.com\/en\/wp-json\/wp\/v2\/users\/1"}],"replies":[{"embeddable":true,"href":"https:\/\/www.moncisa.com\/en\/wp-json\/wp\/v2\/comments?post=11"}],"version-history":[{"count":14,"href":"https:\/\/www.moncisa.com\/en\/wp-json\/wp\/v2\/pages\/11\/revisions"}],"predecessor-version":[{"id":1599,"href":"https:\/\/www.moncisa.com\/en\/wp-json\/wp\/v2\/pages\/11\/revisions\/1599"}],"wp:attachment":[{"href":"https:\/\/www.moncisa.com\/en\/wp-json\/wp\/v2\/media?parent=11"}],"wp:term":[{"taxonomy":"category","embeddable":true,"href":"https:\/\/www.moncisa.com\/en\/wp-json\/wp\/v2\/categories?post=11"},{"taxonomy":"post_tag","embeddable":true,"href":"https:\/\/www.moncisa.com\/en\/wp-json\/wp\/v2\/tags?post=11"}],"curies":[{"name":"wp","href":"https:\/\/api.w.org\/{rel}","templated":true}]}}