{"id":1792,"date":"2020-07-20T11:04:01","date_gmt":"2020-07-20T11:04:01","guid":{"rendered":"http:\/\/www.moncisa.com\/?page_id=1792"},"modified":"2022-03-28T07:42:50","modified_gmt":"2022-03-28T07:42:50","slug":"oferta-de-empleo-oficial-de-telecomunicaciones-asturias-2","status":"publish","type":"page","link":"http:\/\/www.moncisa.com\/en\/oferta-de-empleo-oficial-de-telecomunicaciones-asturias-2\/","title":{"rendered":"Oferta de empleo &#8211; Oficial de Telecomunicaciones (Asturias)"},"content":{"rendered":"<h3><em><div class=\"su-heading su-heading-style-default su-heading-align-center\" id=\"\" style=\"font-size:13px;margin-bottom:20px\"><div class=\"su-heading-inner\">ESTA OFERTA NO EST\u00c1 ACTIVA<\/div><\/div><\/em><\/h3>\n<h3>FUNCIONES Y RESPONSABILIDADES<\/h3>\n<span class=\"su-frame su-frame-align-right su-frame-style-default\"><span class=\"su-frame-inner\"><a href=\"http:\/\/www.moncisa.com\/wp-content\/uploads\/2018\/05\/DSC00204.jpg\"><img loading=\"lazy\" decoding=\"async\" class=\"alignnone wp-image-1458 size-thumbnail\" src=\"http:\/\/www.moncisa.com\/wp-content\/uploads\/2018\/05\/DSC00204-150x150.jpg\" alt=\"\" width=\"150\" height=\"150\" \/><\/a><\/span><\/span>\n<ul>\n<li>Cumplir con todos los procedimientos del Sistema integrado que le apliquen como trabajador\/trabajadora de la organizaci\u00f3n, as\u00ed como con los procedimientos de trabajo espec\u00edficos y generales e instrucciones t\u00e9cnicas.<\/li>\n<li>Ejecutar las \u00f3rdenes de trabajo de instalaci\u00f3n \/ desinstalaci\u00f3n \/ incidencia en las viviendas de los abonados y establecer las comunicaciones necesarias con el cliente para la activaci\u00f3n de los equipos<\/li>\n<\/ul>\n<h3>CAPACITACI\u00d3N PARA EL PUESTO<\/h3>\n<h4>Formaci\u00f3n<\/h4>\n<ul>\n<li>Ciclo formativo de grado medio o superior relacionado con Telecomunicaciones, Electricidad o Electr\u00f3nica<\/li>\n<\/ul>\n<p>Se valorar\u00e1:<\/p>\n<ul>\n<li>Formaci\u00f3n en electricidad<\/li>\n<li>Experiencia en instalaci\u00f3n de tramas<\/li>\n<li>Experiencia en confecci\u00f3n de empalmes en repartidores \u00f3pticos y cajas de empalme basadas en tecnolog\u00eda Raychem<\/li>\n<li>Pilotos de seguridad habilitados por ADIF para la Red Convencional<\/li>\n<li>Experiencia como t\u00e9cnico GIS PNI<\/li>\n<\/ul>\n<h3>Experiencia<\/h3>\n<ul>\n<li>M\u00ednimo 6 meses de experiencia acreditada<\/li>\n<\/ul>\n<h3>Habilidades<\/h3>\n<ul>\n<li>Trabajo en equipo, disciplina, orden<\/li>\n<\/ul>\n<h3>CENTRO DE TRABAJO<\/h3>\n<ul>\n<li>Asturias<\/li>\n<li>Necesario disponibilidad de movilidad geogr\u00e1fica<\/li>\n<\/ul>\n<a href=\"\/envio-de-cv\/\" class=\"su-button su-button-style-default\" style=\"color:#FFFFFF;background-color:#2873B9;border-color:#205c94;border-radius:6px\" target=\"_self\"><span style=\"color:#FFFFFF;padding:6px 18px;font-size:14px;line-height:21px;border-color:#699dce;border-radius:6px;text-shadow:none\"><i class=\"sui sui-envelope-o\" style=\"font-size:14px;color:#FFFFFF\"><\/i> Enviar CV<\/span><\/a>\n","protected":false},"excerpt":{"rendered":"<p>FUNCIONES Y RESPONSABILIDADES Cumplir con todos los procedimientos del Sistema integrado que le apliquen como trabajador\/trabajadora de la organizaci\u00f3n, as\u00ed como con los procedimientos de trabajo espec\u00edficos y generales e instrucciones t\u00e9cnicas. Ejecutar las \u00f3rdenes de trabajo de instalaci\u00f3n \/&hellip; <\/p>\n","protected":false},"author":1,"featured_media":0,"parent":0,"menu_order":0,"comment_status":"closed","ping_status":"closed","template":"","meta":{"footnotes":""},"categories":[],"tags":[],"class_list":["post-1792","page","type-page","status-publish","hentry"],"translation":{"provider":"WPGlobus","version":"3.0.2","language":"en","enabled_languages":["es","en"],"languages":{"es":{"title":true,"content":true,"excerpt":false},"en":{"title":false,"content":false,"excerpt":false}}},"_links":{"self":[{"href":"http:\/\/www.moncisa.com\/en\/wp-json\/wp\/v2\/pages\/1792","targetHints":{"allow":["GET"]}}],"collection":[{"href":"http:\/\/www.moncisa.com\/en\/wp-json\/wp\/v2\/pages"}],"about":[{"href":"http:\/\/www.moncisa.com\/en\/wp-json\/wp\/v2\/types\/page"}],"author":[{"embeddable":true,"href":"http:\/\/www.moncisa.com\/en\/wp-json\/wp\/v2\/users\/1"}],"replies":[{"embeddable":true,"href":"http:\/\/www.moncisa.com\/en\/wp-json\/wp\/v2\/comments?post=1792"}],"version-history":[{"count":4,"href":"http:\/\/www.moncisa.com\/en\/wp-json\/wp\/v2\/pages\/1792\/revisions"}],"predecessor-version":[{"id":1971,"href":"http:\/\/www.moncisa.com\/en\/wp-json\/wp\/v2\/pages\/1792\/revisions\/1971"}],"wp:attachment":[{"href":"http:\/\/www.moncisa.com\/en\/wp-json\/wp\/v2\/media?parent=1792"}],"wp:term":[{"taxonomy":"category","embeddable":true,"href":"http:\/\/www.moncisa.com\/en\/wp-json\/wp\/v2\/categories?post=1792"},{"taxonomy":"post_tag","embeddable":true,"href":"http:\/\/www.moncisa.com\/en\/wp-json\/wp\/v2\/tags?post=1792"}],"curies":[{"name":"wp","href":"https:\/\/api.w.org\/{rel}","templated":true}]}}