{"id":1697,"date":"2019-09-20T14:20:10","date_gmt":"2019-09-20T14:20:10","guid":{"rendered":"http:\/\/www.moncisa.com\/?page_id=1697"},"modified":"2020-02-03T16:09:52","modified_gmt":"2020-02-03T16:09:52","slug":"oferta-de-empleo-oficial-de-telecomunicaciones-canarias","status":"publish","type":"page","link":"http:\/\/www.moncisa.com\/en\/oferta-de-empleo-oficial-de-telecomunicaciones-canarias\/","title":{"rendered":"Oferta de empleo &#8211; Oficial de Telecomunicaciones (Canarias)"},"content":{"rendered":"<h3><em><div class=\"su-heading su-heading-style-default su-heading-align-center\" id=\"\" style=\"font-size:13px;margin-bottom:20px\"><div class=\"su-heading-inner\">ESTA OFERTA NO EST\u00c1 ACTIVA<\/div><\/div><\/em><\/h3>\n<h3>FUNCIONES Y RESPONSABILIDADES<\/h3>\n<span class=\"su-frame su-frame-align-right su-frame-style-default\"><span class=\"su-frame-inner\"><a href=\"http:\/\/www.moncisa.com\/wp-content\/uploads\/2018\/05\/DSC00204.jpg\"><img loading=\"lazy\" decoding=\"async\" class=\"alignnone wp-image-1458 size-thumbnail\" src=\"http:\/\/www.moncisa.com\/wp-content\/uploads\/2018\/05\/DSC00204-150x150.jpg\" alt=\"\" width=\"150\" height=\"150\" \/><\/a><\/span><\/span>\n<ul>\n<li>Cumplir con todos los procedimientos del Sistema integrado que le apliquen como trabajador de la organizaci\u00f3n, as\u00ed como con los procedimientos de trabajo espec\u00edficos y generales e instrucciones t\u00e9cnicas.<\/li>\n<li>Ejecutar adecuadamente los trabajos de despliegue de red -a\u00e9rea, subterr\u00e1nea, fachada-, as\u00ed como las incidencias que surjan tanto en la red troncal como en la vivienda del cliente<\/li>\n<\/ul>\n<h3>CAPACITACI\u00d3N PARA EL PUESTO<\/h3>\n<h4>Formaci\u00f3n<\/h4>\n<ul>\n<li>Ciclo formativo de grado medio o superior relacionado con Telecomunicaciones, Electricidad o Electr\u00f3nica<\/li>\n<\/ul>\n<p>Se valorar\u00e1:<\/p>\n<ul>\n<li>Estar en posesi\u00f3n de la formaci\u00f3n TELCO<\/li>\n<li>Experiencia como fusionador de fibra \u00f3ptica as\u00ed como en la realizaci\u00f3n e interpretaci\u00f3n de medidas reflectom\u00e9tricas<\/li>\n<li>Aptitudes para el ascenso y trabajo en torres de telecomunicaciones y\/o energ\u00eda<\/li>\n<li>Asunci\u00f3n de retenes fuera del horario habitual de trabajo\/festivos\/fines de semana<\/li>\n<\/ul>\n<h4>Experiencia<\/h4>\n<ul>\n<li>No necesaria, valor\u00e1ndose m\u00ednimo 6 meses de experiencia acreditada<\/li>\n<\/ul>\n<h4>Centro de Trabajo<\/h4>\n<ul>\n<li>Gran Canaria<\/li>\n<li>Imprescindible disponibilidad para desplazamiento entre islas<\/li>\n<\/ul>\n<a href=\"\/envio-de-cv\/\" class=\"su-button su-button-style-default\" style=\"color:#FFFFFF;background-color:#2873B9;border-color:#205c94;border-radius:6px\" target=\"_self\"><span style=\"color:#FFFFFF;padding:6px 18px;font-size:14px;line-height:21px;border-color:#699dce;border-radius:6px;text-shadow:none\"><i class=\"sui sui-envelope-o\" style=\"font-size:14px;color:#FFFFFF\"><\/i> Enviar CV<\/span><\/a>\n","protected":false},"excerpt":{"rendered":"<p>FUNCIONES Y RESPONSABILIDADES Cumplir con todos los procedimientos del Sistema integrado que le apliquen como trabajador de la organizaci\u00f3n, as\u00ed como con los procedimientos de trabajo espec\u00edficos y generales e instrucciones t\u00e9cnicas. Ejecutar adecuadamente los trabajos de despliegue de red&hellip; <\/p>\n","protected":false},"author":1,"featured_media":0,"parent":0,"menu_order":0,"comment_status":"closed","ping_status":"closed","template":"","meta":{"footnotes":""},"categories":[],"tags":[],"class_list":["post-1697","page","type-page","status-publish","hentry"],"translation":{"provider":"WPGlobus","version":"3.0.2","language":"en","enabled_languages":["es","en"],"languages":{"es":{"title":true,"content":true,"excerpt":false},"en":{"title":false,"content":false,"excerpt":false}}},"_links":{"self":[{"href":"http:\/\/www.moncisa.com\/en\/wp-json\/wp\/v2\/pages\/1697","targetHints":{"allow":["GET"]}}],"collection":[{"href":"http:\/\/www.moncisa.com\/en\/wp-json\/wp\/v2\/pages"}],"about":[{"href":"http:\/\/www.moncisa.com\/en\/wp-json\/wp\/v2\/types\/page"}],"author":[{"embeddable":true,"href":"http:\/\/www.moncisa.com\/en\/wp-json\/wp\/v2\/users\/1"}],"replies":[{"embeddable":true,"href":"http:\/\/www.moncisa.com\/en\/wp-json\/wp\/v2\/comments?post=1697"}],"version-history":[{"count":2,"href":"http:\/\/www.moncisa.com\/en\/wp-json\/wp\/v2\/pages\/1697\/revisions"}],"predecessor-version":[{"id":1743,"href":"http:\/\/www.moncisa.com\/en\/wp-json\/wp\/v2\/pages\/1697\/revisions\/1743"}],"wp:attachment":[{"href":"http:\/\/www.moncisa.com\/en\/wp-json\/wp\/v2\/media?parent=1697"}],"wp:term":[{"taxonomy":"category","embeddable":true,"href":"http:\/\/www.moncisa.com\/en\/wp-json\/wp\/v2\/categories?post=1697"},{"taxonomy":"post_tag","embeddable":true,"href":"http:\/\/www.moncisa.com\/en\/wp-json\/wp\/v2\/tags?post=1697"}],"curies":[{"name":"wp","href":"https:\/\/api.w.org\/{rel}","templated":true}]}}