{"id":1417,"date":"2018-01-23T14:41:47","date_gmt":"2018-01-23T14:41:47","guid":{"rendered":"http:\/\/www.moncisa.com\/?page_id=1417"},"modified":"2022-01-25T16:58:58","modified_gmt":"2022-01-25T16:58:58","slug":"oferta-de-empleo-ingeniero-oficina-tecnica","status":"publish","type":"page","link":"http:\/\/www.moncisa.com\/en\/oferta-de-empleo-ingeniero-oficina-tecnica\/","title":{"rendered":"Oferta de Empleo Enero 2018 &#8211; Ingeniero Oficina T\u00e9cnica"},"content":{"rendered":"<h3><em><div class=\"su-heading su-heading-style-default su-heading-align-center\" id=\"\" style=\"font-size:13px;margin-bottom:20px\"><div class=\"su-heading-inner\">ESTA OFERTA NO EST\u00c1 ACTIVA<\/div><\/div><\/em><\/h3>\n<h3>FUNCIONES Y RESPONSABILIDADES<\/h3>\n<span class=\"su-frame su-frame-align-right su-frame-style-default\"><span class=\"su-frame-inner\"><a href=\"http:\/\/www.moncisa.com\/wp-content\/uploads\/2015\/02\/p2.png\"><img loading=\"lazy\" decoding=\"async\" class=\"alignnone wp-image-943 size-thumbnail\" src=\"http:\/\/www.moncisa.com\/wp-content\/uploads\/2015\/02\/p2-150x150.png\" alt=\"\" width=\"150\" height=\"150\" \/><\/a><\/span><\/span>\n<ul>\n<li>Cumplimentar los registros del Sistema de Gesti\u00f3n que le apliquen<\/li>\n<li>Cumplir con los documentos del SIG, con los requisitos legales que le apliquen, con la normativa interna de MONCISA y la normativa de nuestros clientes.<\/li>\n<li>Realizar proyectos, solicitando los recursos necesarios, y gestionando toda la documentaci\u00f3n t\u00e9cnica reglamentaria y particular de cada cliente<\/li>\n<li>Elaborar el PAC de Dise\u00f1o de los proyectos que se le asignen<\/li>\n<li>Elaboraci\u00f3n de ofertas t\u00e9cnicas y\/o dosieres t\u00e9cnicos, debidamente firmadas por el t\u00e9cnico ejecutor.<\/li>\n<li>Documentaci\u00f3n t\u00e9cnica asociada a obra<\/li>\n<li>Documentaci\u00f3n t\u00e9cnica asociada a ofertas<\/li>\n<li>Realizaci\u00f3n de proyectos y estudios, generalmente dentro del \u00e1mbito de las instalaciones de alta tensi\u00f3n (l\u00edneas a\u00e9reas)<\/li>\n<li>Soporte t\u00e9cnico de obra<\/li>\n<li>C\u00e1lculos de estructuras met\u00e1licas de celos\u00eda<\/li>\n<li>C\u00e1lculos de cimentaciones<\/li>\n<\/ul>\n<h3>CAPACITACI\u00d3N PARA EL PUESTO<\/h3>\n<h4>Formaci\u00f3n<\/h4>\n<ul>\n<li>Ingeniero Industrial preferentemente especialidad en estructuras o Grado en Ingenier\u00eda Mec\u00e1nica con intensificaci\u00f3n en estructuras + M\u00e1ster universitario en Ingenier\u00eda Industrial<\/li>\n<li>Manejo avanzado hojas de c\u00e1lculo (Excel), procesadores de textos (Word)<\/li>\n<li>Manejo avanzado en Autocad<\/li>\n<li>Manejo de Cypecad y\/o Trical<\/li>\n<\/ul>\n<h4>Experiencia<\/h4>\n<ul>\n<li>2 a\u00f1os en ejecuci\u00f3n de proyectos<\/li>\n<\/ul>\n<h4>Se valorar\u00e1<\/h4>\n<ul>\n<li>Conocimientos en TOWER y PLS-CADD<\/li>\n<li>Conocimiento de instalaciones a\u00e9reas de alta tensi\u00f3n (RD 223\/2008)<\/li>\n<li>Experiencia en el c\u00e1lculo de estructuras met\u00e1licas y cimentaciones normales y especiales<\/li>\n<li>Experiencia en el c\u00e1lculo de elementos finitos<\/li>\n<\/ul>\n<h3>FORMULARIO DE CONTACTO<\/h3>\n\n<div class=\"wpcf7 no-js\" id=\"wpcf7-f994-o1\" lang=\"es-ES\" dir=\"ltr\" data-wpcf7-id=\"994\">\n<div class=\"screen-reader-response\"><p role=\"status\" aria-live=\"polite\" aria-atomic=\"true\"><\/p> <ul><\/ul><\/div>\n<form action=\"\/en\/wp-json\/wp\/v2\/pages\/1417#wpcf7-f994-o1\" method=\"post\" class=\"wpcf7-form init\" aria-label=\"Formulario de contacto\" enctype=\"multipart\/form-data\" novalidate=\"novalidate\" data-status=\"init\">\n<fieldset class=\"hidden-fields-container\"><input type=\"hidden\" name=\"_wpcf7\" value=\"994\" \/><input type=\"hidden\" name=\"_wpcf7_version\" value=\"6.1.5\" \/><input type=\"hidden\" name=\"_wpcf7_locale\" value=\"es_ES\" \/><input type=\"hidden\" name=\"_wpcf7_unit_tag\" value=\"wpcf7-f994-o1\" \/><input type=\"hidden\" name=\"_wpcf7_container_post\" value=\"0\" \/><input type=\"hidden\" name=\"_wpcf7_posted_data_hash\" value=\"\" \/><input type=\"hidden\" name=\"_wpcf7_recaptcha_response\" value=\"\" \/>\n<\/fieldset>\n<p>Tu nombre (requerido)\n<\/p>\n<p><span class=\"wpcf7-form-control-wrap\" data-name=\"your-name\"><input size=\"40\" maxlength=\"400\" class=\"wpcf7-form-control wpcf7-text wpcf7-validates-as-required\" aria-required=\"true\" aria-invalid=\"false\" value=\"\" type=\"text\" name=\"your-name\" \/><\/span>\n<\/p>\n<p>Tu e-mail (requerido)\n<\/p>\n<p><span class=\"wpcf7-form-control-wrap\" data-name=\"your-email-787\"><input size=\"40\" maxlength=\"400\" class=\"wpcf7-form-control wpcf7-email wpcf7-validates-as-required wpcf7-text wpcf7-validates-as-email\" aria-required=\"true\" aria-invalid=\"false\" value=\"\" type=\"email\" name=\"your-email-787\" \/><\/span>\n<\/p>\n<p>Asunto\n<\/p>\n<p><span class=\"wpcf7-form-control-wrap\" data-name=\"your-subject\"><input size=\"40\" maxlength=\"400\" class=\"wpcf7-form-control wpcf7-text\" aria-invalid=\"false\" value=\"\" type=\"text\" name=\"your-subject\" \/><\/span>\n<\/p>\n<p>Tu mensaje\n<\/p>\n<p><span class=\"wpcf7-form-control-wrap\" data-name=\"your-message\"><textarea cols=\"40\" rows=\"10\" maxlength=\"2000\" class=\"wpcf7-form-control wpcf7-textarea\" aria-invalid=\"false\" name=\"your-message\"><\/textarea><\/span>\n<\/p>\n<p>Curriculum Vitae\n<\/p>\n<p><span class=\"wpcf7-form-control-wrap\" data-name=\"file-99\"><input size=\"40\" class=\"wpcf7-form-control wpcf7-file\" accept=\".pdf\" aria-invalid=\"false\" type=\"file\" name=\"file-99\" \/><\/span>\n<\/p>\n<p><span class=\"wpcf7-form-control-wrap\" data-name=\"acceptance-195\"><span class=\"wpcf7-form-control wpcf7-acceptance\"><span class=\"wpcf7-list-item\"><input type=\"checkbox\" name=\"acceptance-195\" value=\"1\" aria-invalid=\"false\" \/><\/span><\/span><\/span> He leido y acepto la <span class=\"popmake-1532\">pol\u00edtica de privacidad<\/span>\n<\/p>\n\n<p><input class=\"wpcf7-form-control wpcf7-submit has-spinner\" type=\"submit\" value=\"Enviar\" \/>\n<\/p><div class=\"wpcf7-response-output\" aria-hidden=\"true\"><\/div>\n<\/form>\n<\/div>\n\n","protected":false},"excerpt":{"rendered":"<p>FUNCIONES Y RESPONSABILIDADES Cumplimentar los registros del Sistema de Gesti\u00f3n que le apliquen Cumplir con los documentos del SIG, con los requisitos legales que le apliquen, con la normativa interna de MONCISA y la normativa de nuestros clientes. Realizar proyectos,&hellip; <\/p>\n","protected":false},"author":1,"featured_media":0,"parent":0,"menu_order":0,"comment_status":"closed","ping_status":"closed","template":"","meta":{"footnotes":""},"class_list":["post-1417","page","type-page","status-publish","hentry"],"translation":{"provider":"WPGlobus","version":"3.0.2","language":"en","enabled_languages":["es","en"],"languages":{"es":{"title":true,"content":true,"excerpt":false},"en":{"title":false,"content":false,"excerpt":false}}},"_links":{"self":[{"href":"http:\/\/www.moncisa.com\/en\/wp-json\/wp\/v2\/pages\/1417","targetHints":{"allow":["GET"]}}],"collection":[{"href":"http:\/\/www.moncisa.com\/en\/wp-json\/wp\/v2\/pages"}],"about":[{"href":"http:\/\/www.moncisa.com\/en\/wp-json\/wp\/v2\/types\/page"}],"author":[{"embeddable":true,"href":"http:\/\/www.moncisa.com\/en\/wp-json\/wp\/v2\/users\/1"}],"replies":[{"embeddable":true,"href":"http:\/\/www.moncisa.com\/en\/wp-json\/wp\/v2\/comments?post=1417"}],"version-history":[{"count":7,"href":"http:\/\/www.moncisa.com\/en\/wp-json\/wp\/v2\/pages\/1417\/revisions"}],"predecessor-version":[{"id":1916,"href":"http:\/\/www.moncisa.com\/en\/wp-json\/wp\/v2\/pages\/1417\/revisions\/1916"}],"wp:attachment":[{"href":"http:\/\/www.moncisa.com\/en\/wp-json\/wp\/v2\/media?parent=1417"}],"curies":[{"name":"wp","href":"https:\/\/api.w.org\/{rel}","templated":true}]}}