{"id":1397,"date":"2018-01-19T12:07:56","date_gmt":"2018-01-19T12:07:56","guid":{"rendered":"http:\/\/www.moncisa.com\/?page_id=1397"},"modified":"2018-01-19T12:15:27","modified_gmt":"2018-01-19T12:15:27","slug":"oferta-de-empleo-abril-2017-tecnico-en-sst-tecnico-formacion","status":"publish","type":"page","link":"http:\/\/www.moncisa.com\/en\/oferta-de-empleo-abril-2017-tecnico-en-sst-tecnico-formacion\/","title":{"rendered":"Oferta de empleo Abril 2017 &#8211; T\u00e9cnico en SST \/ T\u00e9cnico Formaci\u00f3n"},"content":{"rendered":"<h3><em><div class=\"su-heading su-heading-style-default su-heading-align-center\" id=\"\" style=\"font-size:13px;margin-bottom:20px\"><div class=\"su-heading-inner\">ESTA OFERTA NO EST\u00c1 ACTIVA<\/div><\/div><\/em><\/h3>\n<h3>Funciones y responsabilidades<\/h3>\n<ul>\n<li>Registrar y analizar los accidentes de trabajo, enfermedades profesionales e incidentes que se produzcan en los diferentes centros de trabajo de MONCISA, controlando los aspectos relacionados con la prevenci\u00f3n de riesgos laborales, de tal manera que se de cumplimiento a lo recogido en la legislaci\u00f3n vigente y a la normativa del cliente, emitiendo los informes pertinentes a Direcci\u00f3n y proponiendo las medidas preventivas que fueran necesarias<\/li>\n<li>Colaborar con la responsable del SST en el seguimiento de la implantaci\u00f3n y grado de eficacia de las acciones correctoras, informando peri\u00f3dicamente a los responsables del dpto. afectado y al responsable del SIG<\/li>\n<li>Establecer los pasos a seguir para garantizar a los trabajadores la vigilancia peri\u00f3dica de su estado de salud en funci\u00f3n de los riegos inherentes al trabajo<\/li>\n<li>Evaluar, junto con la responsable del SST, los riesgos de los distintos puestos de trabajo de MONCISA, mantener la base de datos actualizada y la documentaci\u00f3n vigente<\/li>\n<li>Establecer la metodolog\u00eda para garantizar la informaci\u00f3n, consulta y participaci\u00f3n de los trabajadores de Moncisa en materia de seguridad y salud, seg\u00fan legislaci\u00f3n vigente<\/li>\n<li>Coordinar el trabajo que se lleve a cabo en cuanto a coordinaci\u00f3n de actividades empresariales en MONCISA. Llevar un control de los trabajadores de las empresas colaboradoras y sus posibles subcontratas que accedan a los centros de trabajo.<\/li>\n<li>Realizar visitas a obra, auditor\u00edas e inspecciones, peri\u00f3dicamente y extraordinariamente si existieran incidencias o situaciones de riesgo grave inminente<\/li>\n<li>Revisar y aprobar los Planes de Seguridad de la Obra o procedimientos espec\u00edficos.<\/li>\n<li>Trasladar toda la informaci\u00f3n que afecte a los aspectos medioambientales al responsable del SIG e informar a \u00e9ste del riesgo de accidentes e impactos medioambientales derivados, o que pudieran derivarse, de los incidentes, accidentes y posibles situaciones de emergencia<\/li>\n<li>Realizar cursos de formaci\u00f3n tanto a nivel interno como a entidades externas<\/li>\n<li>Gesti\u00f3n documental en materia de formaci\u00f3n con subvenci\u00f3n privada o p\u00fablica a trav\u00e9s de la aplicaci\u00f3n de la Fundaci\u00f3n Estatal para la Formaci\u00f3n en el Empleo<strong> <\/strong><\/li>\n<\/ul>\n<h3>Capacitaci\u00f3n para el puesto<\/h3>\n<ul>\n<li>Licenciatura o Diplomatura (preferible carrera t\u00e9cnica)<\/li>\n<li>T\u00e9cnico superior en Prevenci\u00f3n de Riesgos Laborales. Especialidades: Seguridad en el Trabajo; Higiene Industrial; Ergonom\u00eda y Psicosociolog\u00eda Aplicada<\/li>\n<li>Coordinador de Seguridad y Salud<\/li>\n<li>Formaci\u00f3n en Calidad (ISO 9001), Medioambiente (ISO 14001) Y OHSAS 18001<\/li>\n<li>Auditor de SST y de Medioambiente<\/li>\n<li>Certificado de Aptitud Pedag\u00f3gica (CAP)<\/li>\n<li>Conocimiento y Manejo de la aplicaci\u00f3n de la Fundaci\u00f3n Estatal para la Formaci\u00f3n en el Empleo<\/li>\n<li>Ingl\u00e9s hablado y escrito m\u00ednimo nivel B2<\/li>\n<li>Ofim\u00e1tica nivel experto<strong> <\/strong><\/li>\n<\/ul>\n<h3>Experiencia<\/h3>\n<ul>\n<li> 2 a\u00f1os en servicio de prevenci\u00f3n o responsable del SST<\/li>\n<\/ul>\n<h3>Habilidades<\/h3>\n<ul>\n<li>Capacidad de comunicaci\u00f3n, capacidad de trabajo en equipo, manejo de conflictos, disciplina, orden.<\/li>\n<\/ul>\n<h3>Otros aspectos de inter\u00e9s<\/h3>\n<ul>\n<li>Se valorar\u00e1 el haber realizado trabajos y\/o estudios en pa\u00edses de habla inglesas<\/li>\n<li>Imprescindible disponibilidad para viajar<\/li>\n<li>Carnet de conducir B y veh\u00edculo propio<\/li>\n<\/ul>\n","protected":false},"excerpt":{"rendered":"<p>Funciones y responsabilidades Registrar y analizar los accidentes de trabajo, enfermedades profesionales e incidentes que se produzcan en los diferentes centros de trabajo de MONCISA, controlando los aspectos relacionados con la prevenci\u00f3n de riesgos laborales, de tal manera que se&hellip; <\/p>\n","protected":false},"author":1,"featured_media":0,"parent":0,"menu_order":0,"comment_status":"closed","ping_status":"closed","template":"","meta":{"footnotes":""},"categories":[],"tags":[],"class_list":["post-1397","page","type-page","status-publish","hentry"],"translation":{"provider":"WPGlobus","version":"3.0.2","language":"en","enabled_languages":["es","en"],"languages":{"es":{"title":true,"content":true,"excerpt":false},"en":{"title":false,"content":false,"excerpt":false}}},"_links":{"self":[{"href":"http:\/\/www.moncisa.com\/en\/wp-json\/wp\/v2\/pages\/1397","targetHints":{"allow":["GET"]}}],"collection":[{"href":"http:\/\/www.moncisa.com\/en\/wp-json\/wp\/v2\/pages"}],"about":[{"href":"http:\/\/www.moncisa.com\/en\/wp-json\/wp\/v2\/types\/page"}],"author":[{"embeddable":true,"href":"http:\/\/www.moncisa.com\/en\/wp-json\/wp\/v2\/users\/1"}],"replies":[{"embeddable":true,"href":"http:\/\/www.moncisa.com\/en\/wp-json\/wp\/v2\/comments?post=1397"}],"version-history":[{"count":2,"href":"http:\/\/www.moncisa.com\/en\/wp-json\/wp\/v2\/pages\/1397\/revisions"}],"predecessor-version":[{"id":1405,"href":"http:\/\/www.moncisa.com\/en\/wp-json\/wp\/v2\/pages\/1397\/revisions\/1405"}],"wp:attachment":[{"href":"http:\/\/www.moncisa.com\/en\/wp-json\/wp\/v2\/media?parent=1397"}],"wp:term":[{"taxonomy":"category","embeddable":true,"href":"http:\/\/www.moncisa.com\/en\/wp-json\/wp\/v2\/categories?post=1397"},{"taxonomy":"post_tag","embeddable":true,"href":"http:\/\/www.moncisa.com\/en\/wp-json\/wp\/v2\/tags?post=1397"}],"curies":[{"name":"wp","href":"https:\/\/api.w.org\/{rel}","templated":true}]}}