{"id":1390,"date":"2018-01-19T11:40:40","date_gmt":"2018-01-19T11:40:40","guid":{"rendered":"http:\/\/www.moncisa.com\/?page_id=1390"},"modified":"2018-01-19T11:56:20","modified_gmt":"2018-01-19T11:56:20","slug":"oferta-de-empleo-noviembre-2016-oferta-de-tecnico-en-sst-tecnico-formacion","status":"publish","type":"page","link":"http:\/\/www.moncisa.com\/en\/oferta-de-empleo-noviembre-2016-oferta-de-tecnico-en-sst-tecnico-formacion\/","title":{"rendered":"Oferta de empleo Noviembre 2016 &#8211; Oferta de T\u00e9cnico en SST \/ T\u00e9cnico Formaci\u00f3n"},"content":{"rendered":"<h3><em><div class=\"su-heading su-heading-style-default su-heading-align-center\" id=\"\" style=\"font-size:13px;margin-bottom:20px\"><div class=\"su-heading-inner\">ESTA OFERTA NO EST\u00c1 ACTIVA<\/div><\/div><\/em><\/h3>\n<h3>FUNCIONES Y RESPONSABILIDADES<\/h3>\n<ul>\n<li>Registrar y analizar los accidentes de trabajo, enfermedades profesionales e incidentes que se produzcan en los diferentes centros de trabajo de MONCISA.<\/li>\n<li>Colaborar con la responsable del SST en el seguimiento de la implantaci\u00f3n y grado de eficacia de las acciones correctoras, informando peri\u00f3dicamente a los responsables del dpto. afectado y al responsable del SIG.<\/li>\n<li>Establecer los pasos a seguir para garantizar a los trabajadores la vigilancia peri\u00f3dica de su estado de salud en funci\u00f3n de los riegos inherentes al trabajo.<\/li>\n<li>Evaluar, junto con la responsable del SST, los riesgos de los distintos puestos de trabajo de MONCISA, mantener la base de datos actualizada y la documentaci\u00f3n vigente.<\/li>\n<li>Establecer la metodolog\u00eda para garantizar la informaci\u00f3n, consulta y participaci\u00f3n de los trabajadores de Moncisa en materia de seguridad y salud, seg\u00fan legislaci\u00f3n vigente.<\/li>\n<\/ul>\n<p>\u00a0\t \t <\/p>\n<h3>CAPACITACI\u00d3N PARA EL PUESTO<\/h3>\n<h4>Formaci\u00f3n<\/h4>\n<ul>\n<li>Licenciatura o Diplomatura (preferible carrera t\u00e9cnica).<\/li>\n<\/ul>\n<p>Adicionalmente\t \t <\/p>\n<ul>\n<li>T\u00e9cnico superior en Prevenci\u00f3n de Riesgos Laborales. Especialidades: Seguridad en el Trabajo; Higiene Industrial; Ergonom\u00eda y Psicosociolog\u00eda Aplicada<\/li>\n<li>Coordinador de Seguridad y Salud<\/li>\n<li>Formaci\u00f3n en Calidad (ISO 9001), Medioambiente (ISO 14001) Y OHSAS 18001<\/li>\n<li>Auditor de SST y de Medioambiente<\/li>\n<li>Certificado de Aptitud Pedag\u00f3gica (CAP)<\/li>\n<li>Conocimiento y Manejo de la aplicaci\u00f3n de la Fundaci\u00f3n Estatal para la Formaci\u00f3n en el Empleo<\/li>\n<li>Ingl\u00e9s hablado y escrito m\u00ednimo nivel B2<\/li>\n<li>Ofim\u00e1tica nivel experto<\/li>\n<\/ul>\n<h4>Experiencia<\/h4>\n<ul>\n<li>Capacidad de comunicaci\u00f3n, capacidad de trabajo en equipo, manejo de conflictos, disciplina, orden.<\/li>\n<\/ul>\n<h4>Habilidades<\/h4>\n<ul>\n<li>Trabajo en equipo, disciplina, orden<\/li>\n<\/ul>\n<h4>Otros aspectos de inter\u00e9s<\/h4>\n<ul>\n<li>Se valorar\u00e1 el haber realizado trabajos y\/o estudios en pa\u00edses de habla inglesas.<\/li>\n<li>Imprescindible disponibilidad para viajar.<\/li>\n<li>Carnet de conducir B y veh\u00edculo propio<\/li>\n<\/ul>\n","protected":false},"excerpt":{"rendered":"<p>FUNCIONES Y RESPONSABILIDADES Registrar y analizar los accidentes de trabajo, enfermedades profesionales e incidentes que se produzcan en los diferentes centros de trabajo de MONCISA. Colaborar con la responsable del SST en el seguimiento de la implantaci\u00f3n y grado de&hellip; <\/p>\n","protected":false},"author":1,"featured_media":0,"parent":0,"menu_order":0,"comment_status":"closed","ping_status":"closed","template":"","meta":{"footnotes":""},"categories":[],"tags":[],"class_list":["post-1390","page","type-page","status-publish","hentry"],"translation":{"provider":"WPGlobus","version":"3.0.2","language":"en","enabled_languages":["es","en"],"languages":{"es":{"title":true,"content":true,"excerpt":false},"en":{"title":false,"content":false,"excerpt":false}}},"_links":{"self":[{"href":"http:\/\/www.moncisa.com\/en\/wp-json\/wp\/v2\/pages\/1390","targetHints":{"allow":["GET"]}}],"collection":[{"href":"http:\/\/www.moncisa.com\/en\/wp-json\/wp\/v2\/pages"}],"about":[{"href":"http:\/\/www.moncisa.com\/en\/wp-json\/wp\/v2\/types\/page"}],"author":[{"embeddable":true,"href":"http:\/\/www.moncisa.com\/en\/wp-json\/wp\/v2\/users\/1"}],"replies":[{"embeddable":true,"href":"http:\/\/www.moncisa.com\/en\/wp-json\/wp\/v2\/comments?post=1390"}],"version-history":[{"count":3,"href":"http:\/\/www.moncisa.com\/en\/wp-json\/wp\/v2\/pages\/1390\/revisions"}],"predecessor-version":[{"id":1394,"href":"http:\/\/www.moncisa.com\/en\/wp-json\/wp\/v2\/pages\/1390\/revisions\/1394"}],"wp:attachment":[{"href":"http:\/\/www.moncisa.com\/en\/wp-json\/wp\/v2\/media?parent=1390"}],"wp:term":[{"taxonomy":"category","embeddable":true,"href":"http:\/\/www.moncisa.com\/en\/wp-json\/wp\/v2\/categories?post=1390"},{"taxonomy":"post_tag","embeddable":true,"href":"http:\/\/www.moncisa.com\/en\/wp-json\/wp\/v2\/tags?post=1390"}],"curies":[{"name":"wp","href":"https:\/\/api.w.org\/{rel}","templated":true}]}}