{"id":1381,"date":"2018-01-19T11:14:31","date_gmt":"2018-01-19T11:14:31","guid":{"rendered":"http:\/\/www.moncisa.com\/?page_id=1381"},"modified":"2018-01-19T11:14:31","modified_gmt":"2018-01-19T11:14:31","slug":"oferta-de-empleo-junio-2015-responsable-de-almacen","status":"publish","type":"page","link":"http:\/\/www.moncisa.com\/en\/oferta-de-empleo-junio-2015-responsable-de-almacen\/","title":{"rendered":"Oferta de empleo Junio 2015 &#8211; Responsable de Almac\u00e9n"},"content":{"rendered":"<h3><em><div class=\"su-heading su-heading-style-default su-heading-align-center\" id=\"\" style=\"font-size:13px;margin-bottom:20px\"><div class=\"su-heading-inner\">ESTA OFERTA NO EST\u00c1 ACTIVA<\/div><\/div><\/em><\/h3>\n<h3>Funciones y responsabilidades<\/h3>\n<ul>\n<li>Coordinar y llevar a cabo el inventario de almac\u00e9n<\/li>\n<li>Recepci\u00f3n de pedidos<\/li>\n<li>Mantener actualizado el programa SIMON de almac\u00e9n: actualizar inventario, anotar entradas y salidas de almac\u00e9n, mantener actualizado el stocaje.<\/li>\n<li>Asignar c\u00f3digo y dar de alta en el programa de almac\u00e9n todas las entradas y salidas, para asegurar la trazabilidad de herramienta y material de MONCISA.<\/li>\n<li>Revisar que las \u00e1reas de almacenamiento est\u00e9n en las condiciones de orden y limpieza adecuadas, comprobando que no se deposita ning\u00fan residuo ajeno a las mismas.<\/li>\n<li>Llevar el control cualitativo y cuantitativo del almacenamiento temporal de residuos peligrosos y comunic\u00e1rselo al Responsable del SIG.<\/li>\n<li>Gestionar pedidos (elaborar solicitud de compra) de almac\u00e9n y taller, y comunicar al responsable de compras cualquier incidencia detectada tanto en los productos como en pedidos\/albaranes.<\/li>\n<li>Revisar y evaluar peri\u00f3dicamente el material almacenado, dando las directrices necesarias al personal de almac\u00e9n.<\/li>\n<li>Informar de las incidencias, o desviaciones del SIG a la responsable del SIG.<\/li>\n<li>Gestionar y supervisar, las revisiones realizadas en el taller de veh\u00edculos y maquinaria. Realizar las gestiones necesarias para la obtenci\u00f3n y renovaci\u00f3n de la ITV.<\/li>\n<li>Controlar la log\u00edstica de empresa en cuanto al porte de mercanc\u00edas y veh\u00edculos de empresa.<\/li>\n<li>Supervisar partes de trabajo de almac\u00e9n y taller.<\/li>\n<li>Realizar junto con el responsable de taller los planes de mantenimiento de veh\u00edculos, equipos y maquinaria.<\/li>\n<li>Introducir gastos de maquinaria y veh\u00edculos en la base de datos.<\/li>\n<li>Reclamar la documentaci\u00f3n necesaria el proveedor si el pedido lo requiere (ficha t\u00e9cnica, manuales, declaraciones CE\u2026).<\/li>\n<li>Cumplir con las pautas de Control Operacional y buenas pr\u00e1cticas Medio Ambientales de Moncisa<\/li>\n<\/ul>\n<h3>Capacitaci\u00f3n para el puesto<\/h3>\n<ul>\n<li>Diplomatura, Ingenier\u00eda T\u00e9cnica (preferible)<\/li>\n<li>Formaci\u00f3n espec\u00edfica en gesti\u00f3n de almacenes y l\u00f3gistica<\/li>\n<li>Ingl\u00e9s Hablado y Escrito Medio-Alto<\/li>\n<li>Manejo experto paquete Microsoft Office<\/li>\n<\/ul>\n<h3>Experiencia<\/h3>\n<ul>\n<li>2 a\u00f1os de conocimiento del entorno empresarial.<\/li>\n<\/ul>\n<h3>Habilidades<\/h3>\n<ul>\n<li>Capacidad de trabajo en equipo, resoluci\u00f3n de conflictos, disciplina, orden<\/li>\n<\/ul>\n<h3>Caracter\u00edsticas adicionales<\/h3>\n<ul>\n<li>Disponibilidad geogr\u00e1fica: Este puesto conlleva control administrativo de 4 Centros de Trabajo.<\/li>\n<li>Carnet de Conducir y veh\u00edculo propio.<\/li>\n<li>Buscamos una mujer\/hombre, ordenada\/o, de car\u00e1cter fuerte y dotes de mando.<\/li>\n<\/ul>\n","protected":false},"excerpt":{"rendered":"<p>Funciones y responsabilidades Coordinar y llevar a cabo el inventario de almac\u00e9n Recepci\u00f3n de pedidos Mantener actualizado el programa SIMON de almac\u00e9n: actualizar inventario, anotar entradas y salidas de almac\u00e9n, mantener actualizado el stocaje. Asignar c\u00f3digo y dar de alta&hellip; <\/p>\n","protected":false},"author":1,"featured_media":0,"parent":0,"menu_order":0,"comment_status":"closed","ping_status":"closed","template":"","meta":{"footnotes":""},"categories":[],"tags":[],"class_list":["post-1381","page","type-page","status-publish","hentry"],"translation":{"provider":"WPGlobus","version":"3.0.2","language":"en","enabled_languages":["es","en"],"languages":{"es":{"title":true,"content":true,"excerpt":false},"en":{"title":false,"content":false,"excerpt":false}}},"_links":{"self":[{"href":"http:\/\/www.moncisa.com\/en\/wp-json\/wp\/v2\/pages\/1381","targetHints":{"allow":["GET"]}}],"collection":[{"href":"http:\/\/www.moncisa.com\/en\/wp-json\/wp\/v2\/pages"}],"about":[{"href":"http:\/\/www.moncisa.com\/en\/wp-json\/wp\/v2\/types\/page"}],"author":[{"embeddable":true,"href":"http:\/\/www.moncisa.com\/en\/wp-json\/wp\/v2\/users\/1"}],"replies":[{"embeddable":true,"href":"http:\/\/www.moncisa.com\/en\/wp-json\/wp\/v2\/comments?post=1381"}],"version-history":[{"count":3,"href":"http:\/\/www.moncisa.com\/en\/wp-json\/wp\/v2\/pages\/1381\/revisions"}],"predecessor-version":[{"id":1384,"href":"http:\/\/www.moncisa.com\/en\/wp-json\/wp\/v2\/pages\/1381\/revisions\/1384"}],"wp:attachment":[{"href":"http:\/\/www.moncisa.com\/en\/wp-json\/wp\/v2\/media?parent=1381"}],"wp:term":[{"taxonomy":"category","embeddable":true,"href":"http:\/\/www.moncisa.com\/en\/wp-json\/wp\/v2\/categories?post=1381"},{"taxonomy":"post_tag","embeddable":true,"href":"http:\/\/www.moncisa.com\/en\/wp-json\/wp\/v2\/tags?post=1381"}],"curies":[{"name":"wp","href":"https:\/\/api.w.org\/{rel}","templated":true}]}}