{"id":1364,"date":"2018-01-19T10:33:10","date_gmt":"2018-01-19T10:33:10","guid":{"rendered":"http:\/\/www.moncisa.com\/?page_id=1364"},"modified":"2018-02-01T16:49:09","modified_gmt":"2018-02-01T16:49:09","slug":"oferta-de-empleo-oficial-de-montajes-electricos-valencia-murcia-madrid-asturias","status":"publish","type":"page","link":"http:\/\/www.moncisa.com\/en\/oferta-de-empleo-oficial-de-montajes-electricos-valencia-murcia-madrid-asturias\/","title":{"rendered":"Oferta de Empleo Enero 2018 &#8211; Oficial de Montajes El\u00e9ctricos\u00a0(Valencia, Murcia, Madrid, Asturias)"},"content":{"rendered":"<h3><em><div class=\"su-heading su-heading-style-default su-heading-align-center\" id=\"\" style=\"font-size:13px;margin-bottom:20px\"><div class=\"su-heading-inner\">ESTA OFERTA NO EST\u00c1 ACTIVA<\/div><\/div><\/em><\/h3>\n<h3>FUNCIONES Y RESPONSABILIDADES<\/h3>\n<span class=\"su-frame su-frame-align-right su-frame-style-default\"><span class=\"su-frame-inner\"><img loading=\"lazy\" decoding=\"async\" class=\"alignnone wp-image-1354 size-thumbnail\" src=\"http:\/\/www.moncisa.com\/wp-content\/uploads\/2015\/06\/P1100418_b-150x150.jpg\" alt=\"Ofertas Empleo Oficial de Montajes El\u00e9ctricos\" width=\"150\" height=\"150\" \/><\/span><\/span>\n<ul>\n<li>Cumplir con todos los procedimientos del Sistema integrado que le apliquen como trabajador de la organizaci\u00f3n, as\u00ed como con los procedimientos de trabajo espec\u00edficos y generales e instrucciones t\u00e9cnicas.<\/li>\n<\/ul>\n<h3>CAPACITACI\u00d3N PARA EL PUESTO<\/h3>\n<h4>Formaci\u00f3n<\/h4>\n<ul>\n<li>No es necesaria formaci\u00f3n espec\u00edfica previa.<\/li>\n<li>Se valorar\u00e1 formaci\u00f3n en T.E.T.A.T. y manejo de maquinaria de obra civil.<\/li>\n<\/ul>\n<h3>Experiencia<\/h3>\n<ul>\n<li>2 a\u00f1os en empresas de montajes el\u00e9ctricos.<\/li>\n<\/ul>\n<h3>Habilidades<\/h3>\n<ul>\n<li>Trabajo en equipo, disciplina, orden<\/li>\n<\/ul>\n<h3>CENTRO DE TRABAJO<\/h3>\n<ul>\n<li>Valencia, Murcia, Madrid, Asturias.<\/li>\n<\/ul>\n<h3>FORMULARIO DE CONTACTO<\/h3>\n\n<div class=\"wpcf7 no-js\" id=\"wpcf7-f994-o1\" lang=\"es-ES\" dir=\"ltr\" data-wpcf7-id=\"994\">\n<div class=\"screen-reader-response\"><p role=\"status\" aria-live=\"polite\" aria-atomic=\"true\"><\/p> <ul><\/ul><\/div>\n<form action=\"\/en\/wp-json\/wp\/v2\/pages\/1364#wpcf7-f994-o1\" method=\"post\" class=\"wpcf7-form init\" aria-label=\"Formulario de contacto\" enctype=\"multipart\/form-data\" novalidate=\"novalidate\" data-status=\"init\">\n<fieldset class=\"hidden-fields-container\"><input type=\"hidden\" name=\"_wpcf7\" value=\"994\" \/><input type=\"hidden\" name=\"_wpcf7_version\" value=\"6.1.5\" \/><input type=\"hidden\" name=\"_wpcf7_locale\" value=\"es_ES\" \/><input type=\"hidden\" name=\"_wpcf7_unit_tag\" value=\"wpcf7-f994-o1\" \/><input type=\"hidden\" name=\"_wpcf7_container_post\" value=\"0\" \/><input type=\"hidden\" name=\"_wpcf7_posted_data_hash\" value=\"\" \/><input type=\"hidden\" name=\"_wpcf7_recaptcha_response\" value=\"\" \/>\n<\/fieldset>\n<p>Tu nombre (requerido)\n<\/p>\n<p><span class=\"wpcf7-form-control-wrap\" data-name=\"your-name\"><input size=\"40\" maxlength=\"400\" class=\"wpcf7-form-control wpcf7-text wpcf7-validates-as-required\" aria-required=\"true\" aria-invalid=\"false\" value=\"\" type=\"text\" name=\"your-name\" \/><\/span>\n<\/p>\n<p>Tu e-mail (requerido)\n<\/p>\n<p><span class=\"wpcf7-form-control-wrap\" data-name=\"your-email-787\"><input size=\"40\" maxlength=\"400\" class=\"wpcf7-form-control wpcf7-email wpcf7-validates-as-required wpcf7-text wpcf7-validates-as-email\" aria-required=\"true\" aria-invalid=\"false\" value=\"\" type=\"email\" name=\"your-email-787\" \/><\/span>\n<\/p>\n<p>Asunto\n<\/p>\n<p><span class=\"wpcf7-form-control-wrap\" data-name=\"your-subject\"><input size=\"40\" maxlength=\"400\" class=\"wpcf7-form-control wpcf7-text\" aria-invalid=\"false\" value=\"\" type=\"text\" name=\"your-subject\" \/><\/span>\n<\/p>\n<p>Tu mensaje\n<\/p>\n<p><span class=\"wpcf7-form-control-wrap\" data-name=\"your-message\"><textarea cols=\"40\" rows=\"10\" maxlength=\"2000\" class=\"wpcf7-form-control wpcf7-textarea\" aria-invalid=\"false\" name=\"your-message\"><\/textarea><\/span>\n<\/p>\n<p>Curriculum Vitae\n<\/p>\n<p><span class=\"wpcf7-form-control-wrap\" data-name=\"file-99\"><input size=\"40\" class=\"wpcf7-form-control wpcf7-file\" accept=\".pdf\" aria-invalid=\"false\" type=\"file\" name=\"file-99\" \/><\/span>\n<\/p>\n<p><span class=\"wpcf7-form-control-wrap\" data-name=\"acceptance-195\"><span class=\"wpcf7-form-control wpcf7-acceptance\"><span class=\"wpcf7-list-item\"><input type=\"checkbox\" name=\"acceptance-195\" value=\"1\" aria-invalid=\"false\" \/><\/span><\/span><\/span> He leido y acepto la <span class=\"popmake-1532\">pol\u00edtica de privacidad<\/span>\n<\/p>\n\n<p><input class=\"wpcf7-form-control wpcf7-submit has-spinner\" type=\"submit\" value=\"Enviar\" \/>\n<\/p><div class=\"wpcf7-response-output\" aria-hidden=\"true\"><\/div>\n<\/form>\n<\/div>\n\n","protected":false},"excerpt":{"rendered":"<p>FUNCIONES Y RESPONSABILIDADES Cumplir con todos los procedimientos del Sistema integrado que le apliquen como trabajador de la organizaci\u00f3n, as\u00ed como con los procedimientos de trabajo espec\u00edficos y generales e instrucciones t\u00e9cnicas. CAPACITACI\u00d3N PARA EL PUESTO Formaci\u00f3n No es necesaria&hellip; <\/p>\n","protected":false},"author":1,"featured_media":1354,"parent":0,"menu_order":0,"comment_status":"closed","ping_status":"closed","template":"","meta":{"footnotes":""},"class_list":["post-1364","page","type-page","status-publish","has-post-thumbnail","hentry"],"translation":{"provider":"WPGlobus","version":"3.0.2","language":"en","enabled_languages":["es","en"],"languages":{"es":{"title":true,"content":true,"excerpt":false},"en":{"title":false,"content":false,"excerpt":false}}},"_links":{"self":[{"href":"http:\/\/www.moncisa.com\/en\/wp-json\/wp\/v2\/pages\/1364","targetHints":{"allow":["GET"]}}],"collection":[{"href":"http:\/\/www.moncisa.com\/en\/wp-json\/wp\/v2\/pages"}],"about":[{"href":"http:\/\/www.moncisa.com\/en\/wp-json\/wp\/v2\/types\/page"}],"author":[{"embeddable":true,"href":"http:\/\/www.moncisa.com\/en\/wp-json\/wp\/v2\/users\/1"}],"replies":[{"embeddable":true,"href":"http:\/\/www.moncisa.com\/en\/wp-json\/wp\/v2\/comments?post=1364"}],"version-history":[{"count":11,"href":"http:\/\/www.moncisa.com\/en\/wp-json\/wp\/v2\/pages\/1364\/revisions"}],"predecessor-version":[{"id":1459,"href":"http:\/\/www.moncisa.com\/en\/wp-json\/wp\/v2\/pages\/1364\/revisions\/1459"}],"wp:featuredmedia":[{"embeddable":true,"href":"http:\/\/www.moncisa.com\/en\/wp-json\/wp\/v2\/media\/1354"}],"wp:attachment":[{"href":"http:\/\/www.moncisa.com\/en\/wp-json\/wp\/v2\/media?parent=1364"}],"curies":[{"name":"wp","href":"https:\/\/api.w.org\/{rel}","templated":true}]}}